{"id":1485,"date":"2023-10-29T10:45:59","date_gmt":"2023-10-29T09:45:59","guid":{"rendered":"https:\/\/roosevelt.rexturbohosting.com\/?page_id=1485"},"modified":"2024-06-04T10:12:20","modified_gmt":"2024-06-04T08:12:20","slug":"vergaderzalen","status":"publish","type":"page","link":"https:\/\/www.hoteltheroosevelt.com\/de\/evenementen\/vergaderzalen\/","title":{"rendered":"Konferenzr\u00e4ume"},"content":{"rendered":"<div data-elementor-type=\"wp-page\" data-elementor-id=\"1485\" class=\"elementor elementor-1485\" data-elementor-post-type=\"page\">\n\t\t\t\t\t\t<section class=\"elementor-section elementor-top-section elementor-element elementor-element-52fe896 elementor-section-boxed elementor-section-height-default elementor-section-height-default\" data-id=\"52fe896\" data-element_type=\"section\" data-e-type=\"section\">\n\t\t\t\t\t\t<div class=\"elementor-container elementor-column-gap-default\">\n\t\t\t\t\t<div class=\"elementor-column elementor-col-66 elementor-top-column elementor-element elementor-element-d129416\" data-id=\"d129416\" data-element_type=\"column\" data-e-type=\"column\">\n\t\t\t<div class=\"elementor-widget-wrap elementor-element-populated\">\n\t\t\t\t\t\t<div class=\"elementor-element elementor-element-437cabd elementor-widget elementor-widget-text-editor\" data-id=\"437cabd\" data-element_type=\"widget\" data-e-type=\"widget\" data-widget_type=\"text-editor.default\">\n\t\t\t\t<div class=\"elementor-widget-container\">\n\t\t\t\t\t\t\t\t\t<div style=\"flex-basis: var(--flex-basis); flex-grow: var(--flex-grow); flex-shrink: var(--flex-shrink); order: var(--order); align-self: var(--align-self); flex-direction: var(--flex-direction); flex-wrap: var(--flex-wrap); justify-content: var(--justify-content); align-items: var(--align-items); align-content: var(--align-content); gap: var(--gap); --swiper-theme-color: #000; --swiper-navigation-size: 44px; --swiper-pagination-bullet-size: 6px; --swiper-pagination-bullet-horizontal-gap: 6px; --widgets-spacing: 20px 20px; width: 630px; color: #333333;\" data-id=\"7e38a96\" data-element_type=\"widget\" data-widget_type=\"heading.default\"><div style=\"transition: background .3s,border .3s,border-radius .3s,box-shadow .3s,transform var(--e-transform-transition-duration,.4s);\"><h1>Unsere Tagungsr\u00e4ume<\/h1><h2 style=\"font-family: 'Playfair Display', sans-serif; font-weight: 400;\">3 multifunktionale Tagungsr\u00e4ume<\/h2><\/div><\/div><div style=\"flex-basis: var(--flex-basis); flex-grow: var(--flex-grow); flex-shrink: var(--flex-shrink); order: var(--order); align-self: var(--align-self); flex-direction: var(--flex-direction); flex-wrap: var(--flex-wrap); justify-content: var(--justify-content); align-items: var(--align-items); align-content: var(--align-content); gap: var(--gap); --swiper-theme-color: #000; --swiper-navigation-size: 44px; --swiper-pagination-bullet-size: 6px; --swiper-pagination-bullet-horizontal-gap: 6px; --widgets-spacing: 20px 20px; font-family: Barlow, sans-serif; font-size: 16px; font-weight: 400; width: 630px;\" data-id=\"304e7e5\" data-element_type=\"widget\" data-widget_type=\"text-editor.default\"><div style=\"transition: background .3s,border .3s,border-radius .3s,box-shadow .3s,transform var(--e-transform-transition-duration,.4s);\"><p>Das Boutique Hotel The Roosevelt bietet 3 multifunktionale Tagungsr\u00e4ume 30 m vom Hauptgeb\u00e4ude entfernt. Die R\u00e4ume sind modern ausgestattet und verf\u00fcgen f\u00fcr Pr\u00e4sentationen \u00fcber einen Beamer oder einen LCD-Bildschirm. Alle Tagungsr\u00e4ume verf\u00fcgen au\u00dferdem \u00fcber Tageslicht, Klimaanlage, ausreichend Steckdosen und eine sichere Internetverbindung.<\/p><table style=\"width: 630px;\"><tbody><tr><td style=\"border-color: rgba(128, 128, 128, 0.5); background-color: rgba(128, 128, 128, 0.07);\" width=\"132\"><span style=\"font-weight: bolder;\">\u00a0<\/span><\/td><td style=\"border-color: rgba(128, 128, 128, 0.5); background-color: rgba(128, 128, 128, 0.07);\" width=\"123\"><span style=\"font-weight: bolder;\">Max. Anzahl der Personen<\/span><\/td><td style=\"border-color: rgba(128, 128, 128, 0.5); background-color: rgba(128, 128, 128, 0.07);\" width=\"66\"><span style=\"font-weight: bolder;\">U-Form<\/span><\/td><td style=\"border-color: rgba(128, 128, 128, 0.5); background-color: rgba(128, 128, 128, 0.07);\" width=\"66\"><span style=\"font-weight: bolder;\">Carre<\/span><\/td><td style=\"border-color: rgba(128, 128, 128, 0.5); background-color: rgba(128, 128, 128, 0.07);\" width=\"66\"><span style=\"font-weight: bolder;\">Theater<\/span><\/td><\/tr><tr><td style=\"border-color: rgba(128, 128, 128, 0.5);\" width=\"132\"><span style=\"font-weight: bolder;\">&#039;Raum 1&#039;<\/span><\/td><td style=\"border-color: rgba(128, 128, 128, 0.5);\" width=\"123\">55<\/td><td style=\"border-color: rgba(128, 128, 128, 0.5);\" width=\"66\">\u2705<\/td><td style=\"border-color: rgba(128, 128, 128, 0.5);\" width=\"66\">\u2705<\/td><td style=\"border-color: rgba(128, 128, 128, 0.5);\" width=\"66\">\u2705<\/td><\/tr><tr><td style=\"border-color: rgba(128, 128, 128, 0.5); background-color: rgba(128, 128, 128, 0.07);\" width=\"132\"><span style=\"font-weight: bolder;\">\u201eRaum 2\u201c<\/span><\/td><td style=\"border-color: rgba(128, 128, 128, 0.5); background-color: rgba(128, 128, 128, 0.07);\" width=\"123\">25<\/td><td style=\"border-color: rgba(128, 128, 128, 0.5); background-color: rgba(128, 128, 128, 0.07);\" width=\"66\">\u2705<\/td><td style=\"border-color: rgba(128, 128, 128, 0.5); background-color: rgba(128, 128, 128, 0.07);\" width=\"66\">\u2705<\/td><td style=\"border-color: rgba(128, 128, 128, 0.5); background-color: rgba(128, 128, 128, 0.07);\" width=\"66\">\u2705<\/td><\/tr><tr><td style=\"border-color: rgba(128, 128, 128, 0.5);\" width=\"132\"><span style=\"font-weight: bolder;\">\u201eRaum 3\u201c<\/span><\/td><td style=\"border-color: rgba(128, 128, 128, 0.5);\" width=\"123\">15<\/td><td style=\"border-color: rgba(128, 128, 128, 0.5);\" width=\"66\">\u2705<\/td><td style=\"border-color: rgba(128, 128, 128, 0.5);\" width=\"66\">\u2705<\/td><td style=\"border-color: rgba(128, 128, 128, 0.5);\" width=\"66\">\u2705<\/td><\/tr><\/tbody><\/table><\/div><\/div><div style=\"flex-basis: var(--flex-basis); flex-grow: var(--flex-grow); flex-shrink: var(--flex-shrink); order: var(--order); align-self: var(--align-self); flex-direction: var(--flex-direction); flex-wrap: var(--flex-wrap); justify-content: var(--justify-content); align-items: var(--align-items); align-content: var(--align-content); gap: var(--gap); --swiper-theme-color: #000; --swiper-navigation-size: 44px; --swiper-pagination-bullet-size: 6px; --swiper-pagination-bullet-horizontal-gap: 6px; --widgets-spacing: 20px 20px; width: 630px; color: #333333;\" data-id=\"3c056c6\" data-element_type=\"widget\" data-widget_type=\"heading.default\"><div style=\"transition: background .3s,border .3s,border-radius .3s,box-shadow .3s,transform var(--e-transform-transition-duration,.4s);\"><h2 style=\"font-family: 'Playfair Display', sans-serif; font-weight: 400;\">Ein oder mehrere Tage<\/h2><\/div><\/div><div style=\"flex-basis: var(--flex-basis); flex-grow: var(--flex-grow); flex-shrink: var(--flex-shrink); order: var(--order); align-self: var(--align-self); flex-direction: var(--flex-direction); flex-wrap: var(--flex-wrap); justify-content: var(--justify-content); align-items: var(--align-items); align-content: var(--align-content); gap: var(--gap); --swiper-theme-color: #000; --swiper-navigation-size: 44px; --swiper-pagination-bullet-size: 6px; --swiper-pagination-bullet-horizontal-gap: 6px; --widgets-spacing: 20px 20px; font-family: Barlow, sans-serif; font-size: 16px; font-weight: 400; width: 630px;\" data-id=\"06f69b6\" data-element_type=\"widget\" data-widget_type=\"text-editor.default\"><div style=\"transition: background .3s,border .3s,border-radius .3s,box-shadow .3s,transform var(--e-transform-transition-duration,.4s);\"><p>Selbstverst\u00e4ndlich besteht auch die M\u00f6glichkeit, mehrere Tage in unserem Hotel zu verbringen und wir organisieren gerne Ihr Mittag- und Abendessen. Sehen Sie sich unsere Tagungspakete an:<\/p><\/div><\/div>\t\t\t\t\t\t\t\t<\/div>\n\t\t\t\t<\/div>\n\t\t\t\t\t<\/div>\n\t\t<\/div>\n\t\t\t\t<div class=\"elementor-column elementor-col-33 elementor-top-column elementor-element elementor-element-5a8f9ec\" data-id=\"5a8f9ec\" data-element_type=\"column\" data-e-type=\"column\">\n\t\t\t<div class=\"elementor-widget-wrap elementor-element-populated\">\n\t\t\t\t\t\t<div class=\"elementor-element elementor-element-5a1e87e elementor-widget elementor-widget-image\" data-id=\"5a1e87e\" data-element_type=\"widget\" data-e-type=\"widget\" data-widget_type=\"image.default\">\n\t\t\t\t<div class=\"elementor-widget-container\">\n\t\t\t\t\t\t\t\t\t\t\t\t\t\t\t<img fetchpriority=\"high\" decoding=\"async\" width=\"800\" height=\"600\" src=\"https:\/\/www.hoteltheroosevelt.com\/wp-content\/uploads\/2023\/11\/IMG_5986-1024x768.jpeg\" class=\"attachment-large size-large wp-image-1555\" alt=\"\" srcset=\"https:\/\/www.hoteltheroosevelt.com\/wp-content\/uploads\/2023\/11\/IMG_5986-1024x768.jpeg 1024w, https:\/\/www.hoteltheroosevelt.com\/wp-content\/uploads\/2023\/11\/IMG_5986-300x225.jpeg 300w, https:\/\/www.hoteltheroosevelt.com\/wp-content\/uploads\/2023\/11\/IMG_5986-768x576.jpeg 768w, https:\/\/www.hoteltheroosevelt.com\/wp-content\/uploads\/2023\/11\/IMG_5986-1536x1152.jpeg 1536w, https:\/\/www.hoteltheroosevelt.com\/wp-content\/uploads\/2023\/11\/IMG_5986-scaled.jpeg 2048w, https:\/\/www.hoteltheroosevelt.com\/wp-content\/uploads\/2023\/11\/IMG_5986-16x12.jpeg 16w\" sizes=\"(max-width: 800px) 100vw, 800px\" title=\"\">\t\t\t\t\t\t\t\t\t\t\t\t\t\t\t<\/div>\n\t\t\t\t<\/div>\n\t\t\t\t\t<\/div>\n\t\t<\/div>\n\t\t\t\t\t<\/div>\n\t\t<\/section>\n\t\t\t\t<\/div>","protected":false},"excerpt":{"rendered":"<p>Onze vergaderzalen 3 multifunctionele vergaderzalen Boutique Hotel The Roosevelt biedt 3 multifunctionele vergaderzalen op 30m van het hoofdgebouw. De zalen beschikken over moderne apparatuur en beschikken over een beamer of LCD scherm voor presentaties.\u00a0Tevens hebben alle vergaderzalen daglicht, klimaatbeheersing, voldoende stroompunten en is er een beveiligde internetverbinding aanwezig. \u00a0 Max. aantal pers. U-vorm Carr\u00e9 Theater [&hellip;]<\/p>\n","protected":false},"author":3,"featured_media":0,"parent":273,"menu_order":3,"comment_status":"closed","ping_status":"closed","template":"","meta":{"footnotes":""},"class_list":["post-1485","page","type-page","status-publish","hentry"],"_links":{"self":[{"href":"https:\/\/www.hoteltheroosevelt.com\/de\/wp-json\/wp\/v2\/pages\/1485","targetHints":{"allow":["GET"]}}],"collection":[{"href":"https:\/\/www.hoteltheroosevelt.com\/de\/wp-json\/wp\/v2\/pages"}],"about":[{"href":"https:\/\/www.hoteltheroosevelt.com\/de\/wp-json\/wp\/v2\/types\/page"}],"author":[{"embeddable":true,"href":"https:\/\/www.hoteltheroosevelt.com\/de\/wp-json\/wp\/v2\/users\/3"}],"replies":[{"embeddable":true,"href":"https:\/\/www.hoteltheroosevelt.com\/de\/wp-json\/wp\/v2\/comments?post=1485"}],"version-history":[{"count":22,"href":"https:\/\/www.hoteltheroosevelt.com\/de\/wp-json\/wp\/v2\/pages\/1485\/revisions"}],"predecessor-version":[{"id":3012,"href":"https:\/\/www.hoteltheroosevelt.com\/de\/wp-json\/wp\/v2\/pages\/1485\/revisions\/3012"}],"up":[{"embeddable":true,"href":"https:\/\/www.hoteltheroosevelt.com\/de\/wp-json\/wp\/v2\/pages\/273"}],"wp:attachment":[{"href":"https:\/\/www.hoteltheroosevelt.com\/de\/wp-json\/wp\/v2\/media?parent=1485"}],"curies":[{"name":"wp","href":"https:\/\/api.w.org\/{rel}","templated":true}]}}