{"id":1843,"date":"2023-11-23T13:30:05","date_gmt":"2023-11-23T12:30:05","guid":{"rendered":"https:\/\/www.hoteltheroosevelt.com\/?page_id=1843"},"modified":"2024-11-25T16:56:16","modified_gmt":"2024-11-25T15:56:16","slug":"kerstmenu","status":"publish","type":"page","link":"https:\/\/www.hoteltheroosevelt.com\/de\/kerstmenu\/","title":{"rendered":"Weihnachten_alt_und_neu"},"content":{"rendered":"<div data-elementor-type=\"wp-page\" data-elementor-id=\"1843\" class=\"elementor elementor-1843\" data-elementor-post-type=\"page\">\n\t\t\t\t\t\t<section class=\"elementor-section elementor-top-section elementor-element elementor-element-56420fd elementor-section-boxed elementor-section-height-default elementor-section-height-default\" data-id=\"56420fd\" data-element_type=\"section\" data-e-type=\"section\">\n\t\t\t\t\t\t<div class=\"elementor-container elementor-column-gap-default\">\n\t\t\t\t\t<div class=\"elementor-column elementor-col-100 elementor-top-column elementor-element elementor-element-ed73299\" data-id=\"ed73299\" data-element_type=\"column\" data-e-type=\"column\">\n\t\t\t<div class=\"elementor-widget-wrap elementor-element-populated\">\n\t\t\t\t\t\t<div class=\"elementor-element elementor-element-4a1da16 elementor-widget elementor-widget-heading\" data-id=\"4a1da16\" data-element_type=\"widget\" data-e-type=\"widget\" data-widget_type=\"heading.default\">\n\t\t\t\t<div class=\"elementor-widget-container\">\n\t\t\t\t\t<h2 class=\"elementor-heading-title elementor-size-default\"><h2 data-elementor-setting-key=\"title\" data-pen-placeholder=\"Type Here...\" style=\"font-family: Barlow, sans-serif;font-weight: var( --e-global-typography-primary-font-weight )\"><\/h2><h1 data-elementor-setting-key=\"title\" data-pen-placeholder=\"Type Here...\">Zwischen Weihnachten und Silvester im Roosevelt<\/h1><\/h2>\t\t\t\t<\/div>\n\t\t\t\t<\/div>\n\t\t\t\t\t<\/div>\n\t\t<\/div>\n\t\t\t\t\t<\/div>\n\t\t<\/section>\n\t\t\t\t<section class=\"elementor-section elementor-top-section elementor-element elementor-element-ef7655e elementor-section-boxed elementor-section-height-default elementor-section-height-default\" data-id=\"ef7655e\" data-element_type=\"section\" data-e-type=\"section\">\n\t\t\t\t\t\t<div class=\"elementor-container elementor-column-gap-default\">\n\t\t\t\t\t<div class=\"elementor-column elementor-col-50 elementor-top-column elementor-element elementor-element-c5f1c8c\" data-id=\"c5f1c8c\" data-element_type=\"column\" data-e-type=\"column\">\n\t\t\t<div class=\"elementor-widget-wrap elementor-element-populated\">\n\t\t\t\t\t\t<div class=\"elementor-element elementor-element-c5d76f3 elementor-widget elementor-widget-video\" data-id=\"c5d76f3\" data-element_type=\"widget\" data-e-type=\"widget\" data-settings=\"{&quot;video_type&quot;:&quot;vimeo&quot;,&quot;loop&quot;:&quot;yes&quot;}\" data-widget_type=\"video.default\">\n\t\t\t\t<div class=\"elementor-widget-container\">\n\t\t\t\t\t\t\t<div class=\"elementor-wrapper elementor-open-inline\">\n\t\t\t<iframe class=\"elementor-video-iframe\" allowfullscreen allow=\"clipboard-write\" title=\"vimeo Video Player\" src=\"https:\/\/player.vimeo.com\/video\/887316914?color&amp;autopause=0&amp;loop=1&amp;muted=0&amp;title=0&amp;portrait=0&amp;byline=0#t=\" data-no-translation-title=\"\"><\/iframe>\t\t<\/div>\n\t\t\t\t\t\t<\/div>\n\t\t\t\t<\/div>\n\t\t\t\t\t<\/div>\n\t\t<\/div>\n\t\t\t\t<div class=\"elementor-column elementor-col-50 elementor-top-column elementor-element elementor-element-a47457e\" data-id=\"a47457e\" data-element_type=\"column\" data-e-type=\"column\">\n\t\t\t<div class=\"elementor-widget-wrap elementor-element-populated\">\n\t\t\t\t\t\t<div class=\"elementor-element elementor-element-9f5022f elementor-widget elementor-widget-heading\" data-id=\"9f5022f\" data-element_type=\"widget\" data-e-type=\"widget\" data-widget_type=\"heading.default\">\n\t\t\t\t<div class=\"elementor-widget-container\">\n\t\t\t\t\t<h2 class=\"elementor-heading-title elementor-size-default\">Willkommen im \u201eThe Lounge Wine &amp; Dine\u201c<\/h2>\t\t\t\t<\/div>\n\t\t\t\t<\/div>\n\t\t\t\t<div class=\"elementor-element elementor-element-3910f7a elementor-widget elementor-widget-text-editor\" data-id=\"3910f7a\" data-element_type=\"widget\" data-e-type=\"widget\" data-widget_type=\"text-editor.default\">\n\t\t\t\t<div class=\"elementor-widget-container\">\n\t\t\t\t\t\t\t\t\t<p><strong>In unserem Hotel entdecken Sie The Lounge Wine &amp; Dine, den pulsierenden Hotspot und Treffpunkt schlechthin. Der Innenraum h\u00fcllt Sie in eine einladende W\u00e4rme und Atmosph\u00e4re und macht ihn zum idealen Ort zum Entspannen und Genie\u00dfen. Die Lounge hat sich im bezaubernden Middelburg einen hervorragenden Ruf erworben.<\/strong><\/p><p style=\"margin: 0cm; font-size: 10pt; font-family: Calibri, sans-serif; caret-color: #212121; color: #212121;\"><span style=\"font-size: 11pt; line-height: 1.2;\">Da die Feiertage immer n\u00e4her r\u00fccken, m\u00f6chten wir Sie herzlich begr\u00fc\u00dfen und Sie \u00fcber die kulinarischen Erlebnisse informieren, die wir f\u00fcr Ihren Aufenthalt zwischen Weihnachten und Silvester zusammengestellt haben.\u00a0<\/span><\/p><p style=\"margin: 0cm; font-size: 10pt; font-family: Calibri, sans-serif; caret-color: #212121; color: #212121;\"><b><span style=\"font-size: 11pt; line-height: 1.2;\">\u00a0<\/span><\/b><\/p><p style=\"margin: 0cm; font-size: 10pt; font-family: Calibri, sans-serif; caret-color: #212121; color: #212121;\"><b><span style=\"font-size: 11pt; font-family: 'Apple Color Emoji'; line-height: 1.2;\">\ud83c\udf85\ud83c\udffc\ud83c\udf84<\/span><\/b><b><span style=\"font-size: 11pt; line-height: 1.2;\">Weihnachtsessen am 26. Dezember<\/span><\/b><\/p><p style=\"margin: 0cm; font-size: 10pt; font-family: Calibri, sans-serif; caret-color: #212121; color: #212121;\"><span style=\"font-size: 11pt; line-height: 1.2;\">Am zweiten Weihnachtstag, dem 26. Dezember, laden wir Sie zu einem bezaubernden Weihnachtsessen ein, das Sie auf Wunsch auf bis zu 6 G\u00e4nge erweitern k\u00f6nnen. Lassen Sie sich von unserem K\u00fcchenchef \u00fcberraschen und genie\u00dfen Sie einen unvergesslichen Abend voller leckerer Highlights. Hier finden Sie die Speisekarte und weitere Informationen <a href=\"https:\/\/www.hoteltheroosevelt.com\/de\/kerst-en-oud-nieuw\/\">Hier<\/a><br \/><a href=\"https:\/\/module.lafourchette.com\/nl_NL\/module\/701143-5e4e6#\/4499063\/pdh\" target=\"_blank\" rel=\"noopener\">Buchen<\/a><\/span><\/p><p style=\"margin: 0cm; font-size: 10pt; font-family: Calibri, sans-serif; caret-color: #212121; color: #212121;\">\u00a0<\/p><p style=\"font-weight: 400;\"><b><strong>\ud83c\udf89\ud83c\udf7d\ufe0f<\/strong><\/b><b><strong>\u00a0Festliches Dezember-\u00dcberraschungs-3-G\u00e4nge-Men\u00fc vom 27. bis 30. Dezember:<br \/><\/strong><\/b>Vom 27. bis 30. Dezember servieren wir unser festliches Dezember-\u00dcberraschungsmen\u00fc, bestehend aus 3 G\u00e4ngen. Lassen Sie sich jeden Tag aufs Neue von der Kreativit\u00e4t unseres K\u00fcchenchefs \u00fcberraschen. Selbstverst\u00e4ndlich ber\u00fccksichtigt unsere Gastgeberin Ihre Allergien, Unvertr\u00e4glichkeiten oder Ern\u00e4hrungsw\u00fcnsche, wenn Sie uns dies vorab mitteilen.\u00a0<span style=\"color: #212121; font-family: Calibri, sans-serif; font-size: 14.6667px; caret-color: #212121;\">Hier finden Sie die Speisekarte und weitere Informationen <a href=\"https:\/\/www.hoteltheroosevelt.com\/de\/tussen-kerst-en-oud-en-nieuw\/\" target=\"_blank\" rel=\"noopener\">Hier<\/a>.<\/span><br \/><span style=\"font-size: 11pt; line-height: 1.2;\"><a href=\"https:\/\/module.lafourchette.com\/nl_NL\/module\/701143-5e4e6#\/4499063\/pdh\" target=\"_blank\" rel=\"noopener\">Buchen<\/a><\/span><\/p><p style=\"font-weight: 400;\"><b><strong>\ud83c\udf86\ud83e\udd42<\/strong><\/b><b><strong> Silvester am 31. Dezember<br \/><\/strong><\/b>Am 31. Dezember laden wir Sie ein, das neue Jahr mit unserem fantastischen und speziell zusammengestellten Shared Dining-Men\u00fc zu feiern. Genie\u00dfen Sie kleine, kulinarische Gerichte, die perfekt zur festlichen Atmosph\u00e4re passen. Gemeinsam erheben wir ein Glas auf ein neues Jahr voller sch\u00f6ner Momente. Neben dem Abendessen erwarten Sie Seifenblasen, Oliebollen und schwungvolle Musik im Hintergrund. <span style=\"font-size: 11pt; line-height: 1.2;\"><a href=\"https:\/\/module.lafourchette.com\/nl_NL\/module\/701143-5e4e6#\/4499063\/pdh\" target=\"_blank\" rel=\"noopener\">Buchen<\/a><\/span><\/p><p style=\"font-weight: 400;\">Um Entt\u00e4uschungen zu vermeiden, empfehlen wir Ihnen, im Voraus zu reservieren. Dies geht ganz einfach \u00fcber den folgenden Link:\u00a0<b><a href=\"https:\/\/module.lafourchette.com\/nl_NL\/module\/701143-5e4e6\/4887142#\/4887142\/pdh\" target=\"_blank\" rel=\"noopener\">Buchen Sie hier<\/a><\/b>.<\/p><p>Wir freuen uns sehr darauf, Sie bei uns begr\u00fc\u00dfen zu d\u00fcrfen und Ihnen die kulinarischen K\u00f6stlichkeiten unseres Restaurants n\u00e4herzubringen. Wenn Sie Fragen haben oder spezielle W\u00fcnsche besprechen m\u00f6chten, z\u00f6gern Sie nicht, uns zu kontaktieren.<\/p><p style=\"margin: 0cm; font-size: 10pt; font-family: Calibri, sans-serif; caret-color: #212121; color: #212121;\"><span style=\"font-size: 11pt; line-height: 1.2;\">\u00a0<\/span><\/p><div style=\"caret-color: #212121; color: #212121; font-family: Aptos; border-width: medium medium 1.5pt; border-top-style: none; border-right-style: none; border-left-style: none; border-color: currentcolor currentcolor windowtext; border-image: none 100% \/ 1 \/ 0 stretch; padding: 0cm 0cm 1pt;\"><p style=\"margin: 0cm; font-size: 10pt; font-family: Calibri, sans-serif;\"><span style=\"font-size: 11pt; line-height: 1.2;\">\u00a0<\/span><\/p><\/div>\t\t\t\t\t\t\t\t<\/div>\n\t\t\t\t<\/div>\n\t\t\t\t<div class=\"elementor-element elementor-element-81b1247 elementor-widget__width-auto elementor-widget elementor-widget-button\" data-id=\"81b1247\" data-element_type=\"widget\" data-e-type=\"widget\" data-widget_type=\"button.default\">\n\t\t\t\t<div class=\"elementor-widget-container\">\n\t\t\t\t\t\t\t\t\t<div class=\"elementor-button-wrapper\">\n\t\t\t\t\t<a class=\"elementor-button elementor-button-link elementor-size-sm\" href=\"\/de\/eten-drinken\/the-lounge-wine-dine\/\">\n\t\t\t\t\t\t<span class=\"elementor-button-content-wrapper\">\n\t\t\t\t\t\t\t\t\t<span class=\"elementor-button-text\">Mehr Informationen<\/span>\n\t\t\t\t\t<\/span>\n\t\t\t\t\t<\/a>\n\t\t\t\t<\/div>\n\t\t\t\t\t\t\t\t<\/div>\n\t\t\t\t<\/div>\n\t\t\t\t<div class=\"elementor-element elementor-element-8f97605 elementor-widget__width-auto elementor-widget elementor-widget-button\" data-id=\"8f97605\" data-element_type=\"widget\" data-e-type=\"widget\" data-widget_type=\"button.default\">\n\t\t\t\t<div class=\"elementor-widget-container\">\n\t\t\t\t\t\t\t\t\t<div class=\"elementor-button-wrapper\">\n\t\t\t\t\t<a class=\"elementor-button elementor-button-link elementor-size-sm\" href=\"https:\/\/bookings.zenchef.com\/results?rid=365608&#038;pid=1001\" target=\"_blank\" rel=\"noopener\">\n\t\t\t\t\t\t<span class=\"elementor-button-content-wrapper\">\n\t\t\t\t\t\t\t\t\t<span class=\"elementor-button-text\">Buchen<\/span>\n\t\t\t\t\t<\/span>\n\t\t\t\t\t<\/a>\n\t\t\t\t<\/div>\n\t\t\t\t\t\t\t\t<\/div>\n\t\t\t\t<\/div>\n\t\t\t\t\t<\/div>\n\t\t<\/div>\n\t\t\t\t\t<\/div>\n\t\t<\/section>\n\t\t\t\t<\/div>","protected":false},"excerpt":{"rendered":"<p>Tussen Kerst &amp; Oud en nieuw in The Roosevelt Welkom in &#8216;The Lounge wine &amp; dine&#8217; In ons hotel ontdekt u The Lounge Wine &amp; Dine, d\u00e9 bruisende hotspot en ontmoetingsplek bij uitstek. Het interieur omhult u met een uitnodigende warmte en sfeer, waardoor het de ideale plek is om te ontspannen en te genieten. [&hellip;]<\/p>\n","protected":false},"author":3,"featured_media":0,"parent":0,"menu_order":0,"comment_status":"closed","ping_status":"closed","template":"","meta":{"footnotes":""},"class_list":["post-1843","page","type-page","status-publish","hentry"],"_links":{"self":[{"href":"https:\/\/www.hoteltheroosevelt.com\/de\/wp-json\/wp\/v2\/pages\/1843","targetHints":{"allow":["GET"]}}],"collection":[{"href":"https:\/\/www.hoteltheroosevelt.com\/de\/wp-json\/wp\/v2\/pages"}],"about":[{"href":"https:\/\/www.hoteltheroosevelt.com\/de\/wp-json\/wp\/v2\/types\/page"}],"author":[{"embeddable":true,"href":"https:\/\/www.hoteltheroosevelt.com\/de\/wp-json\/wp\/v2\/users\/3"}],"replies":[{"embeddable":true,"href":"https:\/\/www.hoteltheroosevelt.com\/de\/wp-json\/wp\/v2\/comments?post=1843"}],"version-history":[{"count":53,"href":"https:\/\/www.hoteltheroosevelt.com\/de\/wp-json\/wp\/v2\/pages\/1843\/revisions"}],"predecessor-version":[{"id":3903,"href":"https:\/\/www.hoteltheroosevelt.com\/de\/wp-json\/wp\/v2\/pages\/1843\/revisions\/3903"}],"wp:attachment":[{"href":"https:\/\/www.hoteltheroosevelt.com\/de\/wp-json\/wp\/v2\/media?parent=1843"}],"curies":[{"name":"wp","href":"https:\/\/api.w.org\/{rel}","templated":true}]}}