{"id":2459,"date":"2024-01-26T17:38:18","date_gmt":"2024-01-26T16:38:18","guid":{"rendered":"https:\/\/www.hoteltheroosevelt.com\/?page_id=2459"},"modified":"2024-07-19T16:29:09","modified_gmt":"2024-07-19T14:29:09","slug":"annuleringsvoorwaarden","status":"publish","type":"page","link":"https:\/\/www.hoteltheroosevelt.com\/de\/over-ons\/annuleringsvoorwaarden\/","title":{"rendered":"Stornierungsbedingungen"},"content":{"rendered":"<div data-elementor-type=\"wp-page\" data-elementor-id=\"2459\" class=\"elementor elementor-2459\" data-elementor-post-type=\"page\">\n\t\t\t\t\t\t<section class=\"elementor-section elementor-top-section elementor-element elementor-element-c66f54e elementor-section-boxed elementor-section-height-default elementor-section-height-default\" data-id=\"c66f54e\" data-element_type=\"section\" data-e-type=\"section\">\n\t\t\t\t\t\t<div class=\"elementor-container elementor-column-gap-default\">\n\t\t\t\t\t<div class=\"elementor-column elementor-col-100 elementor-top-column elementor-element elementor-element-e653d08\" data-id=\"e653d08\" data-element_type=\"column\" data-e-type=\"column\">\n\t\t\t<div class=\"elementor-widget-wrap elementor-element-populated\">\n\t\t\t\t\t\t\t<\/div>\n\t\t<\/div>\n\t\t\t\t\t<\/div>\n\t\t<\/section>\n\t\t\t\t<section class=\"elementor-section elementor-top-section elementor-element elementor-element-564d694 elementor-section-content-middle elementor-section-boxed elementor-section-height-default elementor-section-height-default\" data-id=\"564d694\" data-element_type=\"section\" data-e-type=\"section\">\n\t\t\t\t\t\t<div class=\"elementor-container elementor-column-gap-wide\">\n\t\t\t\t\t<div class=\"elementor-column elementor-col-50 elementor-top-column elementor-element elementor-element-6a198c2\" data-id=\"6a198c2\" data-element_type=\"column\" data-e-type=\"column\">\n\t\t\t<div class=\"elementor-widget-wrap elementor-element-populated\">\n\t\t\t\t\t\t<div class=\"elementor-element elementor-element-cce69f8 elementor-widget elementor-widget-image\" data-id=\"cce69f8\" data-element_type=\"widget\" data-e-type=\"widget\" data-widget_type=\"image.default\">\n\t\t\t\t<div class=\"elementor-widget-container\">\n\t\t\t\t\t\t\t\t\t\t\t\t\t\t\t<img fetchpriority=\"high\" decoding=\"async\" width=\"800\" height=\"800\" src=\"https:\/\/www.hoteltheroosevelt.com\/wp-content\/uploads\/2023\/10\/Ontwerp-zonder-titel-5.png\" class=\"attachment-large size-large wp-image-1445\" alt=\"\" srcset=\"https:\/\/www.hoteltheroosevelt.com\/wp-content\/uploads\/2023\/10\/Ontwerp-zonder-titel-5.png 1024w, https:\/\/www.hoteltheroosevelt.com\/wp-content\/uploads\/2023\/10\/Ontwerp-zonder-titel-5-300x300.png 300w, https:\/\/www.hoteltheroosevelt.com\/wp-content\/uploads\/2023\/10\/Ontwerp-zonder-titel-5-150x150.png 150w, https:\/\/www.hoteltheroosevelt.com\/wp-content\/uploads\/2023\/10\/Ontwerp-zonder-titel-5-768x768.png 768w, https:\/\/www.hoteltheroosevelt.com\/wp-content\/uploads\/2023\/10\/Ontwerp-zonder-titel-5-12x12.png 12w\" sizes=\"(max-width: 800px) 100vw, 800px\" title=\"\">\t\t\t\t\t\t\t\t\t\t\t\t\t\t\t<\/div>\n\t\t\t\t<\/div>\n\t\t\t\t\t<\/div>\n\t\t<\/div>\n\t\t\t\t<div class=\"elementor-column elementor-col-50 elementor-top-column elementor-element elementor-element-6fed347\" data-id=\"6fed347\" data-element_type=\"column\" data-e-type=\"column\">\n\t\t\t<div class=\"elementor-widget-wrap elementor-element-populated\">\n\t\t\t\t\t\t<div class=\"elementor-element elementor-element-df46629 elementor-widget elementor-widget-heading\" data-id=\"df46629\" data-element_type=\"widget\" data-e-type=\"widget\" data-widget_type=\"heading.default\">\n\t\t\t\t<div class=\"elementor-widget-container\">\n\t\t\t\t\t<h1 class=\"elementor-heading-title elementor-size-default\">Stornierungsbedingungen \/ Stornierungsbedingungen<\/h1>\t\t\t\t<\/div>\n\t\t\t\t<\/div>\n\t\t\t\t<div class=\"elementor-element elementor-element-39860a3 elementor-widget elementor-widget-text-editor\" data-id=\"39860a3\" data-element_type=\"widget\" data-e-type=\"widget\" data-widget_type=\"text-editor.default\">\n\t\t\t\t<div class=\"elementor-widget-container\">\n\t\t\t\t\t\t\t\t\t<p>Bei einer Stornierung oder \u00c4nderung bis zu 3 Tage vor Anreise wird keine Geb\u00fchr erhoben. Bei sp\u00e4terer Stornierung oder \u00c4nderung oder bei Nichterscheinen werden 100% der ersten Nacht berechnet.<\/p>\n<p>\u00a0<\/p>\n<p>Bei einer Stornierung oder \u00c4nderung bis 3 Tage vor Anreise fallen keine Kosten an. Wenn Sie sp\u00e4ter stornieren oder \u00e4ndern oder nicht erscheinen, werden Ihnen 100% der ersten Nacht berechnet.<\/p>\t\t\t\t\t\t\t\t<\/div>\n\t\t\t\t<\/div>\n\t\t\t\t\t<\/div>\n\t\t<\/div>\n\t\t\t\t\t<\/div>\n\t\t<\/section>\n\t\t\t\t<\/div>","protected":false},"excerpt":{"rendered":"<p>Cancellation policy \/ Annuleringsbeleid If cancelled or modified up to 3 days before arrival, no fee will be charged. If cancelled or modified later or in case of no-show, 100% of the first night will be charged. \u00a0 Als u annuleert of wijzigt tot 3 dagen voor aankomst, worden er geen kosten in rekening gebracht. [&hellip;]<\/p>\n","protected":false},"author":2,"featured_media":0,"parent":747,"menu_order":0,"comment_status":"closed","ping_status":"closed","template":"","meta":{"footnotes":""},"class_list":["post-2459","page","type-page","status-publish","hentry"],"_links":{"self":[{"href":"https:\/\/www.hoteltheroosevelt.com\/de\/wp-json\/wp\/v2\/pages\/2459","targetHints":{"allow":["GET"]}}],"collection":[{"href":"https:\/\/www.hoteltheroosevelt.com\/de\/wp-json\/wp\/v2\/pages"}],"about":[{"href":"https:\/\/www.hoteltheroosevelt.com\/de\/wp-json\/wp\/v2\/types\/page"}],"author":[{"embeddable":true,"href":"https:\/\/www.hoteltheroosevelt.com\/de\/wp-json\/wp\/v2\/users\/2"}],"replies":[{"embeddable":true,"href":"https:\/\/www.hoteltheroosevelt.com\/de\/wp-json\/wp\/v2\/comments?post=2459"}],"version-history":[{"count":15,"href":"https:\/\/www.hoteltheroosevelt.com\/de\/wp-json\/wp\/v2\/pages\/2459\/revisions"}],"predecessor-version":[{"id":3181,"href":"https:\/\/www.hoteltheroosevelt.com\/de\/wp-json\/wp\/v2\/pages\/2459\/revisions\/3181"}],"up":[{"embeddable":true,"href":"https:\/\/www.hoteltheroosevelt.com\/de\/wp-json\/wp\/v2\/pages\/747"}],"wp:attachment":[{"href":"https:\/\/www.hoteltheroosevelt.com\/de\/wp-json\/wp\/v2\/media?parent=2459"}],"curies":[{"name":"wp","href":"https:\/\/api.w.org\/{rel}","templated":true}]}}