{"id":2571,"date":"2024-02-24T13:58:54","date_gmt":"2024-02-24T12:58:54","guid":{"rendered":"https:\/\/www.hoteltheroosevelt.com\/?page_id=2571"},"modified":"2026-02-22T12:38:46","modified_gmt":"2026-02-22T11:38:46","slug":"theloungemenu","status":"publish","type":"page","link":"https:\/\/www.hoteltheroosevelt.com\/de\/restaurant-the-lounge\/theloungemenu\/","title":{"rendered":"Die Lounge-Speisekarte"},"content":{"rendered":"<div data-elementor-type=\"wp-page\" data-elementor-id=\"2571\" class=\"elementor elementor-2571\" data-elementor-post-type=\"page\">\n\t\t\t\t\t\t<section class=\"elementor-section elementor-top-section elementor-element elementor-element-a94563c elementor-section-boxed elementor-section-height-default elementor-section-height-default\" data-id=\"a94563c\" data-element_type=\"section\" data-e-type=\"section\">\n\t\t\t\t\t\t<div class=\"elementor-container elementor-column-gap-default\">\n\t\t\t\t\t<div class=\"elementor-column elementor-col-100 elementor-top-column elementor-element elementor-element-692f4f9\" data-id=\"692f4f9\" data-element_type=\"column\" data-e-type=\"column\">\n\t\t\t<div class=\"elementor-widget-wrap elementor-element-populated\">\n\t\t\t\t\t\t<section class=\"elementor-section elementor-inner-section elementor-element elementor-element-7613e37 elementor-section-boxed elementor-section-height-default elementor-section-height-default\" data-id=\"7613e37\" data-element_type=\"section\" data-e-type=\"section\">\n\t\t\t\t\t\t<div class=\"elementor-container elementor-column-gap-default\">\n\t\t\t\t\t<div class=\"elementor-column elementor-col-50 elementor-inner-column elementor-element elementor-element-5947591\" data-id=\"5947591\" data-element_type=\"column\" data-e-type=\"column\">\n\t\t\t<div class=\"elementor-widget-wrap\">\n\t\t\t\t\t\t\t<\/div>\n\t\t<\/div>\n\t\t\t\t<div class=\"elementor-column elementor-col-50 elementor-inner-column elementor-element elementor-element-765306e\" data-id=\"765306e\" data-element_type=\"column\" data-e-type=\"column\">\n\t\t\t<div class=\"elementor-widget-wrap\">\n\t\t\t\t\t\t\t<\/div>\n\t\t<\/div>\n\t\t\t\t\t<\/div>\n\t\t<\/section>\n\t\t\t\t\t<\/div>\n\t\t<\/div>\n\t\t\t\t\t<\/div>\n\t\t<\/section>\n\t\t\t\t<section class=\"elementor-section elementor-top-section elementor-element elementor-element-389ecdc elementor-section-boxed elementor-section-height-default elementor-section-height-default\" data-id=\"389ecdc\" data-element_type=\"section\" data-e-type=\"section\">\n\t\t\t\t\t\t<div class=\"elementor-container elementor-column-gap-default\">\n\t\t\t\t\t<div class=\"elementor-column elementor-col-50 elementor-top-column elementor-element elementor-element-47948da\" data-id=\"47948da\" data-element_type=\"column\" data-e-type=\"column\">\n\t\t\t<div class=\"elementor-widget-wrap elementor-element-populated\">\n\t\t\t\t\t\t<div class=\"elementor-element elementor-element-95bc116 elementor-widget elementor-widget-image\" data-id=\"95bc116\" data-element_type=\"widget\" data-e-type=\"widget\" data-widget_type=\"image.default\">\n\t\t\t\t<div class=\"elementor-widget-container\">\n\t\t\t\t\t\t\t\t\t\t\t\t\t\t\t<img fetchpriority=\"high\" decoding=\"async\" width=\"800\" height=\"600\" src=\"https:\/\/www.hoteltheroosevelt.com\/wp-content\/uploads\/2025\/11\/IMG_5498-1024x768.jpeg\" class=\"attachment-large size-large wp-image-3842\" alt=\"\" srcset=\"https:\/\/www.hoteltheroosevelt.com\/wp-content\/uploads\/2025\/11\/IMG_5498-1024x768.jpeg 1024w, https:\/\/www.hoteltheroosevelt.com\/wp-content\/uploads\/2025\/11\/IMG_5498-300x225.jpeg 300w, https:\/\/www.hoteltheroosevelt.com\/wp-content\/uploads\/2025\/11\/IMG_5498-768x576.jpeg 768w, https:\/\/www.hoteltheroosevelt.com\/wp-content\/uploads\/2025\/11\/IMG_5498-1536x1152.jpeg 1536w, https:\/\/www.hoteltheroosevelt.com\/wp-content\/uploads\/2025\/11\/IMG_5498-scaled.jpeg 2048w, https:\/\/www.hoteltheroosevelt.com\/wp-content\/uploads\/2025\/11\/IMG_5498-16x12.jpeg 16w\" sizes=\"(max-width: 800px) 100vw, 800px\" title=\"\">\t\t\t\t\t\t\t\t\t\t\t\t\t\t\t<\/div>\n\t\t\t\t<\/div>\n\t\t\t\t<div class=\"elementor-element elementor-element-838e64d elementor-widget elementor-widget-image\" data-id=\"838e64d\" data-element_type=\"widget\" data-e-type=\"widget\" data-widget_type=\"image.default\">\n\t\t\t\t<div class=\"elementor-widget-container\">\n\t\t\t\t\t\t\t\t\t\t\t\t\t\t\t<img decoding=\"async\" width=\"768\" height=\"1024\" src=\"https:\/\/www.hoteltheroosevelt.com\/wp-content\/uploads\/2025\/10\/IMG_9595-768x1024.jpeg\" class=\"attachment-large size-large wp-image-3777\" alt=\"\" srcset=\"https:\/\/www.hoteltheroosevelt.com\/wp-content\/uploads\/2025\/10\/IMG_9595-768x1024.jpeg 768w, https:\/\/www.hoteltheroosevelt.com\/wp-content\/uploads\/2025\/10\/IMG_9595-225x300.jpeg 225w, https:\/\/www.hoteltheroosevelt.com\/wp-content\/uploads\/2025\/10\/IMG_9595-1152x1536.jpeg 1152w, https:\/\/www.hoteltheroosevelt.com\/wp-content\/uploads\/2025\/10\/IMG_9595-scaled.jpeg 1536w, https:\/\/www.hoteltheroosevelt.com\/wp-content\/uploads\/2025\/10\/IMG_9595-9x12.jpeg 9w\" sizes=\"(max-width: 768px) 100vw, 768px\" title=\"\">\t\t\t\t\t\t\t\t\t\t\t\t\t\t\t<\/div>\n\t\t\t\t<\/div>\n\t\t\t\t<div class=\"elementor-element elementor-element-579fbcc elementor-widget elementor-widget-image\" data-id=\"579fbcc\" data-element_type=\"widget\" data-e-type=\"widget\" data-widget_type=\"image.default\">\n\t\t\t\t<div class=\"elementor-widget-container\">\n\t\t\t\t\t\t\t\t\t\t\t\t\t\t\t<img decoding=\"async\" width=\"800\" height=\"600\" src=\"https:\/\/www.hoteltheroosevelt.com\/wp-content\/uploads\/2025\/10\/pinsa_2-1024x768.jpg\" class=\"attachment-large size-large wp-image-3795\" alt=\"\" srcset=\"https:\/\/www.hoteltheroosevelt.com\/wp-content\/uploads\/2025\/10\/pinsa_2-1024x768.jpg 1024w, https:\/\/www.hoteltheroosevelt.com\/wp-content\/uploads\/2025\/10\/pinsa_2-300x225.jpg 300w, https:\/\/www.hoteltheroosevelt.com\/wp-content\/uploads\/2025\/10\/pinsa_2-768x576.jpg 768w, https:\/\/www.hoteltheroosevelt.com\/wp-content\/uploads\/2025\/10\/pinsa_2-1536x1152.jpg 1536w, https:\/\/www.hoteltheroosevelt.com\/wp-content\/uploads\/2025\/10\/pinsa_2-scaled.jpg 2048w, https:\/\/www.hoteltheroosevelt.com\/wp-content\/uploads\/2025\/10\/pinsa_2-16x12.jpg 16w\" sizes=\"(max-width: 800px) 100vw, 800px\" title=\"\">\t\t\t\t\t\t\t\t\t\t\t\t\t\t\t<\/div>\n\t\t\t\t<\/div>\n\t\t\t\t\t<\/div>\n\t\t<\/div>\n\t\t\t\t<div class=\"elementor-column elementor-col-50 elementor-top-column elementor-element elementor-element-b152c28\" data-id=\"b152c28\" data-element_type=\"column\" data-e-type=\"column\">\n\t\t\t<div class=\"elementor-widget-wrap elementor-element-populated\">\n\t\t\t\t\t\t<div class=\"elementor-element elementor-element-f2b7e8b elementor-widget elementor-widget-heading\" data-id=\"f2b7e8b\" data-element_type=\"widget\" data-e-type=\"widget\" data-widget_type=\"heading.default\">\n\t\t\t\t<div class=\"elementor-widget-container\">\n\t\t\t\t\t<h1 class=\"elementor-heading-title elementor-size-default\">Genie\u00dfen Sie Ihren Abend in der Lounge.<\/h1>\t\t\t\t<\/div>\n\t\t\t\t<\/div>\n\t\t\t\t<div class=\"elementor-element elementor-element-40df4d5 elementor-widget elementor-widget-heading\" data-id=\"40df4d5\" data-element_type=\"widget\" data-e-type=\"widget\" data-widget_type=\"heading.default\">\n\t\t\t\t<div class=\"elementor-widget-container\">\n\t\t\t\t\t<h3 class=\"elementor-heading-title elementor-size-default\">Genie\u00dfen Sie vom Feinsten<\/h3>\t\t\t\t<\/div>\n\t\t\t\t<\/div>\n\t\t\t\t<div class=\"elementor-element elementor-element-c6d5aa9 elementor-widget elementor-widget-text-editor\" data-id=\"c6d5aa9\" data-element_type=\"widget\" data-e-type=\"widget\" data-widget_type=\"text-editor.default\">\n\t\t\t\t<div class=\"elementor-widget-container\">\n\t\t\t\t\t\t\t\t\t<p style=\"text-align: left;\"><strong>In unserer Lounge servieren wir eine feine Auswahl an Pinsas und Cocktails.<br \/>Kommen Sie und genie\u00dfen Sie einen wundervollen Abend!<\/strong><\/p><div class=\"elementor-element elementor-element-8d6cd5e elementor-widget elementor-widget-text-editor\" data-id=\"8d6cd5e\" data-element_type=\"widget\" data-widget_type=\"text-editor.default\"><div class=\"elementor-widget-container\"><p>Von klassischen Favoriten bis hin zu kreativen Signature-Cocktails \u2013 hier k\u00f6nnen Sie stilvoll, entspannt und absolut im Trend trinken. Und danach? Zeit f\u00fcr Pinsas! Leicht, knusprig, reichhaltig gef\u00fcllt und perfekt zum Teilen (oder einfach nur f\u00fcr sich selbst). Unsere legend\u00e4ren Pinsas sind das Herzst\u00fcck eines Abends voller Geschmack, Atmosph\u00e4re und sch\u00f6ner Momente. Ob Sie einen Abend mit Ihren besten Freundinnen, ein elegantes Date oder einfach nur Zeit zu zweit in entspannter Atmosph\u00e4re verbringen m\u00f6chten \u2013 die Lounge ist Ihr neuer Lieblingsplatz. Drinnen? W\u00e4hlen Sie unsere luxuri\u00f6sen Sitzm\u00f6bel oder machen Sie es sich auf dem samtweichen, 12 Meter langen Samtsofa bequem.<\/p><p>Sie halten sich lieber im Freien auf? Dann ist unser mediterraner Innenhof genau das Richtige f\u00fcr Sie.<\/p><\/div><\/div><p>\u00a0<\/p>\t\t\t\t\t\t\t\t<\/div>\n\t\t\t\t<\/div>\n\t\t\t\t<div class=\"elementor-element elementor-element-f0bcef7 elementor-widget__width-auto elementor-widget elementor-widget-button\" data-id=\"f0bcef7\" data-element_type=\"widget\" data-e-type=\"widget\" data-widget_type=\"button.default\">\n\t\t\t\t<div class=\"elementor-widget-container\">\n\t\t\t\t\t\t\t\t\t<div class=\"elementor-button-wrapper\">\n\t\t\t\t\t<a class=\"elementor-button elementor-button-link elementor-size-sm\" href=\"https:\/\/live.tebi.co\/ecom\/reservations\/756485_8397fb27bff024d51a1c10f9b5a785a4fafdb885dadc780045fb127b78a898f7\" target=\"_blank\" rel=\"noopener\">\n\t\t\t\t\t\t<span class=\"elementor-button-content-wrapper\">\n\t\t\t\t\t\t\t\t\t<span class=\"elementor-button-text\">Buchen<\/span>\n\t\t\t\t\t<\/span>\n\t\t\t\t\t<\/a>\n\t\t\t\t<\/div>\n\t\t\t\t\t\t\t\t<\/div>\n\t\t\t\t<\/div>\n\t\t\t\t<div class=\"elementor-element elementor-element-41887a2 elementor-widget elementor-widget-image\" data-id=\"41887a2\" data-element_type=\"widget\" data-e-type=\"widget\" data-widget_type=\"image.default\">\n\t\t\t\t<div class=\"elementor-widget-container\">\n\t\t\t\t\t\t\t\t\t\t\t\t\t\t\t<img loading=\"lazy\" decoding=\"async\" width=\"724\" height=\"1024\" src=\"https:\/\/www.hoteltheroosevelt.com\/wp-content\/uploads\/2025\/10\/Nacht-Menu-2025-724x1024.png\" class=\"attachment-large size-large wp-image-3775\" alt=\"\" srcset=\"https:\/\/www.hoteltheroosevelt.com\/wp-content\/uploads\/2025\/10\/Nacht-Menu-2025-724x1024.png 724w, https:\/\/www.hoteltheroosevelt.com\/wp-content\/uploads\/2025\/10\/Nacht-Menu-2025-212x300.png 212w, https:\/\/www.hoteltheroosevelt.com\/wp-content\/uploads\/2025\/10\/Nacht-Menu-2025-768x1086.png 768w, https:\/\/www.hoteltheroosevelt.com\/wp-content\/uploads\/2025\/10\/Nacht-Menu-2025-1086x1536.png 1086w, https:\/\/www.hoteltheroosevelt.com\/wp-content\/uploads\/2025\/10\/Nacht-Menu-2025-8x12.png 8w, https:\/\/www.hoteltheroosevelt.com\/wp-content\/uploads\/2025\/10\/Nacht-Menu-2025.png 1414w\" sizes=\"(max-width: 724px) 100vw, 724px\" title=\"\">\t\t\t\t\t\t\t\t\t\t\t\t\t\t\t<\/div>\n\t\t\t\t<\/div>\n\t\t\t\t<div class=\"elementor-element elementor-element-bb99e6f elementor-widget__width-auto elementor-widget elementor-widget-button\" data-id=\"bb99e6f\" data-element_type=\"widget\" data-e-type=\"widget\" data-widget_type=\"button.default\">\n\t\t\t\t<div class=\"elementor-widget-container\">\n\t\t\t\t\t\t\t\t\t<div class=\"elementor-button-wrapper\">\n\t\t\t\t\t<a class=\"elementor-button elementor-button-link elementor-size-sm\" href=\"https:\/\/live.tebi.co\/ecom\/reservations\/756485_8397fb27bff024d51a1c10f9b5a785a4fafdb885dadc780045fb127b78a898f7\" target=\"_blank\" rel=\"noopener\">\n\t\t\t\t\t\t<span class=\"elementor-button-content-wrapper\">\n\t\t\t\t\t\t\t\t\t<span class=\"elementor-button-text\">Buchen<\/span>\n\t\t\t\t\t<\/span>\n\t\t\t\t\t<\/a>\n\t\t\t\t<\/div>\n\t\t\t\t\t\t\t\t<\/div>\n\t\t\t\t<\/div>\n\t\t\t\t\t<\/div>\n\t\t<\/div>\n\t\t\t\t\t<\/div>\n\t\t<\/section>\n\t\t<div class=\"elementor-element elementor-element-f92370e e-grid e-con-boxed e-con e-parent\" data-id=\"f92370e\" data-element_type=\"container\" data-e-type=\"container\">\n\t\t\t\t\t<div class=\"e-con-inner\">\n\t\t\t\t\t<\/div>\n\t\t\t\t<\/div>\n\t\t\t\t<\/div>","protected":false},"excerpt":{"rendered":"<p>Enjoy your evening in The Lounge Geniet in optima forma In The Lounge pinsa&#8217;s en cocktails serveren wij een leuk menu.Kom genieten van een heerlijke avond! Van klassieke favorieten tot creatieve\u00a0signature cocktails\u00a0\u2013 hier drink je stijlvol, relaxed en helemaal\u00a0on-trend. Daarna?\u00a0Pinsa time.\u00a0Luchtig, crispy, rijk belegd en perfect om te delen (of lekker voor jezelf ). Onze [&hellip;]<\/p>\n","protected":false},"author":3,"featured_media":0,"parent":270,"menu_order":0,"comment_status":"closed","ping_status":"closed","template":"","meta":{"footnotes":""},"class_list":["post-2571","page","type-page","status-publish","hentry"],"_links":{"self":[{"href":"https:\/\/www.hoteltheroosevelt.com\/de\/wp-json\/wp\/v2\/pages\/2571","targetHints":{"allow":["GET"]}}],"collection":[{"href":"https:\/\/www.hoteltheroosevelt.com\/de\/wp-json\/wp\/v2\/pages"}],"about":[{"href":"https:\/\/www.hoteltheroosevelt.com\/de\/wp-json\/wp\/v2\/types\/page"}],"author":[{"embeddable":true,"href":"https:\/\/www.hoteltheroosevelt.com\/de\/wp-json\/wp\/v2\/users\/3"}],"replies":[{"embeddable":true,"href":"https:\/\/www.hoteltheroosevelt.com\/de\/wp-json\/wp\/v2\/comments?post=2571"}],"version-history":[{"count":98,"href":"https:\/\/www.hoteltheroosevelt.com\/de\/wp-json\/wp\/v2\/pages\/2571\/revisions"}],"predecessor-version":[{"id":4097,"href":"https:\/\/www.hoteltheroosevelt.com\/de\/wp-json\/wp\/v2\/pages\/2571\/revisions\/4097"}],"up":[{"embeddable":true,"href":"https:\/\/www.hoteltheroosevelt.com\/de\/wp-json\/wp\/v2\/pages\/270"}],"wp:attachment":[{"href":"https:\/\/www.hoteltheroosevelt.com\/de\/wp-json\/wp\/v2\/media?parent=2571"}],"curies":[{"name":"wp","href":"https:\/\/api.w.org\/{rel}","templated":true}]}}