{"id":275,"date":"2023-08-09T14:00:57","date_gmt":"2023-08-09T12:00:57","guid":{"rendered":"https:\/\/roosevelt.rexturbohosting.com\/?page_id=275"},"modified":"2024-06-24T13:57:59","modified_gmt":"2024-06-24T11:57:59","slug":"arrangementen","status":"publish","type":"page","link":"https:\/\/www.hoteltheroosevelt.com\/de\/arrangementen\/","title":{"rendered":"Arrangements"},"content":{"rendered":"<div data-elementor-type=\"wp-page\" data-elementor-id=\"275\" class=\"elementor elementor-275\" data-elementor-post-type=\"page\">\n\t\t\t\t\t\t<section class=\"elementor-section elementor-top-section elementor-element elementor-element-f155dcd elementor-section-boxed elementor-section-height-default elementor-section-height-default\" data-id=\"f155dcd\" data-element_type=\"section\" data-e-type=\"section\">\n\t\t\t\t\t\t<div class=\"elementor-container elementor-column-gap-default\">\n\t\t\t\t\t<div class=\"elementor-column elementor-col-100 elementor-top-column elementor-element elementor-element-0550daf\" data-id=\"0550daf\" data-element_type=\"column\" data-e-type=\"column\">\n\t\t\t<div class=\"elementor-widget-wrap elementor-element-populated\">\n\t\t\t\t\t\t<div class=\"elementor-element elementor-element-9a836d4 elementor-widget elementor-widget-heading\" data-id=\"9a836d4\" data-element_type=\"widget\" data-e-type=\"widget\" data-widget_type=\"heading.default\">\n\t\t\t\t<div class=\"elementor-widget-container\">\n\t\t\t\t\t<h1 class=\"elementor-heading-title elementor-size-default\">Hotelpakete<\/h1>\t\t\t\t<\/div>\n\t\t\t\t<\/div>\n\t\t\t\t\t<\/div>\n\t\t<\/div>\n\t\t\t\t\t<\/div>\n\t\t<\/section>\n\t\t\t\t<section class=\"elementor-section elementor-top-section elementor-element elementor-element-c38643c elementor-section-boxed elementor-section-height-default elementor-section-height-default\" data-id=\"c38643c\" data-element_type=\"section\" data-e-type=\"section\">\n\t\t\t\t\t\t<div class=\"elementor-container elementor-column-gap-default\">\n\t\t\t\t\t<div class=\"elementor-column elementor-col-25 elementor-top-column elementor-element elementor-element-7b91661\" data-id=\"7b91661\" data-element_type=\"column\" data-e-type=\"column\" data-settings=\"{&quot;background_background&quot;:&quot;classic&quot;}\">\n\t\t\t<div class=\"elementor-widget-wrap elementor-element-populated\">\n\t\t\t\t\t\t<div class=\"elementor-element elementor-element-580e87d elementor-widget elementor-widget-image\" data-id=\"580e87d\" data-element_type=\"widget\" data-e-type=\"widget\" data-widget_type=\"image.default\">\n\t\t\t\t<div class=\"elementor-widget-container\">\n\t\t\t\t\t\t\t\t\t\t\t\t\t\t\t\t<a href=\"\/de\/arrangementen\/ontspanningsarrangement\/\">\n\t\t\t\t\t\t\t<img fetchpriority=\"high\" decoding=\"async\" width=\"800\" height=\"534\" src=\"https:\/\/www.hoteltheroosevelt.com\/wp-content\/uploads\/2023\/09\/Hotel-The-Roosevelt-The-Lounge-September-2023-6-1024x683.jpg\" class=\"attachment-large size-large wp-image-1013\" alt=\"\" srcset=\"https:\/\/www.hoteltheroosevelt.com\/wp-content\/uploads\/2023\/09\/Hotel-The-Roosevelt-The-Lounge-September-2023-6-1024x683.jpg 1024w, https:\/\/www.hoteltheroosevelt.com\/wp-content\/uploads\/2023\/09\/Hotel-The-Roosevelt-The-Lounge-September-2023-6-300x200.jpg 300w, https:\/\/www.hoteltheroosevelt.com\/wp-content\/uploads\/2023\/09\/Hotel-The-Roosevelt-The-Lounge-September-2023-6-768x512.jpg 768w, https:\/\/www.hoteltheroosevelt.com\/wp-content\/uploads\/2023\/09\/Hotel-The-Roosevelt-The-Lounge-September-2023-6-1536x1024.jpg 1536w, https:\/\/www.hoteltheroosevelt.com\/wp-content\/uploads\/2023\/09\/Hotel-The-Roosevelt-The-Lounge-September-2023-6-2048x1365.jpg 2048w, https:\/\/www.hoteltheroosevelt.com\/wp-content\/uploads\/2023\/09\/Hotel-The-Roosevelt-The-Lounge-September-2023-6-18x12.jpg 18w\" sizes=\"(max-width: 800px) 100vw, 800px\" title=\"\">\t\t\t\t\t\t\t\t<\/a>\n\t\t\t\t\t\t\t\t\t\t\t\t\t\t\t<\/div>\n\t\t\t\t<\/div>\n\t\t\t\t<div class=\"elementor-element elementor-element-cf17d12 elementor-widget elementor-widget-heading\" data-id=\"cf17d12\" data-element_type=\"widget\" data-e-type=\"widget\" data-widget_type=\"heading.default\">\n\t\t\t\t<div class=\"elementor-widget-container\">\n\t\t\t\t\t<h3 class=\"elementor-heading-title elementor-size-default\">Genie\u00dfen Sie Wellness<\/h3>\t\t\t\t<\/div>\n\t\t\t\t<\/div>\n\t\t\t\t<div class=\"elementor-element elementor-element-688a985 elementor-widget elementor-widget-heading\" data-id=\"688a985\" data-element_type=\"widget\" data-e-type=\"widget\" data-widget_type=\"heading.default\">\n\t\t\t\t<div class=\"elementor-widget-container\">\n\t\t\t\t\t<h2 class=\"elementor-heading-title elementor-size-default\">Entspannungspaket<\/h2>\t\t\t\t<\/div>\n\t\t\t\t<\/div>\n\t\t\t\t\t<\/div>\n\t\t<\/div>\n\t\t\t\t<div class=\"elementor-column elementor-col-25 elementor-top-column elementor-element elementor-element-7d37263\" data-id=\"7d37263\" data-element_type=\"column\" data-e-type=\"column\" data-settings=\"{&quot;background_background&quot;:&quot;classic&quot;}\">\n\t\t\t<div class=\"elementor-widget-wrap elementor-element-populated\">\n\t\t\t\t\t\t<div class=\"elementor-element elementor-element-1cf81b3 elementor-widget elementor-widget-image\" data-id=\"1cf81b3\" data-element_type=\"widget\" data-e-type=\"widget\" data-widget_type=\"image.default\">\n\t\t\t\t<div class=\"elementor-widget-container\">\n\t\t\t\t\t\t\t\t\t\t\t\t\t\t\t\t<a href=\"\/de\/arrangementen\/weekendje-uitwaaien\/\">\n\t\t\t\t\t\t\t<img decoding=\"async\" width=\"683\" height=\"1024\" src=\"https:\/\/www.hoteltheroosevelt.com\/wp-content\/uploads\/2023\/09\/Hotel-The-Roosevelt-The-Lounge-September-2023-30-683x1024.jpg\" class=\"attachment-large size-large wp-image-1019\" alt=\"\" srcset=\"https:\/\/www.hoteltheroosevelt.com\/wp-content\/uploads\/2023\/09\/Hotel-The-Roosevelt-The-Lounge-September-2023-30-683x1024.jpg 683w, https:\/\/www.hoteltheroosevelt.com\/wp-content\/uploads\/2023\/09\/Hotel-The-Roosevelt-The-Lounge-September-2023-30-200x300.jpg 200w, https:\/\/www.hoteltheroosevelt.com\/wp-content\/uploads\/2023\/09\/Hotel-The-Roosevelt-The-Lounge-September-2023-30-768x1152.jpg 768w, https:\/\/www.hoteltheroosevelt.com\/wp-content\/uploads\/2023\/09\/Hotel-The-Roosevelt-The-Lounge-September-2023-30-1024x1536.jpg 1024w, https:\/\/www.hoteltheroosevelt.com\/wp-content\/uploads\/2023\/09\/Hotel-The-Roosevelt-The-Lounge-September-2023-30-1365x2048.jpg 1365w, https:\/\/www.hoteltheroosevelt.com\/wp-content\/uploads\/2023\/09\/Hotel-The-Roosevelt-The-Lounge-September-2023-30-8x12.jpg 8w, https:\/\/www.hoteltheroosevelt.com\/wp-content\/uploads\/2023\/09\/Hotel-The-Roosevelt-The-Lounge-September-2023-30-scaled.jpg 1707w\" sizes=\"(max-width: 683px) 100vw, 683px\" title=\"\">\t\t\t\t\t\t\t\t<\/a>\n\t\t\t\t\t\t\t\t\t\t\t\t\t\t\t<\/div>\n\t\t\t\t<\/div>\n\t\t\t\t<div class=\"elementor-element elementor-element-413951b elementor-widget elementor-widget-heading\" data-id=\"413951b\" data-element_type=\"widget\" data-e-type=\"widget\" data-widget_type=\"heading.default\">\n\t\t\t\t<div class=\"elementor-widget-container\">\n\t\t\t\t\t<h3 class=\"elementor-heading-title elementor-size-default\">Zeeland entdecken<\/h3>\t\t\t\t<\/div>\n\t\t\t\t<\/div>\n\t\t\t\t<div class=\"elementor-element elementor-element-0165e55 elementor-widget elementor-widget-heading\" data-id=\"0165e55\" data-element_type=\"widget\" data-e-type=\"widget\" data-widget_type=\"heading.default\">\n\t\t\t\t<div class=\"elementor-widget-container\">\n\t\t\t\t\t<h2 class=\"elementor-heading-title elementor-size-default\">G\u00f6nnen Sie sich etwas frische Luft f\u00fcr das Wochenende<\/h2>\t\t\t\t<\/div>\n\t\t\t\t<\/div>\n\t\t\t\t\t<\/div>\n\t\t<\/div>\n\t\t\t\t<div class=\"elementor-column elementor-col-25 elementor-top-column elementor-element elementor-element-725f9c7\" data-id=\"725f9c7\" data-element_type=\"column\" data-e-type=\"column\" data-settings=\"{&quot;background_background&quot;:&quot;classic&quot;}\">\n\t\t\t<div class=\"elementor-widget-wrap elementor-element-populated\">\n\t\t\t\t\t\t<div class=\"elementor-element elementor-element-701c1da elementor-widget elementor-widget-image\" data-id=\"701c1da\" data-element_type=\"widget\" data-e-type=\"widget\" data-widget_type=\"image.default\">\n\t\t\t\t<div class=\"elementor-widget-container\">\n\t\t\t\t\t\t\t\t\t\t\t\t\t\t\t\t<a href=\"\/de\/arrangementen\/feel-like-a-president\/\">\n\t\t\t\t\t\t\t<img decoding=\"async\" width=\"800\" height=\"534\" src=\"https:\/\/www.hoteltheroosevelt.com\/wp-content\/uploads\/2023\/09\/Hotel-The-Roosevelt-The-Lounge-September-2023-39-1024x683.jpg\" class=\"attachment-large size-large wp-image-1020\" alt=\"\" srcset=\"https:\/\/www.hoteltheroosevelt.com\/wp-content\/uploads\/2023\/09\/Hotel-The-Roosevelt-The-Lounge-September-2023-39-1024x683.jpg 1024w, https:\/\/www.hoteltheroosevelt.com\/wp-content\/uploads\/2023\/09\/Hotel-The-Roosevelt-The-Lounge-September-2023-39-300x200.jpg 300w, https:\/\/www.hoteltheroosevelt.com\/wp-content\/uploads\/2023\/09\/Hotel-The-Roosevelt-The-Lounge-September-2023-39-768x512.jpg 768w, https:\/\/www.hoteltheroosevelt.com\/wp-content\/uploads\/2023\/09\/Hotel-The-Roosevelt-The-Lounge-September-2023-39-1536x1024.jpg 1536w, https:\/\/www.hoteltheroosevelt.com\/wp-content\/uploads\/2023\/09\/Hotel-The-Roosevelt-The-Lounge-September-2023-39-2048x1365.jpg 2048w, https:\/\/www.hoteltheroosevelt.com\/wp-content\/uploads\/2023\/09\/Hotel-The-Roosevelt-The-Lounge-September-2023-39-18x12.jpg 18w\" sizes=\"(max-width: 800px) 100vw, 800px\" title=\"\">\t\t\t\t\t\t\t\t<\/a>\n\t\t\t\t\t\t\t\t\t\t\t\t\t\t\t<\/div>\n\t\t\t\t<\/div>\n\t\t\t\t<div class=\"elementor-element elementor-element-c202296 elementor-widget elementor-widget-heading\" data-id=\"c202296\" data-element_type=\"widget\" data-e-type=\"widget\" data-widget_type=\"heading.default\">\n\t\t\t\t<div class=\"elementor-widget-container\">\n\t\t\t\t\t<h3 class=\"elementor-heading-title elementor-size-default\">Juwel unseres Hotels<\/h3>\t\t\t\t<\/div>\n\t\t\t\t<\/div>\n\t\t\t\t<div class=\"elementor-element elementor-element-fae740c elementor-widget elementor-widget-heading\" data-id=\"fae740c\" data-element_type=\"widget\" data-e-type=\"widget\" data-widget_type=\"heading.default\">\n\t\t\t\t<div class=\"elementor-widget-container\">\n\t\t\t\t\t<h2 class=\"elementor-heading-title elementor-size-default\">F\u00fchlen Sie sich wie ein Pr\u00e4sident<\/h2>\t\t\t\t<\/div>\n\t\t\t\t<\/div>\n\t\t\t\t\t<\/div>\n\t\t<\/div>\n\t\t\t\t<div class=\"elementor-column elementor-col-25 elementor-top-column elementor-element elementor-element-949151d\" data-id=\"949151d\" data-element_type=\"column\" data-e-type=\"column\" data-settings=\"{&quot;background_background&quot;:&quot;classic&quot;}\">\n\t\t\t<div class=\"elementor-widget-wrap elementor-element-populated\">\n\t\t\t\t\t\t<div class=\"elementor-element elementor-element-7c92d47 elementor-widget elementor-widget-image\" data-id=\"7c92d47\" data-element_type=\"widget\" data-e-type=\"widget\" data-widget_type=\"image.default\">\n\t\t\t\t<div class=\"elementor-widget-container\">\n\t\t\t\t\t\t\t\t\t\t\t\t\t\t\t\t<a href=\"\/de\/arrangementen\/luxe-verwen-arrangement\/\">\n\t\t\t\t\t\t\t<img loading=\"lazy\" decoding=\"async\" width=\"800\" height=\"600\" src=\"https:\/\/www.hoteltheroosevelt.com\/wp-content\/uploads\/2024\/02\/Ontwerp-zonder-titel.jpg\" class=\"attachment-large size-large wp-image-2534\" alt=\"\" srcset=\"https:\/\/www.hoteltheroosevelt.com\/wp-content\/uploads\/2024\/02\/Ontwerp-zonder-titel.jpg 1024w, https:\/\/www.hoteltheroosevelt.com\/wp-content\/uploads\/2024\/02\/Ontwerp-zonder-titel-300x225.jpg 300w, https:\/\/www.hoteltheroosevelt.com\/wp-content\/uploads\/2024\/02\/Ontwerp-zonder-titel-768x576.jpg 768w, https:\/\/www.hoteltheroosevelt.com\/wp-content\/uploads\/2024\/02\/Ontwerp-zonder-titel-16x12.jpg 16w\" sizes=\"(max-width: 800px) 100vw, 800px\" title=\"\">\t\t\t\t\t\t\t\t<\/a>\n\t\t\t\t\t\t\t\t\t\t\t\t\t\t\t<\/div>\n\t\t\t\t<\/div>\n\t\t\t\t<div class=\"elementor-element elementor-element-f8d25d7 elementor-widget elementor-widget-heading\" data-id=\"f8d25d7\" data-element_type=\"widget\" data-e-type=\"widget\" data-widget_type=\"heading.default\">\n\t\t\t\t<div class=\"elementor-widget-container\">\n\t\t\t\t\t<h3 class=\"elementor-heading-title elementor-size-default\">Verw\u00f6hnpaket<\/h3>\t\t\t\t<\/div>\n\t\t\t\t<\/div>\n\t\t\t\t<div class=\"elementor-element elementor-element-363390c elementor-widget elementor-widget-heading\" data-id=\"363390c\" data-element_type=\"widget\" data-e-type=\"widget\" data-widget_type=\"heading.default\">\n\t\t\t\t<div class=\"elementor-widget-container\">\n\t\t\t\t\t<h2 class=\"elementor-heading-title elementor-size-default\">Luxuri\u00f6ses Verw\u00f6hnpaket<\/h2>\t\t\t\t<\/div>\n\t\t\t\t<\/div>\n\t\t\t\t\t<\/div>\n\t\t<\/div>\n\t\t\t\t\t<\/div>\n\t\t<\/section>\n\t\t\t\t<\/div>","protected":false},"excerpt":{"rendered":"<p>Hotelpakete Wellness genie\u00dfen Entspannungspaket Zeeland entdecken Wochenende frische Luft schnappen Juwel unseres Hotels F\u00fchlen Sie sich wie ein Pr\u00e4sident Verw\u00f6hnpaket Luxus-Verw\u00f6hnpaket<\/p>","protected":false},"author":2,"featured_media":0,"parent":0,"menu_order":0,"comment_status":"closed","ping_status":"closed","template":"","meta":{"footnotes":""},"class_list":["post-275","page","type-page","status-publish","hentry"],"_links":{"self":[{"href":"https:\/\/www.hoteltheroosevelt.com\/de\/wp-json\/wp\/v2\/pages\/275","targetHints":{"allow":["GET"]}}],"collection":[{"href":"https:\/\/www.hoteltheroosevelt.com\/de\/wp-json\/wp\/v2\/pages"}],"about":[{"href":"https:\/\/www.hoteltheroosevelt.com\/de\/wp-json\/wp\/v2\/types\/page"}],"author":[{"embeddable":true,"href":"https:\/\/www.hoteltheroosevelt.com\/de\/wp-json\/wp\/v2\/users\/2"}],"replies":[{"embeddable":true,"href":"https:\/\/www.hoteltheroosevelt.com\/de\/wp-json\/wp\/v2\/comments?post=275"}],"version-history":[{"count":37,"href":"https:\/\/www.hoteltheroosevelt.com\/de\/wp-json\/wp\/v2\/pages\/275\/revisions"}],"predecessor-version":[{"id":2550,"href":"https:\/\/www.hoteltheroosevelt.com\/de\/wp-json\/wp\/v2\/pages\/275\/revisions\/2550"}],"wp:attachment":[{"href":"https:\/\/www.hoteltheroosevelt.com\/de\/wp-json\/wp\/v2\/media?parent=275"}],"curies":[{"name":"wp","href":"https:\/\/api.w.org\/{rel}","templated":true}]}}