{"id":338,"date":"2023-08-09T16:46:07","date_gmt":"2023-08-09T14:46:07","guid":{"rendered":"https:\/\/roosevelt.rexturbohosting.com\/?page_id=338"},"modified":"2024-08-26T15:49:00","modified_gmt":"2024-08-26T13:49:00","slug":"ontbijt","status":"publish","type":"page","link":"https:\/\/www.hoteltheroosevelt.com\/de\/restaurant-the-lounge\/ontbijt\/","title":{"rendered":"Fr\u00fchst\u00fcck"},"content":{"rendered":"<div data-elementor-type=\"wp-page\" data-elementor-id=\"338\" class=\"elementor elementor-338\" data-elementor-post-type=\"page\">\n\t\t\t\t\t\t<section class=\"elementor-section elementor-top-section elementor-element elementor-element-0dc36b0 elementor-section-boxed elementor-section-height-default elementor-section-height-default\" data-id=\"0dc36b0\" data-element_type=\"section\" data-e-type=\"section\">\n\t\t\t\t\t\t<div class=\"elementor-container elementor-column-gap-wide\">\n\t\t\t\t\t<div class=\"elementor-column elementor-col-50 elementor-top-column elementor-element elementor-element-b6cf87d\" data-id=\"b6cf87d\" data-element_type=\"column\" data-e-type=\"column\">\n\t\t\t<div class=\"elementor-widget-wrap elementor-element-populated\">\n\t\t\t\t\t\t<div class=\"elementor-element elementor-element-e61a25d elementor-widget elementor-widget-heading\" data-id=\"e61a25d\" data-element_type=\"widget\" data-e-type=\"widget\" data-widget_type=\"heading.default\">\n\t\t\t\t<div class=\"elementor-widget-container\">\n\t\t\t\t\t<h1 class=\"elementor-heading-title elementor-size-default\">Genie\u00dfen Sie ein k\u00f6stliches Fr\u00fchst\u00fcck<\/h1>\t\t\t\t<\/div>\n\t\t\t\t<\/div>\n\t\t\t\t<div class=\"elementor-element elementor-element-895fb9c elementor-widget elementor-widget-heading\" data-id=\"895fb9c\" data-element_type=\"widget\" data-e-type=\"widget\" data-widget_type=\"heading.default\">\n\t\t\t\t<div class=\"elementor-widget-container\">\n\t\t\t\t\t<h3 class=\"elementor-heading-title elementor-size-default\">Lehnen Sie sich zur\u00fcck und lassen Sie sich bedienen.<\/h3>\t\t\t\t<\/div>\n\t\t\t\t<\/div>\n\t\t\t\t<div class=\"elementor-element elementor-element-14d08cf elementor-widget elementor-widget-text-editor\" data-id=\"14d08cf\" data-element_type=\"widget\" data-e-type=\"widget\" data-widget_type=\"text-editor.default\">\n\t\t\t\t<div class=\"elementor-widget-container\">\n\t\t\t\t\t\t\t\t\t<p><strong>Ihr Fr\u00fchst\u00fcck wird am Tisch serviert und besteht aus frischem Orangensaft, frisch gebackenen Br\u00f6tchen, Joghurt und Zeeland-K\u00e4se. frisch gepresstes Fleisch. Zeeland-Marmelade und eine Reihe anderer K\u00f6stlichkeiten, bei denen Nachhaltigkeit eine wichtige Rolle spielt, servieren wir unsere eigene Mischung aus Kaffee fairer Herkunft und reinen Arabica-Bohnen. Dazu exklusive Tees von Modiano.<br><\/strong><strong> <br><\/strong>Beim Check-in k\u00f6nnen Sie angeben, wann Sie fr\u00fchst\u00fccken m\u00f6chten. Wir haben kein Buffet, sondern servieren Ihr Fr\u00fchst\u00fcck am Tisch. Sie k\u00f6nnen auch angeben, wie Ihr Ei zubereitet werden soll. R\u00fchrei, R\u00fchrei, Omelett oder weich oder hart gekocht.<\/p>\n<p><strong>Di\u00e4t oder Allergie<\/strong><br>Haben Sie eine Di\u00e4t oder m\u00f6chten Sie ein gluten- oder laktosefreies Fr\u00fchst\u00fcck? Kein Problem. Geben Sie uns beim Check-in Bescheid und wir k\u00fcmmern uns darum!<\/p>\n<p><strong>Vegetarisch oder vegan<\/strong><br>Sie k\u00f6nnen dies auch beim Check-in angeben. Wir werden dann versuchen, Ihre W\u00fcnsche bestm\u00f6glich zu erf\u00fcllen.<\/p>\n<p><strong>Serviertes Fr\u00fchst\u00fcck und Nachhaltigkeit<\/strong><br>Wir servieren das Fr\u00fchst\u00fcck an Ihrem Tisch. Wir machen das auch, weil dadurch viel weniger \u00fcbrig bleibt als beim Buffet. Ein Buffet muss bis zur letzten Minute aufgef\u00fcllt werden, wodurch immer viel Verlust entsteht.<br>Beim von uns servierten Fr\u00fchst\u00fcck bieten wir Ihnen eine Auswahl verschiedener Speisen auf einem Teller an. Unsere Mitarbeiter essen den Rest w\u00e4hrend des Mittagessens und k\u00f6nnen ihn nach der Arbeit mit nach Hause nehmen.<\/p>\n<p><strong>Sie sind kein Hotelgast, m\u00f6chten aber fr\u00fchst\u00fccken?<\/strong><br>Sie sind kein Hotelgast, m\u00f6chten aber gerne unser leckeres Fr\u00fchst\u00fcck genie\u00dfen? Sie sind herzlich willkommen, aber informieren Sie uns bitte im Voraus, wenn Ihre Gruppe mehr als vier Personen umfasst. Sie erreichen uns telefonisch unter 0118-436360 oder per E-Mail unter <span class=\"cloaked_email\">info@hoteltheroosevelt.nl.<\/span><\/p>\t\t\t\t\t\t\t\t<\/div>\n\t\t\t\t<\/div>\n\t\t\t\t\t<\/div>\n\t\t<\/div>\n\t\t\t\t<div class=\"elementor-column elementor-col-50 elementor-top-column elementor-element elementor-element-280f021\" data-id=\"280f021\" data-element_type=\"column\" data-e-type=\"column\">\n\t\t\t<div class=\"elementor-widget-wrap elementor-element-populated\">\n\t\t\t\t\t\t<div class=\"elementor-element elementor-element-eab9a5d elementor-widget elementor-widget-image\" data-id=\"eab9a5d\" data-element_type=\"widget\" data-e-type=\"widget\" data-widget_type=\"image.default\">\n\t\t\t\t<div class=\"elementor-widget-container\">\n\t\t\t\t\t\t\t\t\t\t\t\t\t\t\t<img fetchpriority=\"high\" decoding=\"async\" width=\"800\" height=\"800\" src=\"https:\/\/www.hoteltheroosevelt.com\/wp-content\/uploads\/2023\/11\/Fotos-voor-op-de-nieuwe-website-1-1024x1024.png\" class=\"attachment-large size-large wp-image-1835\" alt=\"\" srcset=\"https:\/\/www.hoteltheroosevelt.com\/wp-content\/uploads\/2023\/11\/Fotos-voor-op-de-nieuwe-website-1-1024x1024.png 1024w, https:\/\/www.hoteltheroosevelt.com\/wp-content\/uploads\/2023\/11\/Fotos-voor-op-de-nieuwe-website-1-300x300.png 300w, https:\/\/www.hoteltheroosevelt.com\/wp-content\/uploads\/2023\/11\/Fotos-voor-op-de-nieuwe-website-1-150x150.png 150w, https:\/\/www.hoteltheroosevelt.com\/wp-content\/uploads\/2023\/11\/Fotos-voor-op-de-nieuwe-website-1-768x768.png 768w, https:\/\/www.hoteltheroosevelt.com\/wp-content\/uploads\/2023\/11\/Fotos-voor-op-de-nieuwe-website-1-12x12.png 12w, https:\/\/www.hoteltheroosevelt.com\/wp-content\/uploads\/2023\/11\/Fotos-voor-op-de-nieuwe-website-1.png 1080w\" sizes=\"(max-width: 800px) 100vw, 800px\" title=\"\">\t\t\t\t\t\t\t\t\t\t\t\t\t\t\t<\/div>\n\t\t\t\t<\/div>\n\t\t\t\t\t<\/div>\n\t\t<\/div>\n\t\t\t\t\t<\/div>\n\t\t<\/section>\n\t\t\t\t<\/div>","protected":false},"excerpt":{"rendered":"<p>Geniet van een heerlijk ontbijt Leun achterover en laat u bedienen. Uw ontbijt wordt aan tafel geserveerd en bestaat o.a. uit verse jus d&#8217;orange, vers afgebakken broodjes&#8217;, yoghurt, Zeeuwse kaas. verse gesnelden vleeswaren. Zeeuwse jam en nog een aantal heerlijkheden, waarbij duurzaamheid een belangrijke plaats inneemt, wij serveren onze eigen blend fair origin koffie, met [&hellip;]<\/p>\n","protected":false},"author":2,"featured_media":0,"parent":270,"menu_order":0,"comment_status":"closed","ping_status":"closed","template":"","meta":{"footnotes":""},"class_list":["post-338","page","type-page","status-publish","hentry"],"_links":{"self":[{"href":"https:\/\/www.hoteltheroosevelt.com\/de\/wp-json\/wp\/v2\/pages\/338","targetHints":{"allow":["GET"]}}],"collection":[{"href":"https:\/\/www.hoteltheroosevelt.com\/de\/wp-json\/wp\/v2\/pages"}],"about":[{"href":"https:\/\/www.hoteltheroosevelt.com\/de\/wp-json\/wp\/v2\/types\/page"}],"author":[{"embeddable":true,"href":"https:\/\/www.hoteltheroosevelt.com\/de\/wp-json\/wp\/v2\/users\/2"}],"replies":[{"embeddable":true,"href":"https:\/\/www.hoteltheroosevelt.com\/de\/wp-json\/wp\/v2\/comments?post=338"}],"version-history":[{"count":20,"href":"https:\/\/www.hoteltheroosevelt.com\/de\/wp-json\/wp\/v2\/pages\/338\/revisions"}],"predecessor-version":[{"id":3245,"href":"https:\/\/www.hoteltheroosevelt.com\/de\/wp-json\/wp\/v2\/pages\/338\/revisions\/3245"}],"up":[{"embeddable":true,"href":"https:\/\/www.hoteltheroosevelt.com\/de\/wp-json\/wp\/v2\/pages\/270"}],"wp:attachment":[{"href":"https:\/\/www.hoteltheroosevelt.com\/de\/wp-json\/wp\/v2\/media?parent=338"}],"curies":[{"name":"wp","href":"https:\/\/api.w.org\/{rel}","templated":true}]}}