{"id":4052,"date":"2026-02-18T11:47:15","date_gmt":"2026-02-18T10:47:15","guid":{"rendered":"https:\/\/www.hoteltheroosevelt.com\/?page_id=4052"},"modified":"2026-02-18T11:51:31","modified_gmt":"2026-02-18T10:51:31","slug":"pinsa","status":"publish","type":"page","link":"https:\/\/www.hoteltheroosevelt.com\/de\/pinsa\/","title":{"rendered":"Pinsa"},"content":{"rendered":"<div data-elementor-type=\"wp-page\" data-elementor-id=\"4052\" class=\"elementor elementor-4052\" data-elementor-post-type=\"page\">\n\t\t\t\t<div class=\"elementor-element elementor-element-311410e e-flex e-con-boxed e-con e-parent\" data-id=\"311410e\" data-element_type=\"container\" data-e-type=\"container\">\n\t\t\t\t\t<div class=\"e-con-inner\">\n\t\t\t\t<div class=\"elementor-element elementor-element-f87c148 elementor-widget elementor-widget-heading\" data-id=\"f87c148\" data-element_type=\"widget\" data-e-type=\"widget\" data-widget_type=\"heading.default\">\n\t\t\t\t<div class=\"elementor-widget-container\">\n\t\t\t\t\t<h1 class=\"elementor-heading-title elementor-size-default\">Pinsa<\/h1>\t\t\t\t<\/div>\n\t\t\t\t<\/div>\n\t\t\t\t\t<\/div>\n\t\t\t\t<\/div>\n\t\t<div class=\"elementor-element elementor-element-37856ae e-flex e-con-boxed e-con e-parent\" data-id=\"37856ae\" data-element_type=\"container\" data-e-type=\"container\">\n\t\t\t\t\t<div class=\"e-con-inner\">\n\t\t\t\t<div class=\"elementor-element elementor-element-cfb4c56 elementor-widget elementor-widget-text-editor\" data-id=\"cfb4c56\" data-element_type=\"widget\" data-e-type=\"widget\" data-widget_type=\"text-editor.default\">\n\t\t\t\t<div class=\"elementor-widget-container\">\n\t\t\t\t\t\t\t\t\t<div class=\"elementor-element elementor-element-e24d195 elementor-widget elementor-widget-text-editor\" data-id=\"e24d195\" data-element_type=\"widget\" data-e-type=\"widget\" data-widget_type=\"text-editor.default\"><div class=\"elementor-widget-container\"><table><tbody><tr><td>Sizilianischer Sonnenuntergang<br \/><em>Peperoni, Mozzarella, Oliven, Paprika, sizilianische Kirschtomatensauce<\/em><\/td><td>\u20ac15<\/td><\/tr><tr><td><p>Das Dolce Vita<br \/><em>Mozzarella, Motradella, Pistazienpesto, sizilianische Kirschtomatensauce, Pistazie<\/em><\/p><\/td><td>\u20ac15<\/td><\/tr><tr><td>Mittelmeer<br \/><em>Thunfisch, Mozzarella, rote Zwiebeln, Kapern, sizilianische Kirschtomatensauce<\/em><\/td><td>\u20ac15<\/td><\/tr><tr><td>Blauer Mond (Vega)<br \/><em>Spinat, Gorgonzola, Kirschtomaten, Mozzarella, Pinienkerne, sizilianische Kirschtomatensauce<\/em><\/td><td>\u20ac14<\/td><\/tr><tr><td>Birnen Royale (Vega)<br \/><em>Birne, Ziegenk\u00e4se, Waln\u00fcsse, Feigenpaste, Oliven\u00f6l, Thymian<\/em><\/td><td>\u20ac14<\/td><\/tr><tr><td>Vegano Verde (Vegan)<br \/><em>Gem\u00fcsemozzarella, Paprika, Aubergine, Pistazienpesto, Zwiebel, Zucchini, sizilianische Kirschtomatensauce<\/em><\/td><td>\u20ac15<\/td><\/tr><tr><td>Dubai Schokolade<br \/><em>Schokoladenaufstrich, Pistazie, Erdbeere (auch vegane Option)<\/em><\/td><td>\u20ac14<\/td><\/tr><\/tbody><\/table><\/div><\/div><div class=\"elementor-element elementor-element-771b7c5 elementor-widget__width-initial elementor-widget elementor-widget-text-editor\" data-id=\"771b7c5\" data-element_type=\"widget\" data-e-type=\"widget\" data-widget_type=\"text-editor.default\"><div class=\"elementor-widget-container\"><p><br \/>Entdecken Sie den authentischen Geschmack der Pinsa! Leichter als Pizza, knuspriger als Focaccia. Pinsa ist die kulinarische Sensation aus Rom!<\/p><p>Durch die sorgf\u00e4ltige Zubereitung und die lange Gehzeit wird die Pinsa nicht nur au\u00dfen herrlich knusprig, sondern bleibt gleichzeitig auch wunderbar luftig.<\/p><p>Wir importieren unsere Pinsa direkt aus Italien!<\/p><\/div><\/div>\t\t\t\t\t\t\t\t<\/div>\n\t\t\t\t<\/div>\n\t\t\t\t\t<\/div>\n\t\t\t\t<\/div>\n\t\t\t\t<\/div>","protected":false},"excerpt":{"rendered":"<p>Pinsa Sicilian SunsetPepperoni, Mozzarella, Olijven, Paprika, Siciliaanse cherry tomatensaus \u20ac15 La Dolce VitaMozzarella, Motradella, Pistache Pesto, Siciliaanse Cherry-tomatensaus, Pistache \u20ac15 MediterraneoTonijn, Mozzarella, Rode Ui, Kappertjes, Siciliaanse Cherry-tomatensaus \u20ac15 Blue Moon (Vega)Spinazie, Gorgonzola, Cherrytomaat, Mozzarella, Pijnboompitjes, Siciliaanse Cherry-tomatensaus \u20ac14 Pear Royale (Vega)Peer, Geitenkaas, Walnoten, Vijgenpasta, Olijfolie, Tijm \u20ac14 Vegano Verde (Vegan)Plantaardige Mozzarella, Paprika, Aubergine, Pistache Pesto, [&hellip;]<\/p>\n","protected":false},"author":2,"featured_media":0,"parent":0,"menu_order":0,"comment_status":"closed","ping_status":"closed","template":"","meta":{"footnotes":""},"class_list":["post-4052","page","type-page","status-publish","hentry"],"_links":{"self":[{"href":"https:\/\/www.hoteltheroosevelt.com\/de\/wp-json\/wp\/v2\/pages\/4052","targetHints":{"allow":["GET"]}}],"collection":[{"href":"https:\/\/www.hoteltheroosevelt.com\/de\/wp-json\/wp\/v2\/pages"}],"about":[{"href":"https:\/\/www.hoteltheroosevelt.com\/de\/wp-json\/wp\/v2\/types\/page"}],"author":[{"embeddable":true,"href":"https:\/\/www.hoteltheroosevelt.com\/de\/wp-json\/wp\/v2\/users\/2"}],"replies":[{"embeddable":true,"href":"https:\/\/www.hoteltheroosevelt.com\/de\/wp-json\/wp\/v2\/comments?post=4052"}],"version-history":[{"count":7,"href":"https:\/\/www.hoteltheroosevelt.com\/de\/wp-json\/wp\/v2\/pages\/4052\/revisions"}],"predecessor-version":[{"id":4059,"href":"https:\/\/www.hoteltheroosevelt.com\/de\/wp-json\/wp\/v2\/pages\/4052\/revisions\/4059"}],"wp:attachment":[{"href":"https:\/\/www.hoteltheroosevelt.com\/de\/wp-json\/wp\/v2\/media?parent=4052"}],"curies":[{"name":"wp","href":"https:\/\/api.w.org\/{rel}","templated":true}]}}