{"id":429,"date":"2023-08-10T14:55:51","date_gmt":"2023-08-10T12:55:51","guid":{"rendered":"https:\/\/roosevelt.rexturbohosting.com\/?page_id=429"},"modified":"2024-06-24T15:53:25","modified_gmt":"2024-06-24T13:53:25","slug":"hoteltuin","status":"publish","type":"page","link":"https:\/\/www.hoteltheroosevelt.com\/de\/faciliteiten\/hoteltuin\/","title":{"rendered":"Hotelgarten"},"content":{"rendered":"<div data-elementor-type=\"wp-page\" data-elementor-id=\"429\" class=\"elementor elementor-429\" data-elementor-post-type=\"page\">\n\t\t\t\t\t\t<section class=\"elementor-section elementor-top-section elementor-element elementor-element-e55d380 elementor-section-content-middle elementor-section-boxed elementor-section-height-default elementor-section-height-default\" data-id=\"e55d380\" data-element_type=\"section\" data-e-type=\"section\">\n\t\t\t\t\t\t<div class=\"elementor-container elementor-column-gap-wide\">\n\t\t\t\t\t<div class=\"elementor-column elementor-col-50 elementor-top-column elementor-element elementor-element-23264ac\" data-id=\"23264ac\" data-element_type=\"column\" data-e-type=\"column\">\n\t\t\t<div class=\"elementor-widget-wrap elementor-element-populated\">\n\t\t\t\t\t\t<div class=\"elementor-element elementor-element-40a6a90 elementor-widget elementor-widget-image\" data-id=\"40a6a90\" data-element_type=\"widget\" data-e-type=\"widget\" data-widget_type=\"image.default\">\n\t\t\t\t<div class=\"elementor-widget-container\">\n\t\t\t\t\t\t\t\t\t\t\t\t\t\t\t<img fetchpriority=\"high\" decoding=\"async\" width=\"683\" height=\"1024\" src=\"https:\/\/www.hoteltheroosevelt.com\/wp-content\/uploads\/2023\/08\/Hotel-The-Roosevelt-The-Lounge-juni-2023-55-683x1024.jpg\" class=\"attachment-large size-large wp-image-431\" alt=\"\" srcset=\"https:\/\/www.hoteltheroosevelt.com\/wp-content\/uploads\/2023\/08\/Hotel-The-Roosevelt-The-Lounge-juni-2023-55-683x1024.jpg 683w, https:\/\/www.hoteltheroosevelt.com\/wp-content\/uploads\/2023\/08\/Hotel-The-Roosevelt-The-Lounge-juni-2023-55-200x300.jpg 200w, https:\/\/www.hoteltheroosevelt.com\/wp-content\/uploads\/2023\/08\/Hotel-The-Roosevelt-The-Lounge-juni-2023-55-768x1152.jpg 768w, https:\/\/www.hoteltheroosevelt.com\/wp-content\/uploads\/2023\/08\/Hotel-The-Roosevelt-The-Lounge-juni-2023-55-1024x1536.jpg 1024w, https:\/\/www.hoteltheroosevelt.com\/wp-content\/uploads\/2023\/08\/Hotel-The-Roosevelt-The-Lounge-juni-2023-55-8x12.jpg 8w, https:\/\/www.hoteltheroosevelt.com\/wp-content\/uploads\/2023\/08\/Hotel-The-Roosevelt-The-Lounge-juni-2023-55.jpg 1067w\" sizes=\"(max-width: 683px) 100vw, 683px\" title=\"\">\t\t\t\t\t\t\t\t\t\t\t\t\t\t\t<\/div>\n\t\t\t\t<\/div>\n\t\t\t\t\t<\/div>\n\t\t<\/div>\n\t\t\t\t<div class=\"elementor-column elementor-col-50 elementor-top-column elementor-element elementor-element-3f2daba\" data-id=\"3f2daba\" data-element_type=\"column\" data-e-type=\"column\">\n\t\t\t<div class=\"elementor-widget-wrap elementor-element-populated\">\n\t\t\t\t\t\t<div class=\"elementor-element elementor-element-81317ee elementor-widget elementor-widget-heading\" data-id=\"81317ee\" data-element_type=\"widget\" data-e-type=\"widget\" data-widget_type=\"heading.default\">\n\t\t\t\t<div class=\"elementor-widget-container\">\n\t\t\t\t\t<h1 class=\"elementor-heading-title elementor-size-default\">Hotelgarten<\/h1>\t\t\t\t<\/div>\n\t\t\t\t<\/div>\n\t\t\t\t<div class=\"elementor-element elementor-element-6fd30ea elementor-widget elementor-widget-text-editor\" data-id=\"6fd30ea\" data-element_type=\"widget\" data-e-type=\"widget\" data-widget_type=\"text-editor.default\">\n\t\t\t\t<div class=\"elementor-widget-container\">\n\t\t\t\t\t\t\t\t\t<p><strong>Auf der R\u00fcckseite unseres Hotels finden Sie unseren gro\u00dfen Hotelgarten. Eine Oase im Zentrum von Middelburg.<\/strong><\/p>\n<p>Hier k\u00f6nnen Sie Ruhe und Wohlstand genie\u00dfen. Angrenzend an die Terrasse befindet sich die ger\u00e4umige Lounge, in der Sie in den gem\u00fctlichen Sitzbereichen mit sch\u00f6nen Sofas und ger\u00e4umigen Sesseln entspannen k\u00f6nnen. Im Sommer stehen Ihnen die T\u00fcren zur Terrasse offen und Sie k\u00f6nnen tags\u00fcber die Sonne genie\u00dfen, abends aber auch im stimmungsvoll beleuchteten Hotelgarten entspannen. Ein Getr\u00e4nk, der freundliche Service, das vermittelt das ultimative Urlaubsgef\u00fchl.&nbsp;<\/p>\t\t\t\t\t\t\t\t<\/div>\n\t\t\t\t<\/div>\n\t\t\t\t\t<\/div>\n\t\t<\/div>\n\t\t\t\t\t<\/div>\n\t\t<\/section>\n\t\t\t\t<\/div>","protected":false},"excerpt":{"rendered":"<p>Hoteltuin Aan de achterzijde van ons hotel vindt u onze grote hoteltuin. Een oase in het centrum van Middelburg. Hier kunt u heerlijk genieten van rust en rijkdom. Aangrenzend aan het terras ligt de ruime lounge, waar u kunt ontspannen in de gezellige zithoekjes met heerlijke bankjes en ruime fauteuils. Zomers staan de deuren naar [&hellip;]<\/p>\n","protected":false},"author":2,"featured_media":0,"parent":277,"menu_order":0,"comment_status":"closed","ping_status":"closed","template":"","meta":{"footnotes":""},"class_list":["post-429","page","type-page","status-publish","hentry"],"_links":{"self":[{"href":"https:\/\/www.hoteltheroosevelt.com\/de\/wp-json\/wp\/v2\/pages\/429","targetHints":{"allow":["GET"]}}],"collection":[{"href":"https:\/\/www.hoteltheroosevelt.com\/de\/wp-json\/wp\/v2\/pages"}],"about":[{"href":"https:\/\/www.hoteltheroosevelt.com\/de\/wp-json\/wp\/v2\/types\/page"}],"author":[{"embeddable":true,"href":"https:\/\/www.hoteltheroosevelt.com\/de\/wp-json\/wp\/v2\/users\/2"}],"replies":[{"embeddable":true,"href":"https:\/\/www.hoteltheroosevelt.com\/de\/wp-json\/wp\/v2\/comments?post=429"}],"version-history":[{"count":13,"href":"https:\/\/www.hoteltheroosevelt.com\/de\/wp-json\/wp\/v2\/pages\/429\/revisions"}],"predecessor-version":[{"id":1008,"href":"https:\/\/www.hoteltheroosevelt.com\/de\/wp-json\/wp\/v2\/pages\/429\/revisions\/1008"}],"up":[{"embeddable":true,"href":"https:\/\/www.hoteltheroosevelt.com\/de\/wp-json\/wp\/v2\/pages\/277"}],"wp:attachment":[{"href":"https:\/\/www.hoteltheroosevelt.com\/de\/wp-json\/wp\/v2\/media?parent=429"}],"curies":[{"name":"wp","href":"https:\/\/api.w.org\/{rel}","templated":true}]}}