{"id":461,"date":"2023-08-10T15:05:36","date_gmt":"2023-08-10T13:05:36","guid":{"rendered":"https:\/\/roosevelt.rexturbohosting.com\/?page_id=461"},"modified":"2025-11-29T14:24:26","modified_gmt":"2025-11-29T13:24:26","slug":"parkeren","status":"publish","type":"page","link":"https:\/\/www.hoteltheroosevelt.com\/de\/faciliteiten\/parkeren\/","title":{"rendered":"Parken"},"content":{"rendered":"<div data-elementor-type=\"wp-page\" data-elementor-id=\"461\" class=\"elementor elementor-461\" data-elementor-post-type=\"page\">\n\t\t\t\t\t\t<section class=\"elementor-section elementor-top-section elementor-element elementor-element-c57425a elementor-section-content-middle elementor-section-boxed elementor-section-height-default elementor-section-height-default\" data-id=\"c57425a\" data-element_type=\"section\" data-e-type=\"section\">\n\t\t\t\t\t\t<div class=\"elementor-container elementor-column-gap-wide\">\n\t\t\t\t\t<div class=\"elementor-column elementor-col-50 elementor-top-column elementor-element elementor-element-e0e37bf\" data-id=\"e0e37bf\" data-element_type=\"column\" data-e-type=\"column\">\n\t\t\t<div class=\"elementor-widget-wrap elementor-element-populated\">\n\t\t\t\t\t\t<div class=\"elementor-element elementor-element-498b2ad elementor-widget elementor-widget-image\" data-id=\"498b2ad\" data-element_type=\"widget\" data-e-type=\"widget\" data-widget_type=\"image.default\">\n\t\t\t\t<div class=\"elementor-widget-container\">\n\t\t\t\t\t\t\t\t\t\t\t\t\t\t\t<img fetchpriority=\"high\" decoding=\"async\" width=\"800\" height=\"600\" src=\"https:\/\/www.hoteltheroosevelt.com\/wp-content\/uploads\/2023\/09\/IMG_5059-1-1024x768.jpeg\" class=\"attachment-large size-large wp-image-807\" alt=\"\" srcset=\"https:\/\/www.hoteltheroosevelt.com\/wp-content\/uploads\/2023\/09\/IMG_5059-1-1024x768.jpeg 1024w, https:\/\/www.hoteltheroosevelt.com\/wp-content\/uploads\/2023\/09\/IMG_5059-1-300x225.jpeg 300w, https:\/\/www.hoteltheroosevelt.com\/wp-content\/uploads\/2023\/09\/IMG_5059-1-768x576.jpeg 768w, https:\/\/www.hoteltheroosevelt.com\/wp-content\/uploads\/2023\/09\/IMG_5059-1-1536x1152.jpeg 1536w, https:\/\/www.hoteltheroosevelt.com\/wp-content\/uploads\/2023\/09\/IMG_5059-1-2048x1536.jpeg 2048w, https:\/\/www.hoteltheroosevelt.com\/wp-content\/uploads\/2023\/09\/IMG_5059-1-16x12.jpeg 16w\" sizes=\"(max-width: 800px) 100vw, 800px\" title=\"\">\t\t\t\t\t\t\t\t\t\t\t\t\t\t\t<\/div>\n\t\t\t\t<\/div>\n\t\t\t\t\t<\/div>\n\t\t<\/div>\n\t\t\t\t<div class=\"elementor-column elementor-col-50 elementor-top-column elementor-element elementor-element-555b7a0\" data-id=\"555b7a0\" data-element_type=\"column\" data-e-type=\"column\">\n\t\t\t<div class=\"elementor-widget-wrap elementor-element-populated\">\n\t\t\t\t\t\t<div class=\"elementor-element elementor-element-5aee09c elementor-widget elementor-widget-heading\" data-id=\"5aee09c\" data-element_type=\"widget\" data-e-type=\"widget\" data-widget_type=\"heading.default\">\n\t\t\t\t<div class=\"elementor-widget-container\">\n\t\t\t\t\t<h1 class=\"elementor-heading-title elementor-size-default\">Parken<\/h1>\t\t\t\t<\/div>\n\t\t\t\t<\/div>\n\t\t\t\t<div class=\"elementor-element elementor-element-ec85fbd elementor-widget elementor-widget-text-editor\" data-id=\"ec85fbd\" data-element_type=\"widget\" data-e-type=\"widget\" data-widget_type=\"text-editor.default\">\n\t\t\t\t<div class=\"elementor-widget-container\">\n\t\t\t\t\t\t\t\t\t<p>Bei Ihrer Ankunft k\u00f6nnen Sie direkt vor unserer T\u00fcr parken und einchecken. Wir verf\u00fcgen \u00fcber einen eigenen Kurzzeitparkplatz. Es stehen Ihnen verschiedene Parkm\u00f6glichkeiten zur Verf\u00fcgung, die Ihnen unsere Gastgeber bei Ihrer Ankunft gerne pers\u00f6nlich erl\u00e4utern.<\/p><p><strong>Parken vor dem Hotel<br \/><\/strong>Im gesamten Stadtzentrum von Middelburg gilt von 8:00 bis 20:00 Uhr eine Parkgeb\u00fchr, au\u00dfer an Sonn- und Feiertagen. Die ersten zwei Stunden kosten 3 \u20ac pro Stunde, danach 6 \u20ac pro Stunde.<\/p><p data-start=\"305\" data-end=\"461\">Sie k\u00f6nnen direkt vor dem Hotel parken, beachten Sie jedoch bitte, dass das Parken geb\u00fchrenpflichtig ist. Verst\u00f6\u00dfe werden streng \u00fcberwacht, und es wird eine Geldstrafe von mindestens 60 \u20ac verh\u00e4ngt.<\/p><p><strong>Bewachtes Parkhaus<\/strong><br \/>Ein bewachtes Parkhaus befindet sich 5 Gehminuten vom Hotel entfernt. Sie k\u00f6nnen hier entweder selbst parken oder es von uns erledigen lassen (Valet Parking, gegen Aufpreis). Die Kosten f\u00fcr das Parken im Parkhaus betragen maximal 11,30 \u20ac pro Tag, an Sonn- und Feiertagen ist es jedoch kostenlos. Sie m\u00fcssen nicht im Voraus buchen. Sie k\u00f6nnen beim Verlassen des Parkhauses bezahlen. In der Garage befinden sich 4 Ladestationen f\u00fcr Elektroautos.<br \/><br \/><strong>Parkservice<br \/><\/strong>Wir bieten Ihnen Valet Parking an. Ihr Auto wird dann von unseren Mitarbeitern in einem rund um die Uhr gesicherten Parkhaus geparkt. F\u00fcr etwaige Sch\u00e4den ist das Hotel versichert. Kostet 45 \u20ac pro Tag.<strong><br \/><\/strong><\/p>\t\t\t\t\t\t\t\t<\/div>\n\t\t\t\t<\/div>\n\t\t\t\t<div class=\"elementor-element elementor-element-7d6239a elementor-widget elementor-widget-button\" data-id=\"7d6239a\" data-element_type=\"widget\" data-e-type=\"widget\" data-widget_type=\"button.default\">\n\t\t\t\t<div class=\"elementor-widget-container\">\n\t\t\t\t\t\t\t\t\t<div class=\"elementor-button-wrapper\">\n\t\t\t\t\t<a class=\"elementor-button elementor-button-link elementor-size-md\" href=\"https:\/\/maps.app.goo.gl\/txJcjJe2TX72gyxb9\" target=\"_blank\" rel=\"noopener\">\n\t\t\t\t\t\t<span class=\"elementor-button-content-wrapper\">\n\t\t\t\t\t\t\t\t\t<span class=\"elementor-button-text\">Weg zum Parkhaus<\/span>\n\t\t\t\t\t<\/span>\n\t\t\t\t\t<\/a>\n\t\t\t\t<\/div>\n\t\t\t\t\t\t\t\t<\/div>\n\t\t\t\t<\/div>\n\t\t\t\t\t<\/div>\n\t\t<\/div>\n\t\t\t\t\t<\/div>\n\t\t<\/section>\n\t\t\t\t<section class=\"elementor-section elementor-top-section elementor-element elementor-element-0698cf9 elementor-section-content-middle elementor-section-boxed elementor-section-height-default elementor-section-height-default\" data-id=\"0698cf9\" data-element_type=\"section\" data-e-type=\"section\">\n\t\t\t\t\t\t<div class=\"elementor-container elementor-column-gap-wide\">\n\t\t\t\t\t<div class=\"elementor-column elementor-col-50 elementor-top-column elementor-element elementor-element-5f894b1\" data-id=\"5f894b1\" data-element_type=\"column\" data-e-type=\"column\">\n\t\t\t<div class=\"elementor-widget-wrap elementor-element-populated\">\n\t\t\t\t\t\t<div class=\"elementor-element elementor-element-36ac70a elementor-widget elementor-widget-heading\" data-id=\"36ac70a\" data-element_type=\"widget\" data-e-type=\"widget\" data-widget_type=\"heading.default\">\n\t\t\t\t<div class=\"elementor-widget-container\">\n\t\t\t\t\t<h2 class=\"elementor-heading-title elementor-size-default\">Gratis Parkpl\u00e4tze<\/h2>\t\t\t\t<\/div>\n\t\t\t\t<\/div>\n\t\t\t\t<div class=\"elementor-element elementor-element-cd17590 elementor-widget elementor-widget-text-editor\" data-id=\"cd17590\" data-element_type=\"widget\" data-e-type=\"widget\" data-widget_type=\"text-editor.default\">\n\t\t\t\t<div class=\"elementor-widget-container\">\n\t\t\t\t\t\t\t\t\t<p>Au\u00dferdem k\u00f6nnen Sie etwa 15 Gehminuten vom Hotel entfernt kostenlos parken.<br \/>Allerdings liegt dieser au\u00dferhalb der Stadt in einem unbewachten Industriegebiet und wir empfehlen dies nicht.<\/p><p>Haftungsausschluss: Wir haften in keiner Weise f\u00fcr das Parken unserer G\u00e4ste, wenn sie dies selbst tun, dies liegt immer in Ihrer eigenen Verantwortung.<\/p><h2>\u00f6ffentlicher Verkehr<\/h2><p><span style=\"color: var( --e-global-color-text ); font-family: var( --e-global-typography-text-font-family ), Sans-serif; font-weight: var( --e-global-typography-text-font-weight );\">Der Bahnhof Middelburg ist 700 Meter zu Fu\u00df entfernt. Hier befindet sich auch der Busbahnhof.<\/span><\/p><p>Der NS-Bahnhof verf\u00fcgt \u00fcber eine direkte Intercity-Verbindung mit Rotterdam, Den Haag, dem Amsterdamer Flughafen und dem Amsterdamer Hauptbahnhof. Der Zug f\u00e4hrt jede halbe Stunde.<\/p>\t\t\t\t\t\t\t\t<\/div>\n\t\t\t\t<\/div>\n\t\t\t\t\t<\/div>\n\t\t<\/div>\n\t\t\t\t<div class=\"elementor-column elementor-col-50 elementor-top-column elementor-element elementor-element-c74066b\" data-id=\"c74066b\" data-element_type=\"column\" data-e-type=\"column\">\n\t\t\t<div class=\"elementor-widget-wrap elementor-element-populated\">\n\t\t\t\t\t\t<div class=\"elementor-element elementor-element-86dec8b elementor-widget elementor-widget-image\" data-id=\"86dec8b\" data-element_type=\"widget\" data-e-type=\"widget\" data-widget_type=\"image.default\">\n\t\t\t\t<div class=\"elementor-widget-container\">\n\t\t\t\t\t\t\t\t\t\t\t\t\t\t\t<img decoding=\"async\" width=\"800\" height=\"450\" src=\"https:\/\/www.hoteltheroosevelt.com\/wp-content\/uploads\/2023\/09\/NS-station-Middelburg-1024x576.jpeg\" class=\"attachment-large size-large wp-image-815\" alt=\"\" srcset=\"https:\/\/www.hoteltheroosevelt.com\/wp-content\/uploads\/2023\/09\/NS-station-Middelburg-1024x576.jpeg 1024w, https:\/\/www.hoteltheroosevelt.com\/wp-content\/uploads\/2023\/09\/NS-station-Middelburg-300x169.jpeg 300w, https:\/\/www.hoteltheroosevelt.com\/wp-content\/uploads\/2023\/09\/NS-station-Middelburg-768x432.jpeg 768w, https:\/\/www.hoteltheroosevelt.com\/wp-content\/uploads\/2023\/09\/NS-station-Middelburg-18x10.jpeg 18w, https:\/\/www.hoteltheroosevelt.com\/wp-content\/uploads\/2023\/09\/NS-station-Middelburg.jpeg 1200w\" sizes=\"(max-width: 800px) 100vw, 800px\" title=\"\">\t\t\t\t\t\t\t\t\t\t\t\t\t\t\t<\/div>\n\t\t\t\t<\/div>\n\t\t\t\t\t<\/div>\n\t\t<\/div>\n\t\t\t\t\t<\/div>\n\t\t<\/section>\n\t\t\t\t<\/div>","protected":false},"excerpt":{"rendered":"<p>Parkeren Als u aankomt kunt u bij ons voor de deur parkeren en inchecken. Hiervoor hebben wij een eigen parkeerplaats voor kort parkeren. Hierna zijn er verschillende mogelijkheden die onze gastvrouwen en\/of heren graag persoonlijk bij aankomst aan u uitleggen. Parkeren voor het hotelIn de gehele binnenstad van Middelburg geldt betaald parkeren van 08.00 tot [&hellip;]<\/p>\n","protected":false},"author":2,"featured_media":0,"parent":277,"menu_order":0,"comment_status":"closed","ping_status":"closed","template":"","meta":{"footnotes":""},"class_list":["post-461","page","type-page","status-publish","hentry"],"_links":{"self":[{"href":"https:\/\/www.hoteltheroosevelt.com\/de\/wp-json\/wp\/v2\/pages\/461","targetHints":{"allow":["GET"]}}],"collection":[{"href":"https:\/\/www.hoteltheroosevelt.com\/de\/wp-json\/wp\/v2\/pages"}],"about":[{"href":"https:\/\/www.hoteltheroosevelt.com\/de\/wp-json\/wp\/v2\/types\/page"}],"author":[{"embeddable":true,"href":"https:\/\/www.hoteltheroosevelt.com\/de\/wp-json\/wp\/v2\/users\/2"}],"replies":[{"embeddable":true,"href":"https:\/\/www.hoteltheroosevelt.com\/de\/wp-json\/wp\/v2\/comments?post=461"}],"version-history":[{"count":40,"href":"https:\/\/www.hoteltheroosevelt.com\/de\/wp-json\/wp\/v2\/pages\/461\/revisions"}],"predecessor-version":[{"id":3860,"href":"https:\/\/www.hoteltheroosevelt.com\/de\/wp-json\/wp\/v2\/pages\/461\/revisions\/3860"}],"up":[{"embeddable":true,"href":"https:\/\/www.hoteltheroosevelt.com\/de\/wp-json\/wp\/v2\/pages\/277"}],"wp:attachment":[{"href":"https:\/\/www.hoteltheroosevelt.com\/de\/wp-json\/wp\/v2\/media?parent=461"}],"curies":[{"name":"wp","href":"https:\/\/api.w.org\/{rel}","templated":true}]}}