{"id":753,"date":"2023-09-07T14:11:15","date_gmt":"2023-09-07T12:11:15","guid":{"rendered":"https:\/\/roosevelt.rexturbohosting.com\/?page_id=753"},"modified":"2025-01-02T07:15:17","modified_gmt":"2025-01-02T06:15:17","slug":"omgeving","status":"publish","type":"page","link":"https:\/\/www.hoteltheroosevelt.com\/de\/over-ons\/omgeving\/","title":{"rendered":"Umfeld"},"content":{"rendered":"<div data-elementor-type=\"wp-page\" data-elementor-id=\"753\" class=\"elementor elementor-753\" data-elementor-post-type=\"page\">\n\t\t\t\t\t\t<section class=\"elementor-section elementor-top-section elementor-element elementor-element-dc0f6f3 elementor-section-content-middle elementor-section-boxed elementor-section-height-default elementor-section-height-default\" data-id=\"dc0f6f3\" data-element_type=\"section\" data-e-type=\"section\">\n\t\t\t\t\t\t<div class=\"elementor-container elementor-column-gap-wide\">\n\t\t\t\t\t<div class=\"elementor-column elementor-col-50 elementor-top-column elementor-element elementor-element-b2c4161\" data-id=\"b2c4161\" data-element_type=\"column\" data-e-type=\"column\">\n\t\t\t<div class=\"elementor-widget-wrap elementor-element-populated\">\n\t\t\t\t\t\t<div class=\"elementor-element elementor-element-c1d815c elementor-widget elementor-widget-heading\" data-id=\"c1d815c\" data-element_type=\"widget\" data-e-type=\"widget\" data-widget_type=\"heading.default\">\n\t\t\t\t<div class=\"elementor-widget-container\">\n\t\t\t\t\t<h1 class=\"elementor-heading-title elementor-size-default\">Middelburg und Umgebung<\/h1>\t\t\t\t<\/div>\n\t\t\t\t<\/div>\n\t\t\t\t<div class=\"elementor-element elementor-element-0890a26 elementor-widget elementor-widget-heading\" data-id=\"0890a26\" data-element_type=\"widget\" data-e-type=\"widget\" data-widget_type=\"heading.default\">\n\t\t\t\t<div class=\"elementor-widget-container\">\n\t\t\t\t\t<h3 class=\"elementor-heading-title elementor-size-default\">Middelburg ist eine Stadt f\u00fcr Entdecker. Entdecker imposanter Denkm\u00e4ler, anmutiger Fassaden und mittelalterlicher Stra\u00dfen. Aber auch f\u00fcr Liebhaber von Fachgesch\u00e4ften, Restaurants, Pl\u00e4tzen und Terrassen. <\/h3>\t\t\t\t<\/div>\n\t\t\t\t<\/div>\n\t\t\t\t<div class=\"elementor-element elementor-element-5173c00 elementor-widget elementor-widget-text-editor\" data-id=\"5173c00\" data-element_type=\"widget\" data-e-type=\"widget\" data-widget_type=\"text-editor.default\">\n\t\t\t\t<div class=\"elementor-widget-container\">\n\t\t\t\t\t\t\t\t\t<div id=\"sppb-addon-wrapper-1615468022287\" class=\"sppb-addon-wrapper\"><div id=\"sppb-addon-1615468022287\" class=\"clearfix\"><div class=\"sppb-addon sppb-addon-text-block\"><p>F\u00fcr Menschen, die gerne in Kultur, Festivals und kulinarische Outdoor-Partys eintauchen. Middelburg verf\u00fcgt \u00fcber mehr als 1.100 Denkm\u00e4ler und ist die drittgr\u00f6\u00dfte Denkmalstadt der Niederlande. Wer durch den mittelalterlichen Kuiperspoort, die Spanjaardstraat oder entlang der Kais spaziert, wird sich in die Zeit versetzen, als Middelburg als gr\u00f6\u00dfte Handelsstadt im Norden der Niederlande bekannt war und die Ostindienfahrer ihre wertvollen Waren in den Lagerh\u00e4usern am Binnenhaven lagerten. Der 38 Kilometer lange Strand und ein Besuch nahegelegener St\u00e4dte wie Domburg und Veere machen einen Aufenthalt in Middelburg attraktiv. Auch Wassersportler und Golfer kommen mit dem Strand und einem 9-Loch-Golfplatz in 15 Autominuten Entfernung auf ihre Kosten.\u00a0<\/p><\/div><\/div><\/div>\t\t\t\t\t\t\t\t<\/div>\n\t\t\t\t<\/div>\n\t\t\t\t<div class=\"elementor-element elementor-element-a0b79c0 elementor-widget elementor-widget-heading\" data-id=\"a0b79c0\" data-element_type=\"widget\" data-e-type=\"widget\" data-widget_type=\"heading.default\">\n\t\t\t\t<div class=\"elementor-widget-container\">\n\t\t\t\t\t<h2 class=\"elementor-heading-title elementor-size-default\">Barrierefreiheit<\/h2>\t\t\t\t<\/div>\n\t\t\t\t<\/div>\n\t\t\t\t<div class=\"elementor-element elementor-element-61c58a5 elementor-widget elementor-widget-text-editor\" data-id=\"61c58a5\" data-element_type=\"widget\" data-e-type=\"widget\" data-widget_type=\"text-editor.default\">\n\t\t\t\t<div class=\"elementor-widget-container\">\n\t\t\t\t\t\t\t\t\t<div id=\"sppb-addon-wrapper-1615468022287\" class=\"sppb-addon-wrapper\"><div id=\"sppb-addon-1615468022287\" class=\"clearfix\"><div class=\"sppb-addon sppb-addon-text-block\"><p>Die Stadt liegt direkt an der Autobahn A58.<\/p><p>Aus den Niederlanden:<\/p><ul><li>Breda, 100 km (1 Stunde)<\/li><li>Rotterdam, 120 km (1 Stunde und 15 Min.)<\/li><li>Utrecht, 170 km (1 Stunde und 45 Minuten)<\/li><li>Amsterdam, 172 km (2 Stunden)<\/li><li>Eindhoven, 155 km (1,5 Stunden)<\/li><\/ul><p>\u00a0<\/p><p>Aus Belgien:<\/p><ul><li>Antwerpen, 85 km (1 Stunde)<\/li><li>Gent, 70 km (1 Stunde)<\/li><li>Br\u00fcgge, 70 km (1 Stunde und 20 Min.)<\/li><li>Br\u00fcssel, 130 km (1,5 Stunden)<\/li><li>Hasselt, 155 km (1,5 Stunden)<\/li><li>L\u00fcttich, 200 km (2 Stunden)<\/li><\/ul><p>\u00a0Der n\u00e4chste Strand ist 7 Kilometer vom Hotel entfernt.<\/p><\/div><\/div><\/div>\t\t\t\t\t\t\t\t<\/div>\n\t\t\t\t<\/div>\n\t\t\t\t\t<\/div>\n\t\t<\/div>\n\t\t\t\t<div class=\"elementor-column elementor-col-50 elementor-top-column elementor-element elementor-element-765e471\" data-id=\"765e471\" data-element_type=\"column\" data-e-type=\"column\">\n\t\t\t<div class=\"elementor-widget-wrap elementor-element-populated\">\n\t\t\t\t\t\t<div class=\"elementor-element elementor-element-2e112aa elementor-widget elementor-widget-image\" data-id=\"2e112aa\" data-element_type=\"widget\" data-e-type=\"widget\" data-widget_type=\"image.default\">\n\t\t\t\t<div class=\"elementor-widget-container\">\n\t\t\t\t\t\t\t\t\t\t\t\t\t\t\t<img fetchpriority=\"high\" decoding=\"async\" width=\"800\" height=\"534\" src=\"https:\/\/www.hoteltheroosevelt.com\/wp-content\/uploads\/2025\/01\/up-from-the-skies-middelburg_003-1920x1280-1-1024x683.jpg\" class=\"attachment-large size-large wp-image-3505\" alt=\"\" srcset=\"https:\/\/www.hoteltheroosevelt.com\/wp-content\/uploads\/2025\/01\/up-from-the-skies-middelburg_003-1920x1280-1-1024x683.jpg 1024w, https:\/\/www.hoteltheroosevelt.com\/wp-content\/uploads\/2025\/01\/up-from-the-skies-middelburg_003-1920x1280-1-300x200.jpg 300w, https:\/\/www.hoteltheroosevelt.com\/wp-content\/uploads\/2025\/01\/up-from-the-skies-middelburg_003-1920x1280-1-768x512.jpg 768w, https:\/\/www.hoteltheroosevelt.com\/wp-content\/uploads\/2025\/01\/up-from-the-skies-middelburg_003-1920x1280-1-1536x1024.jpg 1536w, https:\/\/www.hoteltheroosevelt.com\/wp-content\/uploads\/2025\/01\/up-from-the-skies-middelburg_003-1920x1280-1-18x12.jpg 18w, https:\/\/www.hoteltheroosevelt.com\/wp-content\/uploads\/2025\/01\/up-from-the-skies-middelburg_003-1920x1280-1.jpg 1920w\" sizes=\"(max-width: 800px) 100vw, 800px\" title=\"\">\t\t\t\t\t\t\t\t\t\t\t\t\t\t\t<\/div>\n\t\t\t\t<\/div>\n\t\t\t\t<div class=\"elementor-element elementor-element-b328850 elementor-widget elementor-widget-image\" data-id=\"b328850\" data-element_type=\"widget\" data-e-type=\"widget\" data-widget_type=\"image.default\">\n\t\t\t\t<div class=\"elementor-widget-container\">\n\t\t\t\t\t\t\t\t\t\t\t\t\t\t\t<img decoding=\"async\" width=\"800\" height=\"534\" src=\"https:\/\/www.hoteltheroosevelt.com\/wp-content\/uploads\/2023\/12\/Shoppen-in-Middelburg-1024x684.jpg\" class=\"attachment-large size-large wp-image-2159\" alt=\"\" srcset=\"https:\/\/www.hoteltheroosevelt.com\/wp-content\/uploads\/2023\/12\/Shoppen-in-Middelburg-1024x684.jpg 1024w, https:\/\/www.hoteltheroosevelt.com\/wp-content\/uploads\/2023\/12\/Shoppen-in-Middelburg-300x200.jpg 300w, https:\/\/www.hoteltheroosevelt.com\/wp-content\/uploads\/2023\/12\/Shoppen-in-Middelburg-768x513.jpg 768w, https:\/\/www.hoteltheroosevelt.com\/wp-content\/uploads\/2023\/12\/Shoppen-in-Middelburg-1536x1026.jpg 1536w, https:\/\/www.hoteltheroosevelt.com\/wp-content\/uploads\/2023\/12\/Shoppen-in-Middelburg-18x12.jpg 18w, https:\/\/www.hoteltheroosevelt.com\/wp-content\/uploads\/2023\/12\/Shoppen-in-Middelburg.jpg 1920w\" sizes=\"(max-width: 800px) 100vw, 800px\" title=\"\">\t\t\t\t\t\t\t\t\t\t\t\t\t\t\t<\/div>\n\t\t\t\t<\/div>\n\t\t\t\t<div class=\"elementor-element elementor-element-79b7325 elementor-widget elementor-widget-image\" data-id=\"79b7325\" data-element_type=\"widget\" data-e-type=\"widget\" data-widget_type=\"image.default\">\n\t\t\t\t<div class=\"elementor-widget-container\">\n\t\t\t\t\t\t\t\t\t\t\t\t\t\t\t<img decoding=\"async\" width=\"800\" height=\"600\" src=\"https:\/\/www.hoteltheroosevelt.com\/wp-content\/uploads\/2025\/01\/IMG_8351-1024x768.jpeg\" class=\"attachment-large size-large wp-image-3507\" alt=\"\" srcset=\"https:\/\/www.hoteltheroosevelt.com\/wp-content\/uploads\/2025\/01\/IMG_8351-1024x768.jpeg 1024w, https:\/\/www.hoteltheroosevelt.com\/wp-content\/uploads\/2025\/01\/IMG_8351-300x225.jpeg 300w, https:\/\/www.hoteltheroosevelt.com\/wp-content\/uploads\/2025\/01\/IMG_8351-768x576.jpeg 768w, https:\/\/www.hoteltheroosevelt.com\/wp-content\/uploads\/2025\/01\/IMG_8351-1536x1152.jpeg 1536w, https:\/\/www.hoteltheroosevelt.com\/wp-content\/uploads\/2025\/01\/IMG_8351-scaled.jpeg 2048w, https:\/\/www.hoteltheroosevelt.com\/wp-content\/uploads\/2025\/01\/IMG_8351-16x12.jpeg 16w\" sizes=\"(max-width: 800px) 100vw, 800px\" title=\"\">\t\t\t\t\t\t\t\t\t\t\t\t\t\t\t<\/div>\n\t\t\t\t<\/div>\n\t\t\t\t\t<\/div>\n\t\t<\/div>\n\t\t\t\t\t<\/div>\n\t\t<\/section>\n\t\t\t\t<\/div>","protected":false},"excerpt":{"rendered":"<p>Middelburg &amp; omgeving Middelburg is een stad voor ontdekkers. Ontdekkers van imposante monumenten, sierlijke gevels en middeleeuwse straatjes. Maar ook voor liefhebbers van speciaalzaken, restaurantjes, pleintjes en terrassen. Voor mensen die zich graag onderdompelen in cultuur, festivals en culinaire buitenfeesten. Middelburg telt meer dan 1100 monumenten en is de derde monumentenstad van Nederland. Wie door [&hellip;]<\/p>\n","protected":false},"author":2,"featured_media":0,"parent":747,"menu_order":0,"comment_status":"closed","ping_status":"closed","template":"","meta":{"footnotes":""},"class_list":["post-753","page","type-page","status-publish","hentry"],"_links":{"self":[{"href":"https:\/\/www.hoteltheroosevelt.com\/de\/wp-json\/wp\/v2\/pages\/753","targetHints":{"allow":["GET"]}}],"collection":[{"href":"https:\/\/www.hoteltheroosevelt.com\/de\/wp-json\/wp\/v2\/pages"}],"about":[{"href":"https:\/\/www.hoteltheroosevelt.com\/de\/wp-json\/wp\/v2\/types\/page"}],"author":[{"embeddable":true,"href":"https:\/\/www.hoteltheroosevelt.com\/de\/wp-json\/wp\/v2\/users\/2"}],"replies":[{"embeddable":true,"href":"https:\/\/www.hoteltheroosevelt.com\/de\/wp-json\/wp\/v2\/comments?post=753"}],"version-history":[{"count":16,"href":"https:\/\/www.hoteltheroosevelt.com\/de\/wp-json\/wp\/v2\/pages\/753\/revisions"}],"predecessor-version":[{"id":3519,"href":"https:\/\/www.hoteltheroosevelt.com\/de\/wp-json\/wp\/v2\/pages\/753\/revisions\/3519"}],"up":[{"embeddable":true,"href":"https:\/\/www.hoteltheroosevelt.com\/de\/wp-json\/wp\/v2\/pages\/747"}],"wp:attachment":[{"href":"https:\/\/www.hoteltheroosevelt.com\/de\/wp-json\/wp\/v2\/media?parent=753"}],"curies":[{"name":"wp","href":"https:\/\/api.w.org\/{rel}","templated":true}]}}