{"id":775,"date":"2023-09-07T16:48:25","date_gmt":"2023-09-07T14:48:25","guid":{"rendered":"https:\/\/roosevelt.rexturbohosting.com\/?page_id=775"},"modified":"2024-06-24T15:46:28","modified_gmt":"2024-06-24T13:46:28","slug":"cadeaubon","status":"publish","type":"page","link":"https:\/\/www.hoteltheroosevelt.com\/de\/over-ons\/cadeaubon\/","title":{"rendered":"Geschenkgutschein"},"content":{"rendered":"<div data-elementor-type=\"wp-page\" data-elementor-id=\"775\" class=\"elementor elementor-775\" data-elementor-post-type=\"page\">\n\t\t\t\t\t\t<section class=\"elementor-section elementor-top-section elementor-element elementor-element-c06af32 elementor-section-content-middle elementor-section-boxed elementor-section-height-default elementor-section-height-default\" data-id=\"c06af32\" data-element_type=\"section\" data-e-type=\"section\">\n\t\t\t\t\t\t<div class=\"elementor-container elementor-column-gap-wide\">\n\t\t\t\t\t<div class=\"elementor-column elementor-col-50 elementor-top-column elementor-element elementor-element-6009878\" data-id=\"6009878\" data-element_type=\"column\" data-e-type=\"column\">\n\t\t\t<div class=\"elementor-widget-wrap elementor-element-populated\">\n\t\t\t\t\t\t<div class=\"elementor-element elementor-element-107041a elementor-widget elementor-widget-heading\" data-id=\"107041a\" data-element_type=\"widget\" data-e-type=\"widget\" data-widget_type=\"heading.default\">\n\t\t\t\t<div class=\"elementor-widget-container\">\n\t\t\t\t\t<h1 class=\"elementor-heading-title elementor-size-default\">Geschenkgutschein f\u00fcr ein k\u00f6stliches Abendessen, eine \u00dcbernachtung oder ein Verw\u00f6hnwochenende <\/h1>\t\t\t\t<\/div>\n\t\t\t\t<\/div>\n\t\t\t\t<div class=\"elementor-element elementor-element-8e730da elementor-widget elementor-widget-text-editor\" data-id=\"8e730da\" data-element_type=\"widget\" data-e-type=\"widget\" data-widget_type=\"text-editor.default\">\n\t\t\t\t<div class=\"elementor-widget-container\">\n\t\t\t\t\t\t\t\t\t<div class=\"sppb-addon-content\"><p>Wenn Sie jemanden wirklich verw\u00f6hnen m\u00f6chten, ist ein Geschenkgutschein vom Boutique Hotel The Roosevelt eine tolle Idee! Sie geben an, was Sie verschenken m\u00f6chten, und wir sorgen daf\u00fcr, dass der Geschenkgutschein an Sie oder die Person, die Ihnen den Gutschein \u00fcberreicht, versendet wird. Selbstverst\u00e4ndlich k\u00f6nnen Sie den Gutschein auch abholen.<\/p><p>F\u00fcr weitere Informationen oder Bestellungen senden Sie bitte eine E-Mail an <a href=\"mailto:info@hoteltheroosevelt.com\">info@hoteltheroosevelt.com<\/a> oder rufen Sie 0118-436360 an.<\/p><\/div>\t\t\t\t\t\t\t\t<\/div>\n\t\t\t\t<\/div>\n\t\t\t\t\t<\/div>\n\t\t<\/div>\n\t\t\t\t<div class=\"elementor-column elementor-col-50 elementor-top-column elementor-element elementor-element-9da99e5\" data-id=\"9da99e5\" data-element_type=\"column\" data-e-type=\"column\">\n\t\t\t<div class=\"elementor-widget-wrap elementor-element-populated\">\n\t\t\t\t\t\t<div class=\"elementor-element elementor-element-7aea840 elementor-widget elementor-widget-image\" data-id=\"7aea840\" data-element_type=\"widget\" data-e-type=\"widget\" data-widget_type=\"image.default\">\n\t\t\t\t<div class=\"elementor-widget-container\">\n\t\t\t\t\t\t\t\t\t\t\t\t\t\t\t<img fetchpriority=\"high\" decoding=\"async\" width=\"800\" height=\"800\" src=\"https:\/\/www.hoteltheroosevelt.com\/wp-content\/uploads\/2023\/09\/cadeaubon-1024x1024.png\" class=\"attachment-large size-large wp-image-941\" alt=\"\" srcset=\"https:\/\/www.hoteltheroosevelt.com\/wp-content\/uploads\/2023\/09\/cadeaubon-1024x1024.png 1024w, https:\/\/www.hoteltheroosevelt.com\/wp-content\/uploads\/2023\/09\/cadeaubon-300x300.png 300w, https:\/\/www.hoteltheroosevelt.com\/wp-content\/uploads\/2023\/09\/cadeaubon-150x150.png 150w, https:\/\/www.hoteltheroosevelt.com\/wp-content\/uploads\/2023\/09\/cadeaubon-768x768.png 768w, https:\/\/www.hoteltheroosevelt.com\/wp-content\/uploads\/2023\/09\/cadeaubon-12x12.png 12w, https:\/\/www.hoteltheroosevelt.com\/wp-content\/uploads\/2023\/09\/cadeaubon.png 1080w\" sizes=\"(max-width: 800px) 100vw, 800px\" title=\"\">\t\t\t\t\t\t\t\t\t\t\t\t\t\t\t<\/div>\n\t\t\t\t<\/div>\n\t\t\t\t\t<\/div>\n\t\t<\/div>\n\t\t\t\t\t<\/div>\n\t\t<\/section>\n\t\t\t\t<\/div>","protected":false},"excerpt":{"rendered":"<p>Cadeaubon voor een heerlijk diner, overnachting of verwenweekend Wilt u iemand eens \u00e9cht verwennen dan is een cadeaubon van Boutiquehotel The Roosevelt een prima idee! U geeft aan wat u cadeau wilt geven en wij zorgen er voor dat de Cadeaubon aan u of aan degene die u de bon geeft verstuurd wordt. U kunt [&hellip;]<\/p>\n","protected":false},"author":2,"featured_media":0,"parent":747,"menu_order":0,"comment_status":"closed","ping_status":"closed","template":"","meta":{"footnotes":""},"class_list":["post-775","page","type-page","status-publish","hentry"],"_links":{"self":[{"href":"https:\/\/www.hoteltheroosevelt.com\/de\/wp-json\/wp\/v2\/pages\/775","targetHints":{"allow":["GET"]}}],"collection":[{"href":"https:\/\/www.hoteltheroosevelt.com\/de\/wp-json\/wp\/v2\/pages"}],"about":[{"href":"https:\/\/www.hoteltheroosevelt.com\/de\/wp-json\/wp\/v2\/types\/page"}],"author":[{"embeddable":true,"href":"https:\/\/www.hoteltheroosevelt.com\/de\/wp-json\/wp\/v2\/users\/2"}],"replies":[{"embeddable":true,"href":"https:\/\/www.hoteltheroosevelt.com\/de\/wp-json\/wp\/v2\/comments?post=775"}],"version-history":[{"count":17,"href":"https:\/\/www.hoteltheroosevelt.com\/de\/wp-json\/wp\/v2\/pages\/775\/revisions"}],"predecessor-version":[{"id":2809,"href":"https:\/\/www.hoteltheroosevelt.com\/de\/wp-json\/wp\/v2\/pages\/775\/revisions\/2809"}],"up":[{"embeddable":true,"href":"https:\/\/www.hoteltheroosevelt.com\/de\/wp-json\/wp\/v2\/pages\/747"}],"wp:attachment":[{"href":"https:\/\/www.hoteltheroosevelt.com\/de\/wp-json\/wp\/v2\/media?parent=775"}],"curies":[{"name":"wp","href":"https:\/\/api.w.org\/{rel}","templated":true}]}}