{"id":1843,"date":"2023-11-23T13:30:05","date_gmt":"2023-11-23T12:30:05","guid":{"rendered":"https:\/\/www.hoteltheroosevelt.com\/?page_id=1843"},"modified":"2024-11-25T16:56:16","modified_gmt":"2024-11-25T15:56:16","slug":"kerstmenu","status":"publish","type":"page","link":"https:\/\/www.hoteltheroosevelt.com\/fr\/kerstmenu\/","title":{"rendered":"No\u00ebl_ancien_et_nouveau"},"content":{"rendered":"<div data-elementor-type=\"wp-page\" data-elementor-id=\"1843\" class=\"elementor elementor-1843\" data-elementor-post-type=\"page\">\n\t\t\t\t\t\t<section class=\"elementor-section elementor-top-section elementor-element elementor-element-56420fd elementor-section-boxed elementor-section-height-default elementor-section-height-default\" data-id=\"56420fd\" data-element_type=\"section\" data-e-type=\"section\">\n\t\t\t\t\t\t<div class=\"elementor-container elementor-column-gap-default\">\n\t\t\t\t\t<div class=\"elementor-column elementor-col-100 elementor-top-column elementor-element elementor-element-ed73299\" data-id=\"ed73299\" data-element_type=\"column\" data-e-type=\"column\">\n\t\t\t<div class=\"elementor-widget-wrap elementor-element-populated\">\n\t\t\t\t\t\t<div class=\"elementor-element elementor-element-4a1da16 elementor-widget elementor-widget-heading\" data-id=\"4a1da16\" data-element_type=\"widget\" data-e-type=\"widget\" data-widget_type=\"heading.default\">\n\t\t\t\t<div class=\"elementor-widget-container\">\n\t\t\t\t\t<h2 class=\"elementor-heading-title elementor-size-default\"><h2 data-elementor-setting-key=\"title\" data-pen-placeholder=\"Type Here...\" style=\"font-family: Barlow, sans-serif;font-weight: var( --e-global-typography-primary-font-weight )\"><\/h2><h1 data-elementor-setting-key=\"title\" data-pen-placeholder=\"Type Here...\">Entre No\u00ebl et le Nouvel An au Roosevelt<\/h1><\/h2>\t\t\t\t<\/div>\n\t\t\t\t<\/div>\n\t\t\t\t\t<\/div>\n\t\t<\/div>\n\t\t\t\t\t<\/div>\n\t\t<\/section>\n\t\t\t\t<section class=\"elementor-section elementor-top-section elementor-element elementor-element-ef7655e elementor-section-boxed elementor-section-height-default elementor-section-height-default\" data-id=\"ef7655e\" data-element_type=\"section\" data-e-type=\"section\">\n\t\t\t\t\t\t<div class=\"elementor-container elementor-column-gap-default\">\n\t\t\t\t\t<div class=\"elementor-column elementor-col-50 elementor-top-column elementor-element elementor-element-c5f1c8c\" data-id=\"c5f1c8c\" data-element_type=\"column\" data-e-type=\"column\">\n\t\t\t<div class=\"elementor-widget-wrap elementor-element-populated\">\n\t\t\t\t\t\t<div class=\"elementor-element elementor-element-c5d76f3 elementor-widget elementor-widget-video\" data-id=\"c5d76f3\" data-element_type=\"widget\" data-e-type=\"widget\" data-settings=\"{&quot;video_type&quot;:&quot;vimeo&quot;,&quot;loop&quot;:&quot;yes&quot;}\" data-widget_type=\"video.default\">\n\t\t\t\t<div class=\"elementor-widget-container\">\n\t\t\t\t\t\t\t<div class=\"elementor-wrapper elementor-open-inline\">\n\t\t\t<iframe class=\"elementor-video-iframe\" allowfullscreen allow=\"clipboard-write\" title=\"vimeo Video Player\" src=\"https:\/\/player.vimeo.com\/video\/887316914?color&amp;autopause=0&amp;loop=1&amp;muted=0&amp;title=0&amp;portrait=0&amp;byline=0#t=\" data-no-translation-title=\"\"><\/iframe>\t\t<\/div>\n\t\t\t\t\t\t<\/div>\n\t\t\t\t<\/div>\n\t\t\t\t\t<\/div>\n\t\t<\/div>\n\t\t\t\t<div class=\"elementor-column elementor-col-50 elementor-top-column elementor-element elementor-element-a47457e\" data-id=\"a47457e\" data-element_type=\"column\" data-e-type=\"column\">\n\t\t\t<div class=\"elementor-widget-wrap elementor-element-populated\">\n\t\t\t\t\t\t<div class=\"elementor-element elementor-element-9f5022f elementor-widget elementor-widget-heading\" data-id=\"9f5022f\" data-element_type=\"widget\" data-e-type=\"widget\" data-widget_type=\"heading.default\">\n\t\t\t\t<div class=\"elementor-widget-container\">\n\t\t\t\t\t<h2 class=\"elementor-heading-title elementor-size-default\">Bienvenue \u00e0 &#039;The Lounge wine &amp; dine&#039;<\/h2>\t\t\t\t<\/div>\n\t\t\t\t<\/div>\n\t\t\t\t<div class=\"elementor-element elementor-element-3910f7a elementor-widget elementor-widget-text-editor\" data-id=\"3910f7a\" data-element_type=\"widget\" data-e-type=\"widget\" data-widget_type=\"text-editor.default\">\n\t\t\t\t<div class=\"elementor-widget-container\">\n\t\t\t\t\t\t\t\t\t<p><strong>Dans notre h\u00f4tel, vous d\u00e9couvrirez The Lounge Wine &amp; Dine, le hotspot anim\u00e9 et le lieu de rencontre par excellence. L&#039;int\u00e9rieur vous enveloppe dans une atmosph\u00e8re chaleureuse et accueillante, ce qui en fait l&#039;endroit id\u00e9al pour se d\u00e9tendre et profiter. Le Lounge s&#039;est b\u00e2ti une excellente r\u00e9putation dans la charmante ville de Middelburg.<\/strong><\/p><p style=\"margin: 0cm; font-size: 10pt; font-family: Calibri, sans-serif; caret-color: #212121; color: #212121;\"><span style=\"font-size: 11pt; line-height: 1.2;\">A l&#039;approche des f\u00eates, nous souhaitons vous saluer chaleureusement et vous informer des exp\u00e9riences culinaires que nous vous avons concoct\u00e9es lors de votre s\u00e9jour entre No\u00ebl et le Nouvel An.\u00a0<\/span><\/p><p style=\"margin: 0cm; font-size: 10pt; font-family: Calibri, sans-serif; caret-color: #212121; color: #212121;\"><b><span style=\"font-size: 11pt; line-height: 1.2;\">\u00a0<\/span><\/b><\/p><p style=\"margin: 0cm; font-size: 10pt; font-family: Calibri, sans-serif; caret-color: #212121; color: #212121;\"><b><span style=\"font-size: 11pt; font-family: 'Apple Color Emoji'; line-height: 1.2;\">\ud83c\udf85\ud83c\udffc\ud83c\udf84<\/span><\/b><b><span style=\"font-size: 11pt; line-height: 1.2;\">D\u00eener de No\u00ebl le 26 d\u00e9cembre<\/span><\/b><\/p><p style=\"margin: 0cm; font-size: 10pt; font-family: Calibri, sans-serif; caret-color: #212121; color: #212121;\"><span style=\"font-size: 11pt; line-height: 1.2;\">Le lendemain de No\u00ebl, le 26 d\u00e9cembre, nous vous invitons \u00e0 un d\u00eener de No\u00ebl enchanteur, que vous pouvez \u00e9tendre jusqu&#039;\u00e0 6 plats si vous le souhaitez. Laissez-vous surprendre par notre chef et profitez d&#039;une soir\u00e9e inoubliable pleine de saveurs. Vous trouverez le menu et de plus amples informations <a href=\"https:\/\/www.hoteltheroosevelt.com\/fr\/kerst-en-oud-nieuw\/\">ici<\/a><br \/><a href=\"https:\/\/module.lafourchette.com\/nl_NL\/module\/701143-5e4e6#\/4499063\/pdh\" target=\"_blank\" rel=\"noopener\">R\u00e9server<\/a><\/span><\/p><p style=\"margin: 0cm; font-size: 10pt; font-family: Calibri, sans-serif; caret-color: #212121; color: #212121;\">\u00a0<\/p><p style=\"font-weight: 400;\"><b><strong>\ud83c\udf89\ud83c\udf7d\ufe0f<\/strong><\/b><b><strong>\u00a0Menu festif surprise de d\u00e9cembre \u00e0 3 plats du 27 au 30 d\u00e9cembre :<br \/><\/strong><\/b>Du 27 au 30 d\u00e9cembre, nous servons notre menu Festif D\u00e9cembre Surprise, compos\u00e9 de 3 plats. Laissez-vous surprendre chaque jour par la cr\u00e9ativit\u00e9 de notre chef. Notre h\u00f4tesse tiendra bien entendu compte de vos allergies, intol\u00e9rances ou exigences alimentaires si vous nous en informez \u00e0 l&#039;avance.\u00a0<span style=\"color: #212121; font-family: Calibri, sans-serif; font-size: 14.6667px; caret-color: #212121;\">Vous trouverez le menu et de plus amples informations <a href=\"https:\/\/www.hoteltheroosevelt.com\/fr\/tussen-kerst-en-oud-en-nieuw\/\" target=\"_blank\" rel=\"noopener\">ici<\/a>.<\/span><br \/><span style=\"font-size: 11pt; line-height: 1.2;\"><a href=\"https:\/\/module.lafourchette.com\/nl_NL\/module\/701143-5e4e6#\/4499063\/pdh\" target=\"_blank\" rel=\"noopener\">R\u00e9server<\/a><\/span><\/p><p style=\"font-weight: 400;\"><b><strong>\ud83c\udf86\ud83e\udd42<\/strong><\/b><b><strong> R\u00e9veillon du Nouvel An le 31 d\u00e9cembre<br \/><\/strong><\/b>Le 31 d\u00e9cembre, nous vous invitons \u00e0 c\u00e9l\u00e9brer la nouvelle ann\u00e9e avec notre fantastique menu de restauration partag\u00e9e sp\u00e9cialement compos\u00e9. D\u00e9gustez des petits plats culinaires qui s&#039;int\u00e8grent parfaitement \u00e0 l&#039;ambiance festive. Ensemble, nous levons notre verre \u00e0 une nouvelle ann\u00e9e pleine de beaux moments. En plus du d\u00eener, attendez-vous \u00e0 des bulles, des oliebollen et de la musique entra\u00eenante en fond sonore. <span style=\"font-size: 11pt; line-height: 1.2;\"><a href=\"https:\/\/module.lafourchette.com\/nl_NL\/module\/701143-5e4e6#\/4499063\/pdh\" target=\"_blank\" rel=\"noopener\">R\u00e9server<\/a><\/span><\/p><p style=\"font-weight: 400;\">Pour \u00e9viter toute d\u00e9ception, nous vous recommandons de r\u00e9server \u00e0 l&#039;avance. Cela peut facilement \u00eatre fait via le lien suivant :\u00a0<b><a href=\"https:\/\/module.lafourchette.com\/nl_NL\/module\/701143-5e4e6\/4887142#\/4887142\/pdh\" target=\"_blank\" rel=\"noopener\">R\u00e9servez ici<\/a><\/b>.<\/p><p>Nous sommes impatients de vous accueillir et de vous faire d\u00e9couvrir les plats gastronomiques de notre restaurant. Si vous avez des questions ou souhaitez discuter de souhaits sp\u00e9cifiques, n&#039;h\u00e9sitez pas \u00e0 nous contacter.<\/p><p style=\"margin: 0cm; font-size: 10pt; font-family: Calibri, sans-serif; caret-color: #212121; color: #212121;\"><span style=\"font-size: 11pt; line-height: 1.2;\">\u00a0<\/span><\/p><div style=\"caret-color: #212121; color: #212121; font-family: Aptos; border-width: medium medium 1.5pt; border-top-style: none; border-right-style: none; border-left-style: none; border-color: currentcolor currentcolor windowtext; border-image: none 100% \/ 1 \/ 0 stretch; padding: 0cm 0cm 1pt;\"><p style=\"margin: 0cm; font-size: 10pt; font-family: Calibri, sans-serif;\"><span style=\"font-size: 11pt; line-height: 1.2;\">\u00a0<\/span><\/p><\/div>\t\t\t\t\t\t\t\t<\/div>\n\t\t\t\t<\/div>\n\t\t\t\t<div class=\"elementor-element elementor-element-81b1247 elementor-widget__width-auto elementor-widget elementor-widget-button\" data-id=\"81b1247\" data-element_type=\"widget\" data-e-type=\"widget\" data-widget_type=\"button.default\">\n\t\t\t\t<div class=\"elementor-widget-container\">\n\t\t\t\t\t\t\t\t\t<div class=\"elementor-button-wrapper\">\n\t\t\t\t\t<a class=\"elementor-button elementor-button-link elementor-size-sm\" href=\"\/fr\/eten-drinken\/the-lounge-wine-dine\/\">\n\t\t\t\t\t\t<span class=\"elementor-button-content-wrapper\">\n\t\t\t\t\t\t\t\t\t<span class=\"elementor-button-text\">Plus d&#039;information<\/span>\n\t\t\t\t\t<\/span>\n\t\t\t\t\t<\/a>\n\t\t\t\t<\/div>\n\t\t\t\t\t\t\t\t<\/div>\n\t\t\t\t<\/div>\n\t\t\t\t<div class=\"elementor-element elementor-element-8f97605 elementor-widget__width-auto elementor-widget elementor-widget-button\" data-id=\"8f97605\" data-element_type=\"widget\" data-e-type=\"widget\" data-widget_type=\"button.default\">\n\t\t\t\t<div class=\"elementor-widget-container\">\n\t\t\t\t\t\t\t\t\t<div class=\"elementor-button-wrapper\">\n\t\t\t\t\t<a class=\"elementor-button elementor-button-link elementor-size-sm\" href=\"https:\/\/bookings.zenchef.com\/results?rid=365608&#038;pid=1001\" target=\"_blank\" rel=\"noopener\">\n\t\t\t\t\t\t<span class=\"elementor-button-content-wrapper\">\n\t\t\t\t\t\t\t\t\t<span class=\"elementor-button-text\">R\u00e9server<\/span>\n\t\t\t\t\t<\/span>\n\t\t\t\t\t<\/a>\n\t\t\t\t<\/div>\n\t\t\t\t\t\t\t\t<\/div>\n\t\t\t\t<\/div>\n\t\t\t\t\t<\/div>\n\t\t<\/div>\n\t\t\t\t\t<\/div>\n\t\t<\/section>\n\t\t\t\t<\/div>","protected":false},"excerpt":{"rendered":"<p>Tussen Kerst &amp; Oud en nieuw in The Roosevelt Welkom in &#8216;The Lounge wine &amp; dine&#8217; In ons hotel ontdekt u The Lounge Wine &amp; Dine, d\u00e9 bruisende hotspot en ontmoetingsplek bij uitstek. Het interieur omhult u met een uitnodigende warmte en sfeer, waardoor het de ideale plek is om te ontspannen en te genieten. [&hellip;]<\/p>\n","protected":false},"author":3,"featured_media":0,"parent":0,"menu_order":0,"comment_status":"closed","ping_status":"closed","template":"","meta":{"footnotes":""},"class_list":["post-1843","page","type-page","status-publish","hentry"],"_links":{"self":[{"href":"https:\/\/www.hoteltheroosevelt.com\/fr\/wp-json\/wp\/v2\/pages\/1843","targetHints":{"allow":["GET"]}}],"collection":[{"href":"https:\/\/www.hoteltheroosevelt.com\/fr\/wp-json\/wp\/v2\/pages"}],"about":[{"href":"https:\/\/www.hoteltheroosevelt.com\/fr\/wp-json\/wp\/v2\/types\/page"}],"author":[{"embeddable":true,"href":"https:\/\/www.hoteltheroosevelt.com\/fr\/wp-json\/wp\/v2\/users\/3"}],"replies":[{"embeddable":true,"href":"https:\/\/www.hoteltheroosevelt.com\/fr\/wp-json\/wp\/v2\/comments?post=1843"}],"version-history":[{"count":53,"href":"https:\/\/www.hoteltheroosevelt.com\/fr\/wp-json\/wp\/v2\/pages\/1843\/revisions"}],"predecessor-version":[{"id":3903,"href":"https:\/\/www.hoteltheroosevelt.com\/fr\/wp-json\/wp\/v2\/pages\/1843\/revisions\/3903"}],"wp:attachment":[{"href":"https:\/\/www.hoteltheroosevelt.com\/fr\/wp-json\/wp\/v2\/media?parent=1843"}],"curies":[{"name":"wp","href":"https:\/\/api.w.org\/{rel}","templated":true}]}}