{"id":1961,"date":"2023-11-26T12:47:45","date_gmt":"2023-11-26T11:47:45","guid":{"rendered":"https:\/\/www.hoteltheroosevelt.com\/?page_id=1961"},"modified":"2024-11-25T16:51:23","modified_gmt":"2024-11-25T15:51:23","slug":"tussen-kerst-en-oud-en-nieuw","status":"publish","type":"page","link":"https:\/\/www.hoteltheroosevelt.com\/fr\/tussen-kerst-en-oud-en-nieuw\/","title":{"rendered":"Entre No\u00ebl et le Nouvel An"},"content":{"rendered":"<div data-elementor-type=\"wp-page\" data-elementor-id=\"1961\" class=\"elementor elementor-1961\" data-elementor-post-type=\"page\">\n\t\t\t\t\t\t<section class=\"elementor-section elementor-top-section elementor-element elementor-element-13e04f7 elementor-section-boxed elementor-section-height-default elementor-section-height-default\" data-id=\"13e04f7\" data-element_type=\"section\" data-e-type=\"section\">\n\t\t\t\t\t\t<div class=\"elementor-container elementor-column-gap-default\">\n\t\t\t\t\t<div class=\"elementor-column elementor-col-100 elementor-top-column elementor-element elementor-element-0668bd9\" data-id=\"0668bd9\" data-element_type=\"column\" data-e-type=\"column\">\n\t\t\t<div class=\"elementor-widget-wrap elementor-element-populated\">\n\t\t\t\t\t\t<section class=\"elementor-section elementor-inner-section elementor-element elementor-element-5c77474 elementor-section-boxed elementor-section-height-default elementor-section-height-default\" data-id=\"5c77474\" data-element_type=\"section\" data-e-type=\"section\">\n\t\t\t\t\t\t<div class=\"elementor-container elementor-column-gap-default\">\n\t\t\t\t\t<div class=\"elementor-column elementor-col-50 elementor-inner-column elementor-element elementor-element-7ec346b\" data-id=\"7ec346b\" data-element_type=\"column\" data-e-type=\"column\">\n\t\t\t<div class=\"elementor-widget-wrap\">\n\t\t\t\t\t\t\t<\/div>\n\t\t<\/div>\n\t\t\t\t<div class=\"elementor-column elementor-col-50 elementor-inner-column elementor-element elementor-element-87cd385\" data-id=\"87cd385\" data-element_type=\"column\" data-e-type=\"column\">\n\t\t\t<div class=\"elementor-widget-wrap\">\n\t\t\t\t\t\t\t<\/div>\n\t\t<\/div>\n\t\t\t\t\t<\/div>\n\t\t<\/section>\n\t\t\t\t\t<\/div>\n\t\t<\/div>\n\t\t\t\t\t<\/div>\n\t\t<\/section>\n\t\t\t\t<section class=\"elementor-section elementor-top-section elementor-element elementor-element-26a7027 elementor-section-boxed elementor-section-height-default elementor-section-height-default\" data-id=\"26a7027\" data-element_type=\"section\" data-e-type=\"section\">\n\t\t\t\t\t\t<div class=\"elementor-container elementor-column-gap-default\">\n\t\t\t\t\t<div class=\"elementor-column elementor-col-100 elementor-top-column elementor-element elementor-element-0940dca\" data-id=\"0940dca\" data-element_type=\"column\" data-e-type=\"column\">\n\t\t\t<div class=\"elementor-widget-wrap elementor-element-populated\">\n\t\t\t\t\t\t<div class=\"elementor-element elementor-element-f71cfaf elementor-widget elementor-widget-heading\" data-id=\"f71cfaf\" data-element_type=\"widget\" data-e-type=\"widget\" data-widget_type=\"heading.default\">\n\t\t\t\t<div class=\"elementor-widget-container\">\n\t\t\t\t\t<h1 class=\"elementor-heading-title elementor-size-default\">Entre No\u00ebl et Nouvel An...<\/h1>\t\t\t\t<\/div>\n\t\t\t\t<\/div>\n\t\t\t\t\t<\/div>\n\t\t<\/div>\n\t\t\t\t\t<\/div>\n\t\t<\/section>\n\t\t\t\t<section class=\"elementor-section elementor-top-section elementor-element elementor-element-1e20198 elementor-section-boxed elementor-section-height-default elementor-section-height-default\" data-id=\"1e20198\" data-element_type=\"section\" data-e-type=\"section\">\n\t\t\t\t\t\t<div class=\"elementor-container elementor-column-gap-default\">\n\t\t\t\t\t<div class=\"elementor-column elementor-col-66 elementor-top-column elementor-element elementor-element-f0460bc\" data-id=\"f0460bc\" data-element_type=\"column\" data-e-type=\"column\">\n\t\t\t<div class=\"elementor-widget-wrap elementor-element-populated\">\n\t\t\t\t\t\t<div class=\"elementor-element elementor-element-c9d99f8 elementor-widget elementor-widget-text-editor\" data-id=\"c9d99f8\" data-element_type=\"widget\" data-e-type=\"widget\" data-widget_type=\"text-editor.default\">\n\t\t\t\t<div class=\"elementor-widget-container\">\n\t\t\t\t\t\t\t\t\t<div data-testid=\"conversation-turn-10\"><div><div><div><div><div><div><p><b>vous pourrez profiter chaque jour de l\u2019ambiance particuli\u00e8re du Lounge Wine &amp; Dine !<br \/><\/b><b>Le d\u00e9cor chaleureux et l&#039;atmosph\u00e8re particuli\u00e8re de notre h\u00f4tel sont id\u00e9aux pour passer de merveilleux moments entre les r\u00e9veillons du Nouvel An.\u00a0<\/b><b style=\"color: var( --e-global-color-text ); font-family: var( --e-global-typography-text-font-family ), Sans-serif;\">Nous avons h\u00e2te de vous accueillir pour un No\u00ebl festif et de bon go\u00fbt !<br \/>Vous ressentirez la chaleur toute la journ\u00e9e, alors entrez et faites plaisir \u00e0 vos amis et \u00e0 vous-m\u00eame avec un d\u00e9licieux vin, un cocktail luxueux ou un chocolat chaud avec Liquor 43\u2026.<\/b><\/p><p>Notre restaurant est ouvert le soir et nous servons chaque jour un d\u00e9licieux menu surprise. Soyez surpris et venez profiter.\u00a0<\/p><\/div><\/div><\/div><\/div><\/div><\/div><\/div>\t\t\t\t\t\t\t\t<\/div>\n\t\t\t\t<\/div>\n\t\t\t\t<div class=\"elementor-element elementor-element-6f036d5 elementor-widget__width-auto elementor-align-center elementor-widget elementor-widget-button\" data-id=\"6f036d5\" data-element_type=\"widget\" data-e-type=\"widget\" data-widget_type=\"button.default\">\n\t\t\t\t<div class=\"elementor-widget-container\">\n\t\t\t\t\t\t\t\t\t<div class=\"elementor-button-wrapper\">\n\t\t\t\t\t<a class=\"elementor-button elementor-button-link elementor-size-md\" href=\"https:\/\/bookings.zenchef.com\/results?rid=365608&#038;pid=1001\" target=\"_blank\" rel=\"noopener\">\n\t\t\t\t\t\t<span class=\"elementor-button-content-wrapper\">\n\t\t\t\t\t\t\t\t\t<span class=\"elementor-button-text\">R\u00e9server<\/span>\n\t\t\t\t\t<\/span>\n\t\t\t\t\t<\/a>\n\t\t\t\t<\/div>\n\t\t\t\t\t\t\t\t<\/div>\n\t\t\t\t<\/div>\n\t\t\t\t<div class=\"elementor-element elementor-element-5f2ff63 elementor-widget elementor-widget-image\" data-id=\"5f2ff63\" data-element_type=\"widget\" data-e-type=\"widget\" data-widget_type=\"image.default\">\n\t\t\t\t<div class=\"elementor-widget-container\">\n\t\t\t\t\t\t\t\t\t\t\t\t\t\t\t<img fetchpriority=\"high\" decoding=\"async\" width=\"576\" height=\"1024\" src=\"https:\/\/www.hoteltheroosevelt.com\/wp-content\/uploads\/2023\/11\/WhatsApp-Image-2023-11-23-at-16.28.51-2-576x1024.jpeg\" class=\"attachment-large size-large wp-image-1967\" alt=\"\" srcset=\"https:\/\/www.hoteltheroosevelt.com\/wp-content\/uploads\/2023\/11\/WhatsApp-Image-2023-11-23-at-16.28.51-2-576x1024.jpeg 576w, https:\/\/www.hoteltheroosevelt.com\/wp-content\/uploads\/2023\/11\/WhatsApp-Image-2023-11-23-at-16.28.51-2-169x300.jpeg 169w, https:\/\/www.hoteltheroosevelt.com\/wp-content\/uploads\/2023\/11\/WhatsApp-Image-2023-11-23-at-16.28.51-2-768x1365.jpeg 768w, https:\/\/www.hoteltheroosevelt.com\/wp-content\/uploads\/2023\/11\/WhatsApp-Image-2023-11-23-at-16.28.51-2-864x1536.jpeg 864w, https:\/\/www.hoteltheroosevelt.com\/wp-content\/uploads\/2023\/11\/WhatsApp-Image-2023-11-23-at-16.28.51-2-7x12.jpeg 7w, https:\/\/www.hoteltheroosevelt.com\/wp-content\/uploads\/2023\/11\/WhatsApp-Image-2023-11-23-at-16.28.51-2.jpeg 900w\" sizes=\"(max-width: 576px) 100vw, 576px\" title=\"\">\t\t\t\t\t\t\t\t\t\t\t\t\t\t\t<\/div>\n\t\t\t\t<\/div>\n\t\t\t\t\t<\/div>\n\t\t<\/div>\n\t\t\t\t<div class=\"elementor-column elementor-col-33 elementor-top-column elementor-element elementor-element-fd58bf3\" data-id=\"fd58bf3\" data-element_type=\"column\" data-e-type=\"column\">\n\t\t\t<div class=\"elementor-widget-wrap elementor-element-populated\">\n\t\t\t\t\t\t<div class=\"elementor-element elementor-element-5fb3d78 elementor-widget elementor-widget-image\" data-id=\"5fb3d78\" data-element_type=\"widget\" data-e-type=\"widget\" data-widget_type=\"image.default\">\n\t\t\t\t<div class=\"elementor-widget-container\">\n\t\t\t\t\t\t\t\t\t\t\t\t\t\t\t<img decoding=\"async\" width=\"576\" height=\"1024\" src=\"https:\/\/www.hoteltheroosevelt.com\/wp-content\/uploads\/2023\/11\/WhatsApp-Image-2023-11-23-at-16.28.50-576x1024.jpeg\" class=\"attachment-large size-large wp-image-1968\" alt=\"\" srcset=\"https:\/\/www.hoteltheroosevelt.com\/wp-content\/uploads\/2023\/11\/WhatsApp-Image-2023-11-23-at-16.28.50-576x1024.jpeg 576w, https:\/\/www.hoteltheroosevelt.com\/wp-content\/uploads\/2023\/11\/WhatsApp-Image-2023-11-23-at-16.28.50-169x300.jpeg 169w, https:\/\/www.hoteltheroosevelt.com\/wp-content\/uploads\/2023\/11\/WhatsApp-Image-2023-11-23-at-16.28.50-768x1365.jpeg 768w, https:\/\/www.hoteltheroosevelt.com\/wp-content\/uploads\/2023\/11\/WhatsApp-Image-2023-11-23-at-16.28.50-864x1536.jpeg 864w, https:\/\/www.hoteltheroosevelt.com\/wp-content\/uploads\/2023\/11\/WhatsApp-Image-2023-11-23-at-16.28.50-7x12.jpeg 7w, https:\/\/www.hoteltheroosevelt.com\/wp-content\/uploads\/2023\/11\/WhatsApp-Image-2023-11-23-at-16.28.50.jpeg 900w\" sizes=\"(max-width: 576px) 100vw, 576px\" title=\"\">\t\t\t\t\t\t\t\t\t\t\t\t\t\t\t<\/div>\n\t\t\t\t<\/div>\n\t\t\t\t<div class=\"elementor-element elementor-element-e4df77a elementor-widget elementor-widget-image\" data-id=\"e4df77a\" data-element_type=\"widget\" data-e-type=\"widget\" data-widget_type=\"image.default\">\n\t\t\t\t<div class=\"elementor-widget-container\">\n\t\t\t\t\t\t\t\t\t\t\t\t\t\t\t<img decoding=\"async\" width=\"768\" height=\"1024\" src=\"https:\/\/www.hoteltheroosevelt.com\/wp-content\/uploads\/2023\/11\/WhatsApp-Image-2023-11-22-at-16.01.40-6.jpeg\" class=\"attachment-large size-large wp-image-1922\" alt=\"\" srcset=\"https:\/\/www.hoteltheroosevelt.com\/wp-content\/uploads\/2023\/11\/WhatsApp-Image-2023-11-22-at-16.01.40-6.jpeg 768w, https:\/\/www.hoteltheroosevelt.com\/wp-content\/uploads\/2023\/11\/WhatsApp-Image-2023-11-22-at-16.01.40-6-225x300.jpeg 225w, https:\/\/www.hoteltheroosevelt.com\/wp-content\/uploads\/2023\/11\/WhatsApp-Image-2023-11-22-at-16.01.40-6-9x12.jpeg 9w\" sizes=\"(max-width: 768px) 100vw, 768px\" title=\"\">\t\t\t\t\t\t\t\t\t\t\t\t\t\t\t<\/div>\n\t\t\t\t<\/div>\n\t\t\t\t\t<\/div>\n\t\t<\/div>\n\t\t\t\t\t<\/div>\n\t\t<\/section>\n\t\t\t\t<\/div>","protected":false},"excerpt":{"rendered":"<p>Tussen Kerst en Oud en Nieuw&#8230; kunt u elke dag genieten van de bijzondere sfeer in The Lounge Wine &amp; Dine!De warme inrichting en bijzondere sfeer in ons hotel leent zich uitstekend voor heerlijk genieten tussen Oud en Nieuw.\u00a0We kijken ernaar uit u te mogen verwelkomen voor een feestelijke en smaakvolle kerst!De warme voelt u [&hellip;]<\/p>\n","protected":false},"author":3,"featured_media":0,"parent":0,"menu_order":0,"comment_status":"closed","ping_status":"closed","template":"","meta":{"footnotes":""},"class_list":["post-1961","page","type-page","status-publish","hentry"],"_links":{"self":[{"href":"https:\/\/www.hoteltheroosevelt.com\/fr\/wp-json\/wp\/v2\/pages\/1961","targetHints":{"allow":["GET"]}}],"collection":[{"href":"https:\/\/www.hoteltheroosevelt.com\/fr\/wp-json\/wp\/v2\/pages"}],"about":[{"href":"https:\/\/www.hoteltheroosevelt.com\/fr\/wp-json\/wp\/v2\/types\/page"}],"author":[{"embeddable":true,"href":"https:\/\/www.hoteltheroosevelt.com\/fr\/wp-json\/wp\/v2\/users\/3"}],"replies":[{"embeddable":true,"href":"https:\/\/www.hoteltheroosevelt.com\/fr\/wp-json\/wp\/v2\/comments?post=1961"}],"version-history":[{"count":28,"href":"https:\/\/www.hoteltheroosevelt.com\/fr\/wp-json\/wp\/v2\/pages\/1961\/revisions"}],"predecessor-version":[{"id":3438,"href":"https:\/\/www.hoteltheroosevelt.com\/fr\/wp-json\/wp\/v2\/pages\/1961\/revisions\/3438"}],"wp:attachment":[{"href":"https:\/\/www.hoteltheroosevelt.com\/fr\/wp-json\/wp\/v2\/media?parent=1961"}],"curies":[{"name":"wp","href":"https:\/\/api.w.org\/{rel}","templated":true}]}}