{"id":273,"date":"2023-08-09T14:00:48","date_gmt":"2023-08-09T12:00:48","guid":{"rendered":"https:\/\/roosevelt.rexturbohosting.com\/?page_id=273"},"modified":"2024-07-19T16:12:21","modified_gmt":"2024-07-19T14:12:21","slug":"evenementen","status":"publish","type":"page","link":"https:\/\/www.hoteltheroosevelt.com\/fr\/evenementen\/","title":{"rendered":"\u00c9v\u00e9nements"},"content":{"rendered":"<div data-elementor-type=\"wp-page\" data-elementor-id=\"273\" class=\"elementor elementor-273\" data-elementor-post-type=\"page\">\n\t\t\t\t\t\t<section class=\"elementor-section elementor-top-section elementor-element elementor-element-b264488 elementor-section-boxed elementor-section-height-default elementor-section-height-default\" data-id=\"b264488\" data-element_type=\"section\" data-e-type=\"section\">\n\t\t\t\t\t\t<div class=\"elementor-container elementor-column-gap-default\">\n\t\t\t\t\t<div class=\"elementor-column elementor-col-100 elementor-top-column elementor-element elementor-element-d14a069\" data-id=\"d14a069\" data-element_type=\"column\" data-e-type=\"column\">\n\t\t\t<div class=\"elementor-widget-wrap elementor-element-populated\">\n\t\t\t\t\t\t<div class=\"elementor-element elementor-element-588c43d elementor-widget elementor-widget-heading\" data-id=\"588c43d\" data-element_type=\"widget\" data-e-type=\"widget\" data-widget_type=\"heading.default\">\n\t\t\t\t<div class=\"elementor-widget-container\">\n\t\t\t\t\t<h1 class=\"elementor-heading-title elementor-size-default\">R\u00e9unions et \u00e9v\u00e9nements<\/h1>\t\t\t\t<\/div>\n\t\t\t\t<\/div>\n\t\t\t\t\t<\/div>\n\t\t<\/div>\n\t\t\t\t\t<\/div>\n\t\t<\/section>\n\t\t\t\t<section class=\"elementor-section elementor-top-section elementor-element elementor-element-d38ab96 elementor-section-content-middle elementor-section-boxed elementor-section-height-default elementor-section-height-default\" data-id=\"d38ab96\" data-element_type=\"section\" data-e-type=\"section\">\n\t\t\t\t\t\t<div class=\"elementor-container elementor-column-gap-wide\">\n\t\t\t\t\t<div class=\"elementor-column elementor-col-50 elementor-top-column elementor-element elementor-element-7c65a79\" data-id=\"7c65a79\" data-element_type=\"column\" data-e-type=\"column\">\n\t\t\t<div class=\"elementor-widget-wrap elementor-element-populated\">\n\t\t\t\t\t\t<div class=\"elementor-element elementor-element-fc4a31e elementor-widget elementor-widget-image\" data-id=\"fc4a31e\" data-element_type=\"widget\" data-e-type=\"widget\" data-widget_type=\"image.default\">\n\t\t\t\t<div class=\"elementor-widget-container\">\n\t\t\t\t\t\t\t\t\t\t\t\t\t\t\t<img fetchpriority=\"high\" decoding=\"async\" width=\"800\" height=\"800\" src=\"https:\/\/www.hoteltheroosevelt.com\/wp-content\/uploads\/2023\/10\/Meeting-1024x1024.png\" class=\"attachment-large size-large wp-image-1092\" alt=\"\" srcset=\"https:\/\/www.hoteltheroosevelt.com\/wp-content\/uploads\/2023\/10\/Meeting-1024x1024.png 1024w, https:\/\/www.hoteltheroosevelt.com\/wp-content\/uploads\/2023\/10\/Meeting-300x300.png 300w, https:\/\/www.hoteltheroosevelt.com\/wp-content\/uploads\/2023\/10\/Meeting-150x150.png 150w, https:\/\/www.hoteltheroosevelt.com\/wp-content\/uploads\/2023\/10\/Meeting-768x768.png 768w, https:\/\/www.hoteltheroosevelt.com\/wp-content\/uploads\/2023\/10\/Meeting-12x12.png 12w, https:\/\/www.hoteltheroosevelt.com\/wp-content\/uploads\/2023\/10\/Meeting.png 1080w\" sizes=\"(max-width: 800px) 100vw, 800px\" title=\"\">\t\t\t\t\t\t\t\t\t\t\t\t\t\t\t<\/div>\n\t\t\t\t<\/div>\n\t\t\t\t\t<\/div>\n\t\t<\/div>\n\t\t\t\t<div class=\"elementor-column elementor-col-50 elementor-top-column elementor-element elementor-element-b2129a4\" data-id=\"b2129a4\" data-element_type=\"column\" data-e-type=\"column\">\n\t\t\t<div class=\"elementor-widget-wrap elementor-element-populated\">\n\t\t\t\t\t\t<div class=\"elementor-element elementor-element-daeb568 elementor-widget elementor-widget-heading\" data-id=\"daeb568\" data-element_type=\"widget\" data-e-type=\"widget\" data-widget_type=\"heading.default\">\n\t\t\t\t<div class=\"elementor-widget-container\">\n\t\t\t\t\t<h2 class=\"elementor-heading-title elementor-size-default\">R\u00e9union ou assembl\u00e9e<\/h2>\t\t\t\t<\/div>\n\t\t\t\t<\/div>\n\t\t\t\t<div class=\"elementor-element elementor-element-4118c48 elementor-widget elementor-widget-text-editor\" data-id=\"4118c48\" data-element_type=\"widget\" data-e-type=\"widget\" data-widget_type=\"text-editor.default\">\n\t\t\t\t<div class=\"elementor-widget-container\">\n\t\t\t\t\t\t\t\t\t<p>Bienvenue dans la destination ultime pour les \u00e9v\u00e9nements d&#039;affaires, les r\u00e9unions et les f\u00eates au c\u0153ur de Middelburg ! Chez nous, vous trouverez tout ce dont vous avez besoin pour rendre votre r\u00e9union d&#039;affaires inoubliable.<\/p><p>Que vous recherchiez des espaces de r\u00e9union et de conf\u00e9rence, des chambres d&#039;h\u00f4tel luxueuses pour vos invit\u00e9s, un restaurant raffin\u00e9, un service sur mesure r\u00e9pondant \u00e0 tous vos besoins, nous sommes pr\u00eats \u00e0 d\u00e9passer vos attentes.<\/p><p>Vous souhaitez organiser votre r\u00e9union ou votre rassemblement dans un cadre unique et \u00e9l\u00e9gant ?\u00a0<span style=\"color: var( --e-global-color-text ); font-family: var( --e-global-typography-text-font-family ), Sans-serif; font-weight: var( --e-global-typography-text-font-weight );\">D\u00e9couvrez nos options uniques et laissez-nous d\u00e9passer vos attentes.<\/span><\/p>\t\t\t\t\t\t\t\t<\/div>\n\t\t\t\t<\/div>\n\t\t\t\t<div class=\"elementor-element elementor-element-aafb959 elementor-widget__width-auto elementor-widget elementor-widget-button\" data-id=\"aafb959\" data-element_type=\"widget\" data-e-type=\"widget\" data-widget_type=\"button.default\">\n\t\t\t\t<div class=\"elementor-widget-container\">\n\t\t\t\t\t\t\t\t\t<div class=\"elementor-button-wrapper\">\n\t\t\t\t\t<a class=\"elementor-button elementor-button-link elementor-size-md\" href=\"https:\/\/www.hoteltheroosevelt.com\/fr\/meetings-events\/vergadermogelijkheden\/\">\n\t\t\t\t\t\t<span class=\"elementor-button-content-wrapper\">\n\t\t\t\t\t\t\t\t\t<span class=\"elementor-button-text\">Plus d&#039;information<\/span>\n\t\t\t\t\t<\/span>\n\t\t\t\t\t<\/a>\n\t\t\t\t<\/div>\n\t\t\t\t\t\t\t\t<\/div>\n\t\t\t\t<\/div>\n\t\t\t\t\t<\/div>\n\t\t<\/div>\n\t\t\t\t\t<\/div>\n\t\t<\/section>\n\t\t\t\t<section class=\"elementor-section elementor-top-section elementor-element elementor-element-7b65529 elementor-section-content-middle elementor-section-boxed elementor-section-height-default elementor-section-height-default\" data-id=\"7b65529\" data-element_type=\"section\" data-e-type=\"section\">\n\t\t\t\t\t\t<div class=\"elementor-container elementor-column-gap-wide\">\n\t\t\t\t\t<div class=\"elementor-column elementor-col-50 elementor-top-column elementor-element elementor-element-31faf60\" data-id=\"31faf60\" data-element_type=\"column\" data-e-type=\"column\">\n\t\t\t<div class=\"elementor-widget-wrap elementor-element-populated\">\n\t\t\t\t\t\t<div class=\"elementor-element elementor-element-3ebf98a elementor-widget elementor-widget-heading\" data-id=\"3ebf98a\" data-element_type=\"widget\" data-e-type=\"widget\" data-widget_type=\"heading.default\">\n\t\t\t\t<div class=\"elementor-widget-container\">\n\t\t\t\t\t<h2 class=\"elementor-heading-title elementor-size-default\">Lieu d&#039;\u00e9v\u00e9nement et de f\u00eate<\/h2>\t\t\t\t<\/div>\n\t\t\t\t<\/div>\n\t\t\t\t<div class=\"elementor-element elementor-element-05fed84 elementor-widget elementor-widget-text-editor\" data-id=\"05fed84\" data-element_type=\"widget\" data-e-type=\"widget\" data-widget_type=\"text-editor.default\">\n\t\t\t\t<div class=\"elementor-widget-container\">\n\t\t\t\t\t\t\t\t\t<p>Le Boutique Hotel The Roosevelt est la destination ultime pour c\u00e9l\u00e9brer. D&#039;un mariage dans le jardin idyllique de l&#039;h\u00f4tel \u00e0 la c\u00e9l\u00e9bration de votre anniversaire comme Abraham ; Notre emplacement offre de nombreuses options avec les installations modernes que vous souhaitez pour votre \u00e9v\u00e9nement. Avec notre service hospitalier et notre personnel de cuisine exp\u00e9riment\u00e9, nous sommes assur\u00e9s de transformer votre \u00e9v\u00e9nement en f\u00eate !<\/p>\t\t\t\t\t\t\t\t<\/div>\n\t\t\t\t<\/div>\n\t\t\t\t<div class=\"elementor-element elementor-element-5137018 elementor-widget__width-auto elementor-widget elementor-widget-button\" data-id=\"5137018\" data-element_type=\"widget\" data-e-type=\"widget\" data-widget_type=\"button.default\">\n\t\t\t\t<div class=\"elementor-widget-container\">\n\t\t\t\t\t\t\t\t\t<div class=\"elementor-button-wrapper\">\n\t\t\t\t\t<a class=\"elementor-button elementor-button-link elementor-size-sm\" href=\"\/fr\/meetings-events\/feesten\/\">\n\t\t\t\t\t\t<span class=\"elementor-button-content-wrapper\">\n\t\t\t\t\t\t\t\t\t<span class=\"elementor-button-text\">Plus d&#039;information<\/span>\n\t\t\t\t\t<\/span>\n\t\t\t\t\t<\/a>\n\t\t\t\t<\/div>\n\t\t\t\t\t\t\t\t<\/div>\n\t\t\t\t<\/div>\n\t\t\t\t\t<\/div>\n\t\t<\/div>\n\t\t\t\t<div class=\"elementor-column elementor-col-50 elementor-top-column elementor-element elementor-element-2016d60\" data-id=\"2016d60\" data-element_type=\"column\" data-e-type=\"column\">\n\t\t\t<div class=\"elementor-widget-wrap elementor-element-populated\">\n\t\t\t\t\t\t<div class=\"elementor-element elementor-element-50c96a3 elementor-widget elementor-widget-image\" data-id=\"50c96a3\" data-element_type=\"widget\" data-e-type=\"widget\" data-widget_type=\"image.default\">\n\t\t\t\t<div class=\"elementor-widget-container\">\n\t\t\t\t\t\t\t\t\t\t\t\t\t\t\t<img decoding=\"async\" width=\"800\" height=\"534\" src=\"https:\/\/www.hoteltheroosevelt.com\/wp-content\/uploads\/2023\/08\/Hotel-The-Roosevelt-The-Lounge-juni-2023-49-1024x683.jpg\" class=\"attachment-large size-large wp-image-306\" alt=\"\" srcset=\"https:\/\/www.hoteltheroosevelt.com\/wp-content\/uploads\/2023\/08\/Hotel-The-Roosevelt-The-Lounge-juni-2023-49-1024x683.jpg 1024w, https:\/\/www.hoteltheroosevelt.com\/wp-content\/uploads\/2023\/08\/Hotel-The-Roosevelt-The-Lounge-juni-2023-49-300x200.jpg 300w, https:\/\/www.hoteltheroosevelt.com\/wp-content\/uploads\/2023\/08\/Hotel-The-Roosevelt-The-Lounge-juni-2023-49-768x512.jpg 768w, https:\/\/www.hoteltheroosevelt.com\/wp-content\/uploads\/2023\/08\/Hotel-The-Roosevelt-The-Lounge-juni-2023-49-1536x1024.jpg 1536w, https:\/\/www.hoteltheroosevelt.com\/wp-content\/uploads\/2023\/08\/Hotel-The-Roosevelt-The-Lounge-juni-2023-49-18x12.jpg 18w, https:\/\/www.hoteltheroosevelt.com\/wp-content\/uploads\/2023\/08\/Hotel-The-Roosevelt-The-Lounge-juni-2023-49.jpg 1600w\" sizes=\"(max-width: 800px) 100vw, 800px\" title=\"\">\t\t\t\t\t\t\t\t\t\t\t\t\t\t\t<\/div>\n\t\t\t\t<\/div>\n\t\t\t\t\t<\/div>\n\t\t<\/div>\n\t\t\t\t\t<\/div>\n\t\t<\/section>\n\t\t\t\t<section class=\"elementor-section elementor-top-section elementor-element elementor-element-1681b6b elementor-section-content-middle elementor-section-boxed elementor-section-height-default elementor-section-height-default\" data-id=\"1681b6b\" data-element_type=\"section\" data-e-type=\"section\">\n\t\t\t\t\t\t<div class=\"elementor-container elementor-column-gap-default\">\n\t\t\t\t\t<div class=\"elementor-column elementor-col-66 elementor-top-column elementor-element elementor-element-c80afe7\" data-id=\"c80afe7\" data-element_type=\"column\" data-e-type=\"column\" data-settings=\"{&quot;background_background&quot;:&quot;classic&quot;}\">\n\t\t\t<div class=\"elementor-widget-wrap elementor-element-populated\">\n\t\t\t\t\t\t<div class=\"elementor-element elementor-element-5ea239f elementor-widget elementor-widget-heading\" data-id=\"5ea239f\" data-element_type=\"widget\" data-e-type=\"widget\" data-widget_type=\"heading.default\">\n\t\t\t\t<div class=\"elementor-widget-container\">\n\t\t\t\t\t<h2 class=\"elementor-heading-title elementor-size-default\">Programme de fid\u00e9lit\u00e9<\/h2>\t\t\t\t<\/div>\n\t\t\t\t<\/div>\n\t\t\t\t<div class=\"elementor-element elementor-element-d339e65 elementor-widget elementor-widget-text-editor\" data-id=\"d339e65\" data-element_type=\"widget\" data-e-type=\"widget\" data-widget_type=\"text-editor.default\">\n\t\t\t\t<div class=\"elementor-widget-container\">\n\t\t\t\t\t\t\t\t\t<p><span class=\"autogrow-textarea\">Nous proposons un programme de fid\u00e9lit\u00e9 sur mesure pour les s\u00e9jours professionnels et r\u00e9guliers. <\/span><\/p>\t\t\t\t\t\t\t\t<\/div>\n\t\t\t\t<\/div>\n\t\t\t\t\t<\/div>\n\t\t<\/div>\n\t\t\t\t<div class=\"elementor-column elementor-col-33 elementor-top-column elementor-element elementor-element-b2f39e6\" data-id=\"b2f39e6\" data-element_type=\"column\" data-e-type=\"column\" data-settings=\"{&quot;background_background&quot;:&quot;classic&quot;}\">\n\t\t\t<div class=\"elementor-widget-wrap elementor-element-populated\">\n\t\t\t\t\t\t<div class=\"elementor-element elementor-element-bff1e94 elementor-align-center elementor-widget elementor-widget-button\" data-id=\"bff1e94\" data-element_type=\"widget\" data-e-type=\"widget\" data-widget_type=\"button.default\">\n\t\t\t\t<div class=\"elementor-widget-container\">\n\t\t\t\t\t\t\t\t\t<div class=\"elementor-button-wrapper\">\n\t\t\t\t\t<a class=\"elementor-button elementor-button-link elementor-size-md\" href=\"\/fr\/meetings-events\/loyaliteitsprogramma\/\">\n\t\t\t\t\t\t<span class=\"elementor-button-content-wrapper\">\n\t\t\t\t\t\t\t\t\t<span class=\"elementor-button-text\">Programme de fid\u00e9lit\u00e9<\/span>\n\t\t\t\t\t<\/span>\n\t\t\t\t\t<\/a>\n\t\t\t\t<\/div>\n\t\t\t\t\t\t\t\t<\/div>\n\t\t\t\t<\/div>\n\t\t\t\t\t<\/div>\n\t\t<\/div>\n\t\t\t\t\t<\/div>\n\t\t<\/section>\n\t\t\t\t<\/div>","protected":false},"excerpt":{"rendered":"<p>Meetings &#038; Events Meeting of vergadering Welkom bij d\u00e9 ultieme bestemming voor zakelijke events, meetings en feesten in het hart van Middelburg! Bij ons vindt u alles wat u nodig heeft om uw zakelijke bijeenkomst onvergetelijk te maken. Of u nu op zoek bent naar vergaderruimtes en boardrooms, luxe hotelkamers voor uw gasten, een verfijnd [&hellip;]<\/p>\n","protected":false},"author":2,"featured_media":0,"parent":0,"menu_order":0,"comment_status":"closed","ping_status":"closed","template":"","meta":{"footnotes":""},"class_list":["post-273","page","type-page","status-publish","hentry"],"_links":{"self":[{"href":"https:\/\/www.hoteltheroosevelt.com\/fr\/wp-json\/wp\/v2\/pages\/273","targetHints":{"allow":["GET"]}}],"collection":[{"href":"https:\/\/www.hoteltheroosevelt.com\/fr\/wp-json\/wp\/v2\/pages"}],"about":[{"href":"https:\/\/www.hoteltheroosevelt.com\/fr\/wp-json\/wp\/v2\/types\/page"}],"author":[{"embeddable":true,"href":"https:\/\/www.hoteltheroosevelt.com\/fr\/wp-json\/wp\/v2\/users\/2"}],"replies":[{"embeddable":true,"href":"https:\/\/www.hoteltheroosevelt.com\/fr\/wp-json\/wp\/v2\/comments?post=273"}],"version-history":[{"count":44,"href":"https:\/\/www.hoteltheroosevelt.com\/fr\/wp-json\/wp\/v2\/pages\/273\/revisions"}],"predecessor-version":[{"id":3154,"href":"https:\/\/www.hoteltheroosevelt.com\/fr\/wp-json\/wp\/v2\/pages\/273\/revisions\/3154"}],"wp:attachment":[{"href":"https:\/\/www.hoteltheroosevelt.com\/fr\/wp-json\/wp\/v2\/media?parent=273"}],"curies":[{"name":"wp","href":"https:\/\/api.w.org\/{rel}","templated":true}]}}