{"id":3179,"date":"2024-08-27T09:47:11","date_gmt":"2024-08-27T07:47:11","guid":{"rendered":"https:\/\/www.hoteltheroosevelt.com\/?page_id=3179"},"modified":"2024-08-27T10:47:56","modified_gmt":"2024-08-27T08:47:56","slug":"boutique-hotel","status":"publish","type":"page","link":"https:\/\/www.hoteltheroosevelt.com\/fr\/over-ons\/boutique-hotel\/","title":{"rendered":"H\u00f4tel de charme"},"content":{"rendered":"<div data-elementor-type=\"wp-page\" data-elementor-id=\"3179\" class=\"elementor elementor-3179\" data-elementor-post-type=\"page\">\n\t\t\t\t\t\t<section class=\"elementor-section elementor-top-section elementor-element elementor-element-4f819a5 elementor-section-boxed elementor-section-height-default elementor-section-height-default\" data-id=\"4f819a5\" data-element_type=\"section\" data-e-type=\"section\">\n\t\t\t\t\t\t<div class=\"elementor-container elementor-column-gap-default\">\n\t\t\t\t\t<div class=\"elementor-column elementor-col-100 elementor-top-column elementor-element elementor-element-4fd96ae\" data-id=\"4fd96ae\" data-element_type=\"column\" data-e-type=\"column\">\n\t\t\t<div class=\"elementor-widget-wrap elementor-element-populated\">\n\t\t\t\t\t\t<div class=\"elementor-element elementor-element-fc8dd31 elementor-widget elementor-widget-heading\" data-id=\"fc8dd31\" data-element_type=\"widget\" data-e-type=\"widget\" data-widget_type=\"heading.default\">\n\t\t\t\t<div class=\"elementor-widget-container\">\n\t\t\t\t\t<h1 class=\"elementor-heading-title elementor-size-default\">H\u00f4tel de charme<\/h1>\t\t\t\t<\/div>\n\t\t\t\t<\/div>\n\t\t\t\t<div class=\"elementor-element elementor-element-c232398 elementor-widget elementor-widget-text-editor\" data-id=\"c232398\" data-element_type=\"widget\" data-e-type=\"widget\" data-widget_type=\"text-editor.default\">\n\t\t\t\t<div class=\"elementor-widget-container\">\n\t\t\t\t\t\t\t\t\t<p>\u00cates-vous \u00e0 la recherche d\u2019un lieu de s\u00e9jour unique qui offre bien plus qu\u2019une simple chambre d\u2019h\u00f4tes ? Un lieu o\u00f9 ambiance, personnalit\u00e9 et luxe se rejoignent ? D\u00e9couvrez ensuite le charme du Boutique Hotel The Roosevelt dans le c\u0153ur historique de Middelburg en Z\u00e9lande. Chaque d\u00e9tail de l&#039;h\u00f4tel a \u00e9t\u00e9 soigneusement choisi pour rendre votre s\u00e9jour sp\u00e9cial et vous offrir une exp\u00e9rience inoubliable. Nous proposons \u00e9galement toutes sortes d&#039;installations et de forfaits pour compl\u00e9ter votre s\u00e9jour dans notre h\u00f4tel-boutique.<\/p><h2>Qu\u2019est-ce qu\u2019un boutique-h\u00f4tel ?<\/h2><p>Un h\u00f4tel-boutique est un petit h\u00f4tel \u00e9l\u00e9gant connu pour son caract\u00e8re unique et son service personnalis\u00e9. Contrairement aux h\u00f4tels classiques, les h\u00f4tels-boutiques sont ax\u00e9s sur l\u2019atmosph\u00e8re et une approche personnelle. Le design de notre boutique-h\u00f4tel a \u00e9t\u00e9 soigneusement choisi et refl\u00e8te ce que nous d\u00e9fendons : une approche personnelle et l&#039;hospitalit\u00e9. D\u00e8s votre arriv\u00e9e dans notre h\u00f4tel, vous recevrez un accueil chaleureux et professionnel. Notre h\u00f4tesse se fera un plaisir de vous aider.<\/p><h2>Le charme unique des boutique-h\u00f4tels<\/h2><p>Ce qui distingue un h\u00f4tel-boutique, c\u2019est le service personnalis\u00e9 et l\u2019attention que re\u00e7oivent les clients. Chez nous, vous n&#039;\u00eates pas un num\u00e9ro, mais vous \u00eates v\u00e9ritablement vu et entendu en tant qu&#039;individu. De plus, notre h\u00f4tel est d\u00e9cor\u00e9 avec beaucoup de go\u00fbt et dans le souci du d\u00e9tail, afin que chaque chambre raconte sa propre histoire. La petite taille du Boutique Hotel The Roosevelt cr\u00e9e une atmosph\u00e8re intime et chaleureuse, o\u00f9 vous vous sentirez imm\u00e9diatement comme chez vous.<\/p><h2>H\u00f4tel de charme au c\u0153ur de Middelburg<\/h2><p>Au Boutique Hotel The Roosevelt aux Pays-Bas, vous s\u00e9journerez dans un endroit charmant au c\u0153ur de Middelburg. Une ville attrayante entour\u00e9e de villes voisines telles que Domburg et Veere, o\u00f9 vous pourrez profiter d&#039;une plage de sable longue de 38 km. La plage se trouve \u00e0 seulement 7 minutes en voiture de notre h\u00f4tel. Middelburg est id\u00e9alement situ\u00e9 \u00e0 c\u00f4t\u00e9 de l&#039;autoroute A58 et est donc facilement accessible depuis diverses autres villes des Pays-Bas et de Belgique. En bref : l&#039;endroit id\u00e9al pour un s\u00e9jour relaxant dans notre h\u00f4tel.<\/p><h2>Chambres et appartements attrayants<\/h2><p>Dans notre joli boutique-h\u00f4tel aux Pays-Bas, nous combinons luxe et atmosph\u00e8re intime. Nos chambres et appartements sont meubl\u00e9s de mani\u00e8re unique, avec une grande attention aux d\u00e9tails et au confort. Curieux de savoir ce que nous avons \u00e0 offrir ? D\u00e9couvrez nos diff\u00e9rents <a href=\"https:\/\/www.hoteltheroosevelt.com\/fr\/choose-your-room\/\">chambres et appartements<\/a> et choisissez l&#039;espace qui correspond le mieux \u00e0 vos besoins.<\/p><h2>Installations et forfaits<\/h2><p>Au Boutique Hotel The Roosevelt, vous pouvez compter sur diff\u00e9rents forfaits qui rendront votre s\u00e9jour complet. D&#039;un d\u00eener copieux \u00e0 une nuit de d\u00e9tente, tout est possible. Vivez une exp\u00e9rience culinaire dans <a href=\"https:\/\/www.hoteltheroosevelt.com\/fr\/restaurant-the-lounge\/\">Restaurant Le Salon<\/a>, o\u00f9 les ingr\u00e9dients locaux sont centraux. De plus, notre h\u00f4tel offre la possibilit\u00e9 de\u00a0: <a href=\"https:\/\/www.hoteltheroosevelt.com\/fr\/evenementen\/\">\u00e9v\u00e9nements<\/a> et <a href=\"https:\/\/www.hoteltheroosevelt.com\/fr\/zakelijk\/\">r\u00e9unions d&#039;affaires<\/a> \u00e0 organiser. Il y en a pour tous les go\u00fbts. Pour plus de d\u00e9tente, vous pouvez opter pour un forfait sauna ou un forfait jacuzzi, qui vous permettront de vous d\u00e9tendre compl\u00e8tement pendant votre s\u00e9jour.<\/p><h2>Pourquoi choisir un h\u00f4tel de charme en Z\u00e9lande ?<\/h2><p>La Z\u00e9lande est connue pour sa paix, son espace et sa belle nature. Un s\u00e9jour au Boutique Hotel The Roosevelt vous offre la possibilit\u00e9 d\u2019en profiter pleinement. Middelburg, avec sa riche histoire et ses rues charmantes, est un endroit privil\u00e9gi\u00e9 et le point de d\u00e9part id\u00e9al pour passer la nuit. Ici, vous d\u00e9couvrirez les avantages de notre petit h\u00f4tel, combin\u00e9s \u00e0 la beaut\u00e9 de l&#039;environnement z\u00e9landais. De nombreux clients choisissent \u00e9galement la Z\u00e9lande en raison de ses belles plages situ\u00e9es \u00e0 moins de 7 km. Vous pourrez ainsi parfaitement combiner votre s\u00e9jour dans notre h\u00f4tel avec une journ\u00e9e \u00e0 la mer.<\/p><h2>R\u00e9servez votre s\u00e9jour au Boutique H\u00f4tel The Roosevelt<\/h2><p>Le Boutique Hotel The Roosevelt propose une gamme de services et d&#039;installations suppl\u00e9mentaires pour rendre votre s\u00e9jour inoubliable. Que vous recherchiez la d\u00e9tente ou que vous souhaitiez organiser une r\u00e9union d&#039;affaires dans un lieu unique, tout est possible. <a href=\"https:\/\/www.hoteltheroosevelt.com\/fr\/contact\/\">Contactez-nous<\/a> pour plus d&#039;informations ou pour effectuer votre r\u00e9servation directement. Nous serons heureux de vous aider \u00e0 prendre soin de votre s\u00e9jour dans les moindres d\u00e9tails.<\/p>\t\t\t\t\t\t\t\t<\/div>\n\t\t\t\t<\/div>\n\t\t\t\t\t<\/div>\n\t\t<\/div>\n\t\t\t\t\t<\/div>\n\t\t<\/section>\n\t\t\t\t<\/div>","protected":false},"excerpt":{"rendered":"<p>Boutique hotel Bent u op zoek naar een unieke overnachtingsplek die meer biedt dan alleen een bed en een ontbijt? Een plek waar sfeer, persoonlijkheid en luxe samenkomen? Ontdek dan de charme van Boutique Hotel The Roosevelt in het historische hart van Middelburg te Zeeland. Elk detail in het hotel is met zorg gekozen om [&hellip;]<\/p>\n","protected":false},"author":2,"featured_media":0,"parent":747,"menu_order":0,"comment_status":"closed","ping_status":"closed","template":"","meta":{"footnotes":""},"class_list":["post-3179","page","type-page","status-publish","hentry"],"_links":{"self":[{"href":"https:\/\/www.hoteltheroosevelt.com\/fr\/wp-json\/wp\/v2\/pages\/3179","targetHints":{"allow":["GET"]}}],"collection":[{"href":"https:\/\/www.hoteltheroosevelt.com\/fr\/wp-json\/wp\/v2\/pages"}],"about":[{"href":"https:\/\/www.hoteltheroosevelt.com\/fr\/wp-json\/wp\/v2\/types\/page"}],"author":[{"embeddable":true,"href":"https:\/\/www.hoteltheroosevelt.com\/fr\/wp-json\/wp\/v2\/users\/2"}],"replies":[{"embeddable":true,"href":"https:\/\/www.hoteltheroosevelt.com\/fr\/wp-json\/wp\/v2\/comments?post=3179"}],"version-history":[{"count":9,"href":"https:\/\/www.hoteltheroosevelt.com\/fr\/wp-json\/wp\/v2\/pages\/3179\/revisions"}],"predecessor-version":[{"id":3291,"href":"https:\/\/www.hoteltheroosevelt.com\/fr\/wp-json\/wp\/v2\/pages\/3179\/revisions\/3291"}],"up":[{"embeddable":true,"href":"https:\/\/www.hoteltheroosevelt.com\/fr\/wp-json\/wp\/v2\/pages\/747"}],"wp:attachment":[{"href":"https:\/\/www.hoteltheroosevelt.com\/fr\/wp-json\/wp\/v2\/media?parent=3179"}],"curies":[{"name":"wp","href":"https:\/\/api.w.org\/{rel}","templated":true}]}}