{"id":327,"date":"2023-08-09T16:41:48","date_gmt":"2023-08-09T14:41:48","guid":{"rendered":"https:\/\/roosevelt.rexturbohosting.com\/?page_id=327"},"modified":"2026-04-21T17:08:36","modified_gmt":"2026-04-21T15:08:36","slug":"the-lounge-wine-dine","status":"publish","type":"page","link":"https:\/\/www.hoteltheroosevelt.com\/fr\/restaurant-the-lounge\/the-lounge-wine-dine\/","title":{"rendered":"Restaurant Le Salon"},"content":{"rendered":"<div data-elementor-type=\"wp-page\" data-elementor-id=\"327\" class=\"elementor elementor-327\" data-elementor-post-type=\"page\">\n\t\t\t\t\t\t<section class=\"elementor-section elementor-top-section elementor-element elementor-element-5dd9356 elementor-section-content-middle elementor-section-boxed elementor-section-height-default elementor-section-height-default\" data-id=\"5dd9356\" data-element_type=\"section\" data-e-type=\"section\">\n\t\t\t\t\t\t<div class=\"elementor-container elementor-column-gap-wide\">\n\t\t\t\t\t<div class=\"elementor-column elementor-col-50 elementor-top-column elementor-element elementor-element-053f767\" data-id=\"053f767\" data-element_type=\"column\" data-e-type=\"column\">\n\t\t\t<div class=\"elementor-widget-wrap elementor-element-populated\">\n\t\t\t\t\t\t<div class=\"elementor-element elementor-element-c976e23 elementor-widget elementor-widget-heading\" data-id=\"c976e23\" data-element_type=\"widget\" data-e-type=\"widget\" data-widget_type=\"heading.default\">\n\t\t\t\t<div class=\"elementor-widget-container\">\n\t\t\t\t\t<h1 class=\"elementor-heading-title elementor-size-default\">Cocktail &amp; Pinsabar Le Lounge<\/h1>\t\t\t\t<\/div>\n\t\t\t\t<\/div>\n\t\t\t\t<div class=\"elementor-element elementor-element-8589975 elementor-widget elementor-widget-heading\" data-id=\"8589975\" data-element_type=\"widget\" data-e-type=\"widget\" data-widget_type=\"heading.default\">\n\t\t\t\t<div class=\"elementor-widget-container\">\n\t\t\t\t\t<h3 class=\"elementor-heading-title elementor-size-default\">Ambiance chaleureuse<\/h3>\t\t\t\t<\/div>\n\t\t\t\t<\/div>\n\t\t\t\t<div class=\"elementor-element elementor-element-e3c9066 elementor-widget elementor-widget-text-editor\" data-id=\"e3c9066\" data-element_type=\"widget\" data-e-type=\"widget\" data-widget_type=\"text-editor.default\">\n\t\t\t\t<div class=\"elementor-widget-container\">\n\t\t\t\t\t\t\t\t\t<p><strong>Le Lounge Cocktails &amp; Pinsa&#039;s est un lieu chaleureux o\u00f9 il est particuli\u00e8rement agr\u00e9able de s\u00e9journer. Un bar unique, un coin salon agr\u00e9able, des si\u00e8ges charmants, des coins s\u00e9duisants. Chaleur, ambiance et intimit\u00e9. Le r\u00e9sultat est un bar \u00e0 cocktails avec des Pinsas et un endroit pour se d\u00e9tendre.<\/strong><\/p>\n<p>Parce que tout contribue \u00e0 l&#039;ensemble et que tous les sens doivent \u00eatre choy\u00e9s, non seulement le go\u00fbt des Pinsas et des Cocktails est sublime, mais une grande attention est \u00e9galement port\u00e9e \u00e0 la pr\u00e9sentation et \u00e0 l&#039;accueil par nos h\u00f4tesses.<\/p>\n<p><strong>Cocktails et Pinas<\/strong><br>Le Lounge est ouvert tous les jours \u00e0 partir de 16h. En plus des d\u00e9licieux cocktails, nous servons \u00e9galement des pinsa.<b><br><\/b><\/p>\t\t\t\t\t\t\t\t<\/div>\n\t\t\t\t<\/div>\n\t\t\t\t<div class=\"elementor-element elementor-element-661afb2 elementor-widget elementor-widget-heading\" data-id=\"661afb2\" data-element_type=\"widget\" data-e-type=\"widget\" data-widget_type=\"heading.default\">\n\t\t\t\t<div class=\"elementor-widget-container\">\n\t\t\t\t\t<h3 class=\"elementor-heading-title elementor-size-default\">Les clients non-h\u00f4teliers sont \u00e9galement les bienvenus <\/h3>\t\t\t\t<\/div>\n\t\t\t\t<\/div>\n\t\t\t\t<div class=\"elementor-element elementor-element-00efa16 elementor-widget elementor-widget-text-editor\" data-id=\"00efa16\" data-element_type=\"widget\" data-e-type=\"widget\" data-widget_type=\"text-editor.default\">\n\t\t\t\t<div class=\"elementor-widget-container\">\n\t\t\t\t\t\t\t\t\t<p>Les visiteurs de Middelburg et des environs viennent \u00e9galement ici pour d\u00e9guster une cuisine vraiment savoureuse. <span style=\"color: var( --e-global-color-text ); font-family: var( --e-global-typography-text-font-family ), Sans-serif; font-weight: var( --e-global-typography-text-font-weight );\">Cocktail et une d\u00e9licieuse Pinsa&#039;s. L&#039;ambiance chaleureuse rend cet endroit toujours anim\u00e9 et cela renforce l&#039;envie d&#039;y passer \u00e9galement la soir\u00e9e.<\/span><\/p>\t\t\t\t\t\t\t\t<\/div>\n\t\t\t\t<\/div>\n\t\t\t\t<div class=\"elementor-element elementor-element-6914351 elementor-widget__width-auto elementor-widget elementor-widget-button\" data-id=\"6914351\" data-element_type=\"widget\" data-e-type=\"widget\" data-widget_type=\"button.default\">\n\t\t\t\t<div class=\"elementor-widget-container\">\n\t\t\t\t\t\t\t\t\t<div class=\"elementor-button-wrapper\">\n\t\t\t\t\t<a class=\"elementor-button elementor-button-link elementor-size-sm\" href=\"https:\/\/live.tebi.co\/ecom\/reservations\/756485_8397fb27bff024d51a1c10f9b5a785a4fafdb885dadc780045fb127b78a898f7\" target=\"_blank\" rel=\"noopener\">\n\t\t\t\t\t\t<span class=\"elementor-button-content-wrapper\">\n\t\t\t\t\t\t\t\t\t<span class=\"elementor-button-text\">R\u00e9server<\/span>\n\t\t\t\t\t<\/span>\n\t\t\t\t\t<\/a>\n\t\t\t\t<\/div>\n\t\t\t\t\t\t\t\t<\/div>\n\t\t\t\t<\/div>\n\t\t\t\t<div class=\"elementor-element elementor-element-c320a8f elementor-widget__width-auto elementor-widget elementor-widget-button\" data-id=\"c320a8f\" data-element_type=\"widget\" data-e-type=\"widget\" data-widget_type=\"button.default\">\n\t\t\t\t<div class=\"elementor-widget-container\">\n\t\t\t\t\t\t\t\t\t<div class=\"elementor-button-wrapper\">\n\t\t\t\t\t<a class=\"elementor-button elementor-button-link elementor-size-sm\" href=\"\/fr\/eten-drinken\/menu\/\">\n\t\t\t\t\t\t<span class=\"elementor-button-content-wrapper\">\n\t\t\t\t\t\t\t\t\t<span class=\"elementor-button-text\">Menu<\/span>\n\t\t\t\t\t<\/span>\n\t\t\t\t\t<\/a>\n\t\t\t\t<\/div>\n\t\t\t\t\t\t\t\t<\/div>\n\t\t\t\t<\/div>\n\t\t\t\t\t<\/div>\n\t\t<\/div>\n\t\t\t\t<div class=\"elementor-column elementor-col-50 elementor-top-column elementor-element elementor-element-937e242\" data-id=\"937e242\" data-element_type=\"column\" data-e-type=\"column\">\n\t\t\t<div class=\"elementor-widget-wrap elementor-element-populated\">\n\t\t\t\t\t\t<div class=\"elementor-element elementor-element-6f42369 elementor-widget elementor-widget-image\" data-id=\"6f42369\" data-element_type=\"widget\" data-e-type=\"widget\" data-widget_type=\"image.default\">\n\t\t\t\t<div class=\"elementor-widget-container\">\n\t\t\t\t\t\t\t\t\t\t\t\t<figure class=\"wp-caption\">\n\t\t\t\t\t\t\t\t\t\t<img fetchpriority=\"high\" decoding=\"async\" width=\"768\" height=\"576\" src=\"https:\/\/www.hoteltheroosevelt.com\/wp-content\/uploads\/2024\/01\/IMG_5939-768x576.jpeg\" class=\"attachment-medium_large size-medium_large wp-image-2341\" alt=\"\" srcset=\"https:\/\/www.hoteltheroosevelt.com\/wp-content\/uploads\/2024\/01\/IMG_5939-768x576.jpeg 768w, https:\/\/www.hoteltheroosevelt.com\/wp-content\/uploads\/2024\/01\/IMG_5939-300x225.jpeg 300w, https:\/\/www.hoteltheroosevelt.com\/wp-content\/uploads\/2024\/01\/IMG_5939-1024x768.jpeg 1024w, https:\/\/www.hoteltheroosevelt.com\/wp-content\/uploads\/2024\/01\/IMG_5939-1536x1152.jpeg 1536w, https:\/\/www.hoteltheroosevelt.com\/wp-content\/uploads\/2024\/01\/IMG_5939-scaled.jpeg 2048w, https:\/\/www.hoteltheroosevelt.com\/wp-content\/uploads\/2024\/01\/IMG_5939-16x12.jpeg 16w\" sizes=\"(max-width: 768px) 100vw, 768px\" title=\"\">\t\t\t\t\t\t\t\t\t\t\t<figcaption class=\"widget-image-caption wp-caption-text\"><\/figcaption>\n\t\t\t\t\t\t\t\t\t\t<\/figure>\n\t\t\t\t\t\t\t\t\t<\/div>\n\t\t\t\t<\/div>\n\t\t\t\t\t<\/div>\n\t\t<\/div>\n\t\t\t\t\t<\/div>\n\t\t<\/section>\n\t\t\t\t<section class=\"elementor-section elementor-top-section elementor-element elementor-element-18a09dd elementor-section-boxed elementor-section-height-default elementor-section-height-default\" data-id=\"18a09dd\" data-element_type=\"section\" data-e-type=\"section\">\n\t\t\t\t\t\t<div class=\"elementor-container elementor-column-gap-default\">\n\t\t\t\t\t<div class=\"elementor-column elementor-col-100 elementor-top-column elementor-element elementor-element-dd882c3\" data-id=\"dd882c3\" data-element_type=\"column\" data-e-type=\"column\">\n\t\t\t<div class=\"elementor-widget-wrap elementor-element-populated\">\n\t\t\t\t\t\t<div class=\"elementor-element elementor-element-9283cd5 elementor-widget__width-initial elementor-widget elementor-widget-image\" data-id=\"9283cd5\" data-element_type=\"widget\" data-e-type=\"widget\" data-widget_type=\"image.default\">\n\t\t\t\t<div class=\"elementor-widget-container\">\n\t\t\t\t\t\t\t\t\t\t\t\t\t\t\t<img decoding=\"async\" width=\"800\" height=\"795\" src=\"https:\/\/www.hoteltheroosevelt.com\/wp-content\/uploads\/2025\/03\/Foto-vierkant-lounge-1024x1017.png\" class=\"attachment-large size-large wp-image-3598\" alt=\"\" srcset=\"https:\/\/www.hoteltheroosevelt.com\/wp-content\/uploads\/2025\/03\/Foto-vierkant-lounge-1024x1017.png 1024w, https:\/\/www.hoteltheroosevelt.com\/wp-content\/uploads\/2025\/03\/Foto-vierkant-lounge-300x298.png 300w, https:\/\/www.hoteltheroosevelt.com\/wp-content\/uploads\/2025\/03\/Foto-vierkant-lounge-150x150.png 150w, https:\/\/www.hoteltheroosevelt.com\/wp-content\/uploads\/2025\/03\/Foto-vierkant-lounge-768x763.png 768w, https:\/\/www.hoteltheroosevelt.com\/wp-content\/uploads\/2025\/03\/Foto-vierkant-lounge-1536x1526.png 1536w, https:\/\/www.hoteltheroosevelt.com\/wp-content\/uploads\/2025\/03\/Foto-vierkant-lounge.png 2048w, https:\/\/www.hoteltheroosevelt.com\/wp-content\/uploads\/2025\/03\/Foto-vierkant-lounge-12x12.png 12w\" sizes=\"(max-width: 800px) 100vw, 800px\" title=\"\">\t\t\t\t\t\t\t\t\t\t\t\t\t\t\t<\/div>\n\t\t\t\t<\/div>\n\t\t\t\t<div class=\"elementor-element elementor-element-f58ce74 elementor-widget__width-initial elementor-widget elementor-widget-image\" data-id=\"f58ce74\" data-element_type=\"widget\" data-e-type=\"widget\" data-widget_type=\"image.default\">\n\t\t\t\t<div class=\"elementor-widget-container\">\n\t\t\t\t\t\t\t\t\t\t\t\t\t\t\t<img decoding=\"async\" width=\"800\" height=\"803\" src=\"https:\/\/www.hoteltheroosevelt.com\/wp-content\/uploads\/2025\/03\/Pinsa_vierkant-1020x1024.png\" class=\"attachment-large size-large wp-image-3592\" alt=\"\" srcset=\"https:\/\/www.hoteltheroosevelt.com\/wp-content\/uploads\/2025\/03\/Pinsa_vierkant-1020x1024.png 1020w, https:\/\/www.hoteltheroosevelt.com\/wp-content\/uploads\/2025\/03\/Pinsa_vierkant-300x300.png 300w, https:\/\/www.hoteltheroosevelt.com\/wp-content\/uploads\/2025\/03\/Pinsa_vierkant-150x150.png 150w, https:\/\/www.hoteltheroosevelt.com\/wp-content\/uploads\/2025\/03\/Pinsa_vierkant-768x771.png 768w, https:\/\/www.hoteltheroosevelt.com\/wp-content\/uploads\/2025\/03\/Pinsa_vierkant-1529x1536.png 1529w, https:\/\/www.hoteltheroosevelt.com\/wp-content\/uploads\/2025\/03\/Pinsa_vierkant-2039x2048.png 2039w, https:\/\/www.hoteltheroosevelt.com\/wp-content\/uploads\/2025\/03\/Pinsa_vierkant-12x12.png 12w, https:\/\/www.hoteltheroosevelt.com\/wp-content\/uploads\/2025\/03\/Pinsa_vierkant.png 2048w\" sizes=\"(max-width: 800px) 100vw, 800px\" title=\"\">\t\t\t\t\t\t\t\t\t\t\t\t\t\t\t<\/div>\n\t\t\t\t<\/div>\n\t\t\t\t\t<\/div>\n\t\t<\/div>\n\t\t\t\t\t<\/div>\n\t\t<\/section>\n\t\t\t\t<section class=\"elementor-section elementor-top-section elementor-element elementor-element-ead72f5 elementor-section-boxed elementor-section-height-default elementor-section-height-default\" data-id=\"ead72f5\" data-element_type=\"section\" data-e-type=\"section\">\n\t\t\t\t\t\t<div class=\"elementor-container elementor-column-gap-default\">\n\t\t\t\t\t<div class=\"elementor-column elementor-col-100 elementor-top-column elementor-element elementor-element-2814127\" data-id=\"2814127\" data-element_type=\"column\" data-e-type=\"column\">\n\t\t\t<div class=\"elementor-widget-wrap elementor-element-populated\">\n\t\t\t\t\t\t<div class=\"elementor-element elementor-element-7836146 elementor-widget elementor-widget-image\" data-id=\"7836146\" data-element_type=\"widget\" data-e-type=\"widget\" data-widget_type=\"image.default\">\n\t\t\t\t<div class=\"elementor-widget-container\">\n\t\t\t\t\t\t\t\t\t\t\t\t\t\t\t<img decoding=\"async\" src=\"https:\/\/www.hoteltheroosevelt.com\/wp-content\/plugins\/elementor\/assets\/images\/placeholder.png\" title=\"\" alt=\"\" loading=\"lazy\">\t\t\t\t\t\t\t\t\t\t\t\t\t\t\t<\/div>\n\t\t\t\t<\/div>\n\t\t\t\t\t<\/div>\n\t\t<\/div>\n\t\t\t\t\t<\/div>\n\t\t<\/section>\n\t\t\t\t<\/div>","protected":false},"excerpt":{"rendered":"<p>Cocktail &amp; Pinsabar The Lounge Warme sfeer The Lounge Cocktails &amp; Pinsa&#8217;s is een warme plek waar het bijzonder goed vertoeven is. Een unieke bar, een heerlijke zithoek, charmante zitjes, verleidelijke hoekjes. Warmte, sfeer en intimiteit. Het resultaat is een Cocktailbar met Pinsa&#8217;s, en een plek om heerlijk te loungen. Omdat alles bijdraagt aan het [&hellip;]<\/p>\n","protected":false},"author":2,"featured_media":0,"parent":270,"menu_order":0,"comment_status":"closed","ping_status":"closed","template":"","meta":{"footnotes":""},"class_list":["post-327","page","type-page","status-publish","hentry"],"_links":{"self":[{"href":"https:\/\/www.hoteltheroosevelt.com\/fr\/wp-json\/wp\/v2\/pages\/327","targetHints":{"allow":["GET"]}}],"collection":[{"href":"https:\/\/www.hoteltheroosevelt.com\/fr\/wp-json\/wp\/v2\/pages"}],"about":[{"href":"https:\/\/www.hoteltheroosevelt.com\/fr\/wp-json\/wp\/v2\/types\/page"}],"author":[{"embeddable":true,"href":"https:\/\/www.hoteltheroosevelt.com\/fr\/wp-json\/wp\/v2\/users\/2"}],"replies":[{"embeddable":true,"href":"https:\/\/www.hoteltheroosevelt.com\/fr\/wp-json\/wp\/v2\/comments?post=327"}],"version-history":[{"count":79,"href":"https:\/\/www.hoteltheroosevelt.com\/fr\/wp-json\/wp\/v2\/pages\/327\/revisions"}],"predecessor-version":[{"id":4149,"href":"https:\/\/www.hoteltheroosevelt.com\/fr\/wp-json\/wp\/v2\/pages\/327\/revisions\/4149"}],"up":[{"embeddable":true,"href":"https:\/\/www.hoteltheroosevelt.com\/fr\/wp-json\/wp\/v2\/pages\/270"}],"wp:attachment":[{"href":"https:\/\/www.hoteltheroosevelt.com\/fr\/wp-json\/wp\/v2\/media?parent=327"}],"curies":[{"name":"wp","href":"https:\/\/api.w.org\/{rel}","templated":true}]}}