{"id":4046,"date":"2026-02-18T11:19:53","date_gmt":"2026-02-18T10:19:53","guid":{"rendered":"https:\/\/www.hoteltheroosevelt.com\/?page_id=4046"},"modified":"2026-02-22T20:06:07","modified_gmt":"2026-02-22T19:06:07","slug":"cocktails","status":"publish","type":"page","link":"https:\/\/www.hoteltheroosevelt.com\/fr\/cocktails\/","title":{"rendered":"Cocktails"},"content":{"rendered":"<div data-elementor-type=\"wp-page\" data-elementor-id=\"4046\" class=\"elementor elementor-4046\" data-elementor-post-type=\"page\">\n\t\t\t\t<div class=\"elementor-element elementor-element-98b1abc e-flex e-con-boxed e-con e-parent\" data-id=\"98b1abc\" data-element_type=\"container\" data-e-type=\"container\">\n\t\t\t\t\t<div class=\"e-con-inner\">\n\t\t\t\t<div class=\"elementor-element elementor-element-b9b22a4 elementor-widget elementor-widget-heading\" data-id=\"b9b22a4\" data-element_type=\"widget\" data-e-type=\"widget\" data-widget_type=\"heading.default\">\n\t\t\t\t<div class=\"elementor-widget-container\">\n\t\t\t\t\t<h1 class=\"elementor-heading-title elementor-size-default\">Cocktails et Gin Tonic, Spritz<\/h1>\t\t\t\t<\/div>\n\t\t\t\t<\/div>\n\t\t\t\t\t<\/div>\n\t\t\t\t<\/div>\n\t\t<div class=\"elementor-element elementor-element-8cb92a4 e-flex e-con-boxed e-con e-parent\" data-id=\"8cb92a4\" data-element_type=\"container\" data-e-type=\"container\">\n\t\t\t\t\t<div class=\"e-con-inner\">\n\t\t\t\t<div class=\"elementor-element elementor-element-8c69167 e-n-tabs-mobile elementor-widget elementor-widget-n-tabs\" data-id=\"8c69167\" data-element_type=\"widget\" data-e-type=\"widget\" data-settings=\"{&quot;horizontal_scroll&quot;:&quot;disable&quot;}\" data-widget_type=\"nested-tabs.default\">\n\t\t\t\t<div class=\"elementor-widget-container\">\n\t\t\t\t\t\t\t<div class=\"e-n-tabs\" data-widget-number=\"147231079\" aria-label=\"Onglets. Ouvrez des \u00e9l\u00e9ments avec Entrer ou Espace, fermez-les avec Echape et naviguez \u00e0 l&#039;aide des touches fl\u00e9ch\u00e9es.\" data-no-translation-aria-label=\"\">\n\t\t\t<div class=\"e-n-tabs-heading\" role=\"tablist\">\n\t\t\t\t\t<button id=\"e-n-tab-title-1472310791\" data-tab-title-id=\"e-n-tab-title-1472310791\" class=\"e-n-tab-title\" aria-selected=\"true\" data-tab-index=\"1\" role=\"tab\" tabindex=\"0\" aria-controls=\"e-n-tab-content-1472310791\" style=\"--n-tabs-title-order: 1;\">\n\t\t\t\t\t\t<span class=\"e-n-tab-title-text\">\n\t\t\t\tCocktails\t\t\t<\/span>\n\t\t<\/button>\n\t\t\t\t<button id=\"e-n-tab-title-1472310792\" data-tab-title-id=\"e-n-tab-title-1472310792\" class=\"e-n-tab-title\" aria-selected=\"false\" data-tab-index=\"2\" role=\"tab\" tabindex=\"-1\" aria-controls=\"e-n-tab-content-1472310792\" style=\"--n-tabs-title-order: 2;\">\n\t\t\t\t\t\t<span class=\"e-n-tab-title-text\">\n\t\t\t\tCocktails sans alcool\t\t\t<\/span>\n\t\t<\/button>\n\t\t\t\t<button id=\"e-n-tab-title-1472310793\" data-tab-title-id=\"e-n-tab-title-1472310793\" class=\"e-n-tab-title\" aria-selected=\"false\" data-tab-index=\"3\" role=\"tab\" tabindex=\"-1\" aria-controls=\"e-n-tab-content-1472310793\" style=\"--n-tabs-title-order: 3;\">\n\t\t\t\t\t\t<span class=\"e-n-tab-title-text\">\n\t\t\t\tGin Tonic et Spritz\t\t\t<\/span>\n\t\t<\/button>\n\t\t\t\t\t<\/div>\n\t\t\t<div class=\"e-n-tabs-content\">\n\t\t\t\t<div id=\"e-n-tab-content-1472310791\" role=\"tabpanel\" aria-labelledby=\"e-n-tab-title-1472310791\" data-tab-index=\"1\" style=\"--n-tabs-title-order: 1;\" class=\"e-active elementor-element elementor-element-e7794b6 e-con-full e-flex e-con e-child\" data-id=\"e7794b6\" data-element_type=\"container\" data-e-type=\"container\">\n\t\t\t\t<div class=\"elementor-element elementor-element-e193e47 elementor-widget elementor-widget-text-editor\" data-id=\"e193e47\" data-element_type=\"widget\" data-e-type=\"widget\" data-widget_type=\"text-editor.default\">\n\t\t\t\t<div class=\"elementor-widget-container\">\n\t\t\t\t\t\t\t\t\t<table><tbody><tr><td>Martini star du porno<\/td><td>\u20ac13<\/td><\/tr><tr><td>Martini expresso<\/td><td>\u20ac13<\/td><\/tr><tr><td>Negroni<\/td><td>\u20ac11<\/td><\/tr><tr><td>\u00c0 l&#039;ancienne<\/td><td>\u20ac13<\/td><\/tr><tr><td>Mule de Middleburg<\/td><td>\u20ac15<\/td><\/tr><tr><td>Roose Luxe<\/td><td>\u20ac15<\/td><\/tr><tr><td>Coucher de soleil en Z\u00e9lande<\/td><td>\u20ac15<\/td><\/tr><tr><td>Mojito<\/td><td>\u20ac10<\/td><\/tr><tr><td>Sexe sur la plage<\/td><td>\u20ac11<\/td><\/tr><tr><td>Pi\u00f1a Colada<\/td><td>\u20ac11<\/td><\/tr><\/tbody><\/table>\t\t\t\t\t\t\t\t<\/div>\n\t\t\t\t<\/div>\n\t\t\t\t<div class=\"elementor-element elementor-element-16d2907 elementor-widget elementor-widget-heading\" data-id=\"16d2907\" data-element_type=\"widget\" data-e-type=\"widget\" data-widget_type=\"heading.default\">\n\t\t\t\t<div class=\"elementor-widget-container\">\n\t\t\t\t\t<h2 class=\"elementor-heading-title elementor-size-default\">Cocktails<\/h2>\t\t\t\t<\/div>\n\t\t\t\t<\/div>\n\t\t\t\t<\/div>\n\t\t<div id=\"e-n-tab-content-1472310792\" role=\"tabpanel\" aria-labelledby=\"e-n-tab-title-1472310792\" data-tab-index=\"2\" style=\"--n-tabs-title-order: 2;\" class=\"elementor-element elementor-element-9da708f e-con-full e-flex e-con e-child\" data-id=\"9da708f\" data-element_type=\"container\" data-e-type=\"container\">\n\t\t\t\t<div class=\"elementor-element elementor-element-7390e3f elementor-widget elementor-widget-heading\" data-id=\"7390e3f\" data-element_type=\"widget\" data-e-type=\"widget\" data-widget_type=\"heading.default\">\n\t\t\t\t<div class=\"elementor-widget-container\">\n\t\t\t\t\t<h2 class=\"elementor-heading-title elementor-size-default\">Cocktails sans alcool<\/h2>\t\t\t\t<\/div>\n\t\t\t\t<\/div>\n\t\t\t\t<div class=\"elementor-element elementor-element-37f1f0e elementor-widget elementor-widget-text-editor\" data-id=\"37f1f0e\" data-element_type=\"widget\" data-e-type=\"widget\" data-widget_type=\"text-editor.default\">\n\t\t\t\t<div class=\"elementor-widget-container\">\n\t\t\t\t\t\t\t\t\t<table><tbody><tr><td>Passion Paradise<\/td><td>\u20ac8<\/td><\/tr><tr><td>Mule \u00e9pic\u00e9e<\/td><td>\u20ac9<\/td><\/tr><tr><td>Virgin Mojito<\/td><td>\u20ac8<\/td><\/tr><\/tbody><\/table>\t\t\t\t\t\t\t\t<\/div>\n\t\t\t\t<\/div>\n\t\t\t\t<\/div>\n\t\t<div id=\"e-n-tab-content-1472310793\" role=\"tabpanel\" aria-labelledby=\"e-n-tab-title-1472310793\" data-tab-index=\"3\" style=\"--n-tabs-title-order: 3;\" class=\"elementor-element elementor-element-02fbe5e e-con-full e-flex e-con e-child\" data-id=\"02fbe5e\" data-element_type=\"container\" data-e-type=\"container\">\n\t\t\t\t<div class=\"elementor-element elementor-element-b227db1 elementor-widget elementor-widget-heading\" data-id=\"b227db1\" data-element_type=\"widget\" data-e-type=\"widget\" data-widget_type=\"heading.default\">\n\t\t\t\t<div class=\"elementor-widget-container\">\n\t\t\t\t\t<h2 class=\"elementor-heading-title elementor-size-default\">\nGin Tonic et Spritz\n<\/h2>\t\t\t\t<\/div>\n\t\t\t\t<\/div>\n\t\t\t\t<div class=\"elementor-element elementor-element-39c6db3 elementor-widget elementor-widget-text-editor\" data-id=\"39c6db3\" data-element_type=\"widget\" data-e-type=\"widget\" data-widget_type=\"text-editor.default\">\n\t\t\t\t<div class=\"elementor-widget-container\">\n\t\t\t\t\t\t\t\t\t<table><tbody><tr><td>Papillon bleu GT<\/td><td>\u20ac15<\/td><\/tr><tr><td>Roku GT<\/td><td>\u20ac14<\/td><\/tr><tr><td>Aperol Spritz<\/td><td>\u20ac10<\/td><\/tr><tr><td>Hugo Rosa Spritz<\/td><td>\u20ac11<\/td><\/tr><tr><td>Spritz au limoncello<\/td><td>\u20ac10<\/td><\/tr><\/tbody><\/table>\t\t\t\t\t\t\t\t<\/div>\n\t\t\t\t<\/div>\n\t\t\t\t<\/div>\n\t\t\t\t\t<\/div>\n\t\t<\/div>\n\t\t\t\t\t\t<\/div>\n\t\t\t\t<\/div>\n\t\t\t\t\t<\/div>\n\t\t\t\t<\/div>\n\t\t<div class=\"elementor-element elementor-element-743b9db e-flex e-con-boxed e-con e-parent\" data-id=\"743b9db\" data-element_type=\"container\" data-e-type=\"container\">\n\t\t\t\t\t<div class=\"e-con-inner\">\n\t\t\t\t<div class=\"elementor-element elementor-element-53551fe elementor-widget elementor-widget-price-list\" data-id=\"53551fe\" data-element_type=\"widget\" data-e-type=\"widget\" data-widget_type=\"price-list.default\">\n\t\t\t\t<div class=\"elementor-widget-container\">\n\t\t\t\t\t\n\t\t<ul class=\"elementor-price-list\">\n\n\t\t\t\t\t\t\t\t\t<li><a class=\"elementor-price-list-item\" href=\"#\">\t\t\t\t\n\t\t\t\t<div class=\"elementor-price-list-text\">\n\t\t\t\t\t\t\t\t\t<div class=\"elementor-price-list-header\">\n\t\t\t\t\t\t\t\t\t\t\t<span class=\"elementor-price-list-title\">\n\t\t\t\t\t\t\tPremier \u00e9l\u00e9ment de la liste\t\t\t\t\t\t<\/span>\n\t\t\t\t\t\t\t\t\t\t\t\t\t\t\t\t\t\t<span class=\"elementor-price-list-separator\"><\/span>\n\t\t\t\t\t\t\t\t\t\t\t\t\t\t\t\t\t\t\t<span class=\"elementor-price-list-price\">$20<\/span>\n\t\t\t\t\t\t\t\t\t\t<\/div>\n\t\t\t\t\t\t\t\t\t\t\t\t\t\t\t<p class=\"elementor-price-list-description\">\n\t\t\t\t\t\t\tLorem ipsum dolor sit amet consectetur adipiscing elit dolor\t\t\t\t\t\t<\/p>\n\t\t\t\t\t\t\t\t<\/div>\n\t\t\t\t<\/a><\/li>\t\t\t\t\t\t\t\t\t\t\t\t<li><a class=\"elementor-price-list-item\" href=\"#\">\t\t\t\t\n\t\t\t\t<div class=\"elementor-price-list-text\">\n\t\t\t\t\t\t\t\t\t<div class=\"elementor-price-list-header\">\n\t\t\t\t\t\t\t\t\t\t\t<span class=\"elementor-price-list-title\">\n\t\t\t\t\t\t\tDeuxi\u00e8me \u00e9l\u00e9ment de la liste\t\t\t\t\t\t<\/span>\n\t\t\t\t\t\t\t\t\t\t\t\t\t\t\t\t\t\t<span class=\"elementor-price-list-separator\"><\/span>\n\t\t\t\t\t\t\t\t\t\t\t\t\t\t\t\t\t\t\t<span class=\"elementor-price-list-price\">$9<\/span>\n\t\t\t\t\t\t\t\t\t\t<\/div>\n\t\t\t\t\t\t\t\t\t\t\t\t\t\t\t<p class=\"elementor-price-list-description\">\n\t\t\t\t\t\t\tLorem ipsum dolor sit amet consectetur adipiscing elit dolor\t\t\t\t\t\t<\/p>\n\t\t\t\t\t\t\t\t<\/div>\n\t\t\t\t<\/a><\/li>\t\t\t\t\t\t\t\t\t\t\t\t<li><a class=\"elementor-price-list-item\" href=\"#\">\t\t\t\t\n\t\t\t\t<div class=\"elementor-price-list-text\">\n\t\t\t\t\t\t\t\t\t<div class=\"elementor-price-list-header\">\n\t\t\t\t\t\t\t\t\t\t\t<span class=\"elementor-price-list-title\">\n\t\t\t\t\t\t\tTroisi\u00e8me \u00e9l\u00e9ment de la liste\t\t\t\t\t\t<\/span>\n\t\t\t\t\t\t\t\t\t\t\t\t\t\t\t\t\t\t<span class=\"elementor-price-list-separator\"><\/span>\n\t\t\t\t\t\t\t\t\t\t\t\t\t\t\t\t\t\t\t<span class=\"elementor-price-list-price\">$32<\/span>\n\t\t\t\t\t\t\t\t\t\t<\/div>\n\t\t\t\t\t\t\t\t\t\t\t\t\t\t\t<p class=\"elementor-price-list-description\">\n\t\t\t\t\t\t\tLorem ipsum dolor sit amet consectetur adipiscing elit dolor\t\t\t\t\t\t<\/p>\n\t\t\t\t\t\t\t\t<\/div>\n\t\t\t\t<\/a><\/li>\t\t\t\t\t\n\t\t<\/ul>\n\n\t\t\t\t\t\t<\/div>\n\t\t\t\t<\/div>\n\t\t\t\t\t<\/div>\n\t\t\t\t<\/div>\n\t\t\t\t<\/div>","protected":false},"excerpt":{"rendered":"<p>Cocktails &amp; Gin Tonisc, Spritz Cocktails Mocktails Gin &amp; Tonic &amp; Spritz Pornstar Martini \u20ac13 Espresso Martini \u20ac13 Negroni \u20ac11 Old Fashioned \u20ac13 Middelburg Mule \u20ac15 Roose Luxe \u20ac15 Zeeuwse Sunset \u20ac15 Mojito \u20ac10 Sex on the Beach \u20ac11 Pina Colada \u20ac11 Cocktails Mocktails Passion Paradise \u20ac8 Spiced Mule \u20ac9 Virgin Mojito \u20ac8 Gin &amp; [&hellip;]<\/p>\n","protected":false},"author":2,"featured_media":0,"parent":0,"menu_order":0,"comment_status":"closed","ping_status":"closed","template":"","meta":{"footnotes":""},"class_list":["post-4046","page","type-page","status-publish","hentry"],"_links":{"self":[{"href":"https:\/\/www.hoteltheroosevelt.com\/fr\/wp-json\/wp\/v2\/pages\/4046","targetHints":{"allow":["GET"]}}],"collection":[{"href":"https:\/\/www.hoteltheroosevelt.com\/fr\/wp-json\/wp\/v2\/pages"}],"about":[{"href":"https:\/\/www.hoteltheroosevelt.com\/fr\/wp-json\/wp\/v2\/types\/page"}],"author":[{"embeddable":true,"href":"https:\/\/www.hoteltheroosevelt.com\/fr\/wp-json\/wp\/v2\/users\/2"}],"replies":[{"embeddable":true,"href":"https:\/\/www.hoteltheroosevelt.com\/fr\/wp-json\/wp\/v2\/comments?post=4046"}],"version-history":[{"count":7,"href":"https:\/\/www.hoteltheroosevelt.com\/fr\/wp-json\/wp\/v2\/pages\/4046\/revisions"}],"predecessor-version":[{"id":4100,"href":"https:\/\/www.hoteltheroosevelt.com\/fr\/wp-json\/wp\/v2\/pages\/4046\/revisions\/4100"}],"wp:attachment":[{"href":"https:\/\/www.hoteltheroosevelt.com\/fr\/wp-json\/wp\/v2\/media?parent=4046"}],"curies":[{"name":"wp","href":"https:\/\/api.w.org\/{rel}","templated":true}]}}