{"id":4052,"date":"2026-02-18T11:47:15","date_gmt":"2026-02-18T10:47:15","guid":{"rendered":"https:\/\/www.hoteltheroosevelt.com\/?page_id=4052"},"modified":"2026-02-18T11:51:31","modified_gmt":"2026-02-18T10:51:31","slug":"pinsa","status":"publish","type":"page","link":"https:\/\/www.hoteltheroosevelt.com\/fr\/pinsa\/","title":{"rendered":"Pinsa"},"content":{"rendered":"<div data-elementor-type=\"wp-page\" data-elementor-id=\"4052\" class=\"elementor elementor-4052\" data-elementor-post-type=\"page\">\n\t\t\t\t<div class=\"elementor-element elementor-element-311410e e-flex e-con-boxed e-con e-parent\" data-id=\"311410e\" data-element_type=\"container\" data-e-type=\"container\">\n\t\t\t\t\t<div class=\"e-con-inner\">\n\t\t\t\t<div class=\"elementor-element elementor-element-f87c148 elementor-widget elementor-widget-heading\" data-id=\"f87c148\" data-element_type=\"widget\" data-e-type=\"widget\" data-widget_type=\"heading.default\">\n\t\t\t\t<div class=\"elementor-widget-container\">\n\t\t\t\t\t<h1 class=\"elementor-heading-title elementor-size-default\">Pinsa<\/h1>\t\t\t\t<\/div>\n\t\t\t\t<\/div>\n\t\t\t\t\t<\/div>\n\t\t\t\t<\/div>\n\t\t<div class=\"elementor-element elementor-element-37856ae e-flex e-con-boxed e-con e-parent\" data-id=\"37856ae\" data-element_type=\"container\" data-e-type=\"container\">\n\t\t\t\t\t<div class=\"e-con-inner\">\n\t\t\t\t<div class=\"elementor-element elementor-element-cfb4c56 elementor-widget elementor-widget-text-editor\" data-id=\"cfb4c56\" data-element_type=\"widget\" data-e-type=\"widget\" data-widget_type=\"text-editor.default\">\n\t\t\t\t<div class=\"elementor-widget-container\">\n\t\t\t\t\t\t\t\t\t<div class=\"elementor-element elementor-element-e24d195 elementor-widget elementor-widget-text-editor\" data-id=\"e24d195\" data-element_type=\"widget\" data-e-type=\"widget\" data-widget_type=\"text-editor.default\"><div class=\"elementor-widget-container\"><table><tbody><tr><td>Coucher de soleil sicilien<br \/><em>Pepperoni, mozzarella, olives, paprika, sauce tomate cerise sicilienne<\/em><\/td><td>\u20ac15<\/td><\/tr><tr><td><p>La Dolce Vita<br \/><em>Mozzarella, Motradella, pesto de pistaches, sauce tomate cerise sicilienne, pistaches<\/em><\/p><\/td><td>\u20ac15<\/td><\/tr><tr><td>m\u00e9diterran\u00e9en<br \/><em>Thon, mozzarella, oignon rouge, c\u00e2pres, sauce tomate cerise sicilienne<\/em><\/td><td>\u20ac15<\/td><\/tr><tr><td>Lune Bleue (Vega)<br \/><em>\u00c9pinards, gorgonzola, tomates cerises, mozzarella, pignons de pin, sauce tomate cerise sicilienne<\/em><\/td><td>\u20ac14<\/td><\/tr><tr><td>Poire Royale (Vega)<br \/><em>Poire, fromage de ch\u00e8vre, noix, p\u00e2te de figues, huile d&#039;olive, thym<\/em><\/td><td>\u20ac14<\/td><\/tr><tr><td>Vegano Verde (V\u00e9g\u00e9talien)<br \/><em>Mozzarella v\u00e9g\u00e9tale, poivron, aubergine, pesto de pistaches, oignon, courgette, sauce tomate cerise sicilienne<\/em><\/td><td>\u20ac15<\/td><\/tr><tr><td>Chocolat de Duba\u00ef<br \/><em>P\u00e2te \u00e0 tartiner au chocolat, pistache, fraise (option \u00e9galement v\u00e9g\u00e9talienne)<\/em><\/td><td>\u20ac14<\/td><\/tr><\/tbody><\/table><\/div><\/div><div class=\"elementor-element elementor-element-771b7c5 elementor-widget__width-initial elementor-widget elementor-widget-text-editor\" data-id=\"771b7c5\" data-element_type=\"widget\" data-e-type=\"widget\" data-widget_type=\"text-editor.default\"><div class=\"elementor-widget-container\"><p><br \/>D\u00e9couvrez le go\u00fbt authentique de la Pinsa ! Plus l\u00e9g\u00e8re qu&#039;une pizza, plus croustillante qu&#039;une focaccia. La Pinsa est une v\u00e9ritable sensation culinaire romaine !<\/p><p>Gr\u00e2ce \u00e0 une pr\u00e9paration soign\u00e9e et \u00e0 un long temps de lev\u00e9e, la Pinsa devient non seulement d\u00e9licieusement croustillante \u00e0 l&#039;ext\u00e9rieur, mais reste \u00e9galement merveilleusement a\u00e9r\u00e9e en m\u00eame temps.<\/p><p>Nous importons notre Pinsa directement d&#039;Italie !<\/p><\/div><\/div>\t\t\t\t\t\t\t\t<\/div>\n\t\t\t\t<\/div>\n\t\t\t\t\t<\/div>\n\t\t\t\t<\/div>\n\t\t\t\t<\/div>","protected":false},"excerpt":{"rendered":"<p>Pinsa Sicilian SunsetPepperoni, Mozzarella, Olijven, Paprika, Siciliaanse cherry tomatensaus \u20ac15 La Dolce VitaMozzarella, Motradella, Pistache Pesto, Siciliaanse Cherry-tomatensaus, Pistache \u20ac15 MediterraneoTonijn, Mozzarella, Rode Ui, Kappertjes, Siciliaanse Cherry-tomatensaus \u20ac15 Blue Moon (Vega)Spinazie, Gorgonzola, Cherrytomaat, Mozzarella, Pijnboompitjes, Siciliaanse Cherry-tomatensaus \u20ac14 Pear Royale (Vega)Peer, Geitenkaas, Walnoten, Vijgenpasta, Olijfolie, Tijm \u20ac14 Vegano Verde (Vegan)Plantaardige Mozzarella, Paprika, Aubergine, Pistache Pesto, [&hellip;]<\/p>\n","protected":false},"author":2,"featured_media":0,"parent":0,"menu_order":0,"comment_status":"closed","ping_status":"closed","template":"","meta":{"footnotes":""},"class_list":["post-4052","page","type-page","status-publish","hentry"],"_links":{"self":[{"href":"https:\/\/www.hoteltheroosevelt.com\/fr\/wp-json\/wp\/v2\/pages\/4052","targetHints":{"allow":["GET"]}}],"collection":[{"href":"https:\/\/www.hoteltheroosevelt.com\/fr\/wp-json\/wp\/v2\/pages"}],"about":[{"href":"https:\/\/www.hoteltheroosevelt.com\/fr\/wp-json\/wp\/v2\/types\/page"}],"author":[{"embeddable":true,"href":"https:\/\/www.hoteltheroosevelt.com\/fr\/wp-json\/wp\/v2\/users\/2"}],"replies":[{"embeddable":true,"href":"https:\/\/www.hoteltheroosevelt.com\/fr\/wp-json\/wp\/v2\/comments?post=4052"}],"version-history":[{"count":7,"href":"https:\/\/www.hoteltheroosevelt.com\/fr\/wp-json\/wp\/v2\/pages\/4052\/revisions"}],"predecessor-version":[{"id":4059,"href":"https:\/\/www.hoteltheroosevelt.com\/fr\/wp-json\/wp\/v2\/pages\/4052\/revisions\/4059"}],"wp:attachment":[{"href":"https:\/\/www.hoteltheroosevelt.com\/fr\/wp-json\/wp\/v2\/media?parent=4052"}],"curies":[{"name":"wp","href":"https:\/\/api.w.org\/{rel}","templated":true}]}}