{"id":4069,"date":"2026-02-18T17:43:32","date_gmt":"2026-02-18T16:43:32","guid":{"rendered":"https:\/\/www.hoteltheroosevelt.com\/?page_id=4069"},"modified":"2026-02-18T18:52:25","modified_gmt":"2026-02-18T17:52:25","slug":"drankenkaart","status":"publish","type":"page","link":"https:\/\/www.hoteltheroosevelt.com\/fr\/drankenkaart\/","title":{"rendered":"Carte des boissons"},"content":{"rendered":"<div data-elementor-type=\"wp-page\" data-elementor-id=\"4069\" class=\"elementor elementor-4069\" data-elementor-post-type=\"page\">\n\t\t\t\t<div class=\"elementor-element elementor-element-9e61b84 e-flex e-con-boxed e-con e-parent\" data-id=\"9e61b84\" data-element_type=\"container\" data-e-type=\"container\">\n\t\t\t\t\t<div class=\"e-con-inner\">\n\t\t\t\t<div class=\"elementor-element elementor-element-f2a95eb elementor-widget elementor-widget-heading\" data-id=\"f2a95eb\" data-element_type=\"widget\" data-e-type=\"widget\" data-widget_type=\"heading.default\">\n\t\t\t\t<div class=\"elementor-widget-container\">\n\t\t\t\t\t<h1 class=\"elementor-heading-title elementor-size-default\">Carte des boissons<\/h1>\t\t\t\t<\/div>\n\t\t\t\t<\/div>\n\t\t\t\t\t<\/div>\n\t\t\t\t<\/div>\n\t\t<div class=\"elementor-element elementor-element-71bae26 e-flex e-con-boxed e-con e-parent\" data-id=\"71bae26\" data-element_type=\"container\" data-e-type=\"container\">\n\t\t\t\t\t<div class=\"e-con-inner\">\n\t\t<div class=\"elementor-element elementor-element-6494085 e-con-full e-flex e-con e-child\" data-id=\"6494085\" data-element_type=\"container\" data-e-type=\"container\">\n\t\t\t\t<div class=\"elementor-element elementor-element-d43f971 elementor-widget elementor-widget-heading\" data-id=\"d43f971\" data-element_type=\"widget\" data-e-type=\"widget\" data-widget_type=\"heading.default\">\n\t\t\t\t<div class=\"elementor-widget-container\">\n\t\t\t\t\t<h2 class=\"elementor-heading-title elementor-size-default\">Boisson gazeuse<\/h2>\t\t\t\t<\/div>\n\t\t\t\t<\/div>\n\t\t\t\t<div class=\"elementor-element elementor-element-9ac66a9 elementor-widget elementor-widget-text-editor\" data-id=\"9ac66a9\" data-element_type=\"widget\" data-e-type=\"widget\" data-widget_type=\"text-editor.default\">\n\t\t\t\t<div class=\"elementor-widget-container\">\n\t\t\t\t\t\t\t\t\t<table>\n  <tr><td>Coca-Cola<\/td><td>3<\/td><\/tr>\n  <tr><td>Coca-Cola Z\u00e9ro<\/td><td>3<\/td><\/tr>\n  <tr><td>Fanta cassis<\/td><td>3<\/td><\/tr>\n  <tr><td>Orangina<\/td><td>4<\/td><\/tr>\n  <tr><td>Citron amer<\/td><td>3<\/td><\/tr>\n  <tr><td>Th\u00e9 glac\u00e9 Lipton<\/td><td>3<\/td><\/tr>\n  <tr><td>Lipton Ice Tea Vert<\/td><td>3<\/td><\/tr>\n  <tr><td>jus d&#039;orange frais<\/td><td>5<\/td><\/tr>\n  <tr><td>jus de pomme<\/td><td>3<\/td><\/tr>\n<\/table>\t\t\t\t\t\t\t\t<\/div>\n\t\t\t\t<\/div>\n\t\t\t\t<div class=\"elementor-element elementor-element-506f081 elementor-widget elementor-widget-heading\" data-id=\"506f081\" data-element_type=\"widget\" data-e-type=\"widget\" data-widget_type=\"heading.default\">\n\t\t\t\t<div class=\"elementor-widget-container\">\n\t\t\t\t\t<h2 class=\"elementor-heading-title elementor-size-default\">Fever-tree<\/h2>\t\t\t\t<\/div>\n\t\t\t\t<\/div>\n\t\t\t\t<div class=\"elementor-element elementor-element-b5ec443 elementor-widget elementor-widget-text-editor\" data-id=\"b5ec443\" data-element_type=\"widget\" data-e-type=\"widget\" data-widget_type=\"text-editor.default\">\n\t\t\t\t<div class=\"elementor-widget-container\">\n\t\t\t\t\t\t\t\t\t<table>\n  <tr><td>tonique indien<\/td><td>4<\/td><\/tr>\n  <tr><td>Tonique m\u00e9diterran\u00e9en<\/td><td>4<\/td><\/tr>\n  <tr><td>tonique \u00e0 la cl\u00e9mentine<\/td><td>4<\/td><\/tr>\n  <tr><td>tonique \u00e0 la fleur de sureau<\/td><td>4<\/td><\/tr>\n  <tr><td>bi\u00e8re de gingembre<\/td><td>4<\/td><\/tr>\n<\/table>\t\t\t\t\t\t\t\t<\/div>\n\t\t\t\t<\/div>\n\t\t\t\t<div class=\"elementor-element elementor-element-c719067 elementor-widget elementor-widget-heading\" data-id=\"c719067\" data-element_type=\"widget\" data-e-type=\"widget\" data-widget_type=\"heading.default\">\n\t\t\t\t<div class=\"elementor-widget-container\">\n\t\t\t\t\t<h2 class=\"elementor-heading-title elementor-size-default\">Cocktail sans alcool<\/h2>\t\t\t\t<\/div>\n\t\t\t\t<\/div>\n\t\t\t\t<div class=\"elementor-element elementor-element-28e202b elementor-widget elementor-widget-text-editor\" data-id=\"28e202b\" data-element_type=\"widget\" data-e-type=\"widget\" data-widget_type=\"text-editor.default\">\n\t\t\t\t<div class=\"elementor-widget-container\">\n\t\t\t\t\t\t\t\t\t<table>\n  <tr><td>Crodino spritz<\/td><td>6<\/td><\/tr>\n  <tr><td>Mojito 0.0<\/td><td>6<\/td><\/tr>\n<\/table>\t\t\t\t\t\t\t\t<\/div>\n\t\t\t\t<\/div>\n\t\t\t\t<div class=\"elementor-element elementor-element-10968df elementor-widget elementor-widget-heading\" data-id=\"10968df\" data-element_type=\"widget\" data-e-type=\"widget\" data-widget_type=\"heading.default\">\n\t\t\t\t<div class=\"elementor-widget-container\">\n\t\t\t\t\t<h2 class=\"elementor-heading-title elementor-size-default\">boisson chaude<\/h2>\t\t\t\t<\/div>\n\t\t\t\t<\/div>\n\t\t\t\t<div class=\"elementor-element elementor-element-86c3a6f elementor-widget elementor-widget-text-editor\" data-id=\"86c3a6f\" data-element_type=\"widget\" data-e-type=\"widget\" data-widget_type=\"text-editor.default\">\n\t\t\t\t<div class=\"elementor-widget-container\">\n\t\t\t\t\t\t\t\t\t<table>\n  <tr><td>Caf\u00e9<\/td><td>3<\/td><\/tr>\n  <tr><td>Espresso<\/td><td>3<\/td><\/tr>\n  <tr><td>Cappuccino<\/td><td>3,50<\/td><\/tr>\n  <tr><td>Latte macchiato<\/td><td>3,50<\/td><\/tr>\n  <tr><td>Caf\u00e9 au lait<\/td><td>3,50<\/td><\/tr>\n  <tr><td>caf\u00e9 d\u00e9caf\u00e9in\u00e9<\/td><td>3<\/td><\/tr>\n  <tr><td>Th\u00e9<\/td><td>3<\/td><\/tr>\n  <tr><td>Th\u00e9 \u00e0 la menthe fra\u00eeche<\/td><td>3,50<\/td><\/tr>\n  <tr><td>th\u00e9 au gingembre frais<\/td><td>3,50<\/td><\/tr>\n  <tr><td>Lait chocolat\u00e9 chaud<\/td><td>4<\/td><\/tr>\n  <tr><td>Un expresso suppl\u00e9mentaire<\/td><td>1<\/td><\/tr>\n  <tr><td>Cr\u00e8me<\/td><td>0,50<\/td><\/tr>\n<\/table>\t\t\t\t\t\t\t\t<\/div>\n\t\t\t\t<\/div>\n\t\t\t\t<div class=\"elementor-element elementor-element-f90493f elementor-widget elementor-widget-heading\" data-id=\"f90493f\" data-element_type=\"widget\" data-e-type=\"widget\" data-widget_type=\"heading.default\">\n\t\t\t\t<div class=\"elementor-widget-container\">\n\t\t\t\t\t<h2 class=\"elementor-heading-title elementor-size-default\">Caf\u00e9 sp\u00e9cial<\/h2>\t\t\t\t<\/div>\n\t\t\t\t<\/div>\n\t\t\t\t<div class=\"elementor-element elementor-element-9023c3a elementor-widget elementor-widget-text-editor\" data-id=\"9023c3a\" data-element_type=\"widget\" data-e-type=\"widget\" data-widget_type=\"text-editor.default\">\n\t\t\t\t<div class=\"elementor-widget-container\">\n\t\t\t\t\t\t\t\t\t<table><tbody><tr><td>caf\u00e9 irlandais<br \/><em>Jameson<\/em><\/td><td>8<\/td><\/tr><tr><td>Caf\u00e9 espagnol<br \/><em>Tante Maria<\/em><\/td><td>8<\/td><\/tr><tr><td>caf\u00e9 italien<br \/><em>Amaretto<\/em><\/td><td>8<\/td><\/tr><tr><td>Caf\u00e9 fran\u00e7ais<br \/><em>Cointreau<\/em><\/td><td>8<\/td><\/tr><tr><td>Caf\u00e9 de Z\u00e9lande<br \/><em>Liqueur Bolus<\/em><\/td><td>8<\/td><\/tr><\/tbody><\/table>\t\t\t\t\t\t\t\t<\/div>\n\t\t\t\t<\/div>\n\t\t\t\t<div class=\"elementor-element elementor-element-1b71135 elementor-widget elementor-widget-heading\" data-id=\"1b71135\" data-element_type=\"widget\" data-e-type=\"widget\" data-widget_type=\"heading.default\">\n\t\t\t\t<div class=\"elementor-widget-container\">\n\t\t\t\t\t<h2 class=\"elementor-heading-title elementor-size-default\">Bi\u00e8re locale<\/h2>\t\t\t\t<\/div>\n\t\t\t\t<\/div>\n\t\t\t\t<div class=\"elementor-element elementor-element-66e1e74 elementor-widget elementor-widget-text-editor\" data-id=\"66e1e74\" data-element_type=\"widget\" data-e-type=\"widget\" data-widget_type=\"text-editor.default\">\n\t\t\t\t<div class=\"elementor-widget-container\">\n\t\t\t\t\t\t\t\t\t<table>\n<tbody>\n  <tr><td>Lekker dieng blond 6,5%<\/td><td>5,50<\/td><\/tr>\n  <tr><td>Bi\u00e8re rouge Oemoemenoe 5%<\/td><td>5,50<\/td><\/tr>\n  <tr><td>Cuv\u00e9e imp\u00e9riale bi\u00e8re blanche 8%<\/td><td>5,50<\/td><\/tr>\n  <tr><td>Bi\u00e8re blanche Hapsnurker 5%<\/td><td>5,50<\/td><\/tr>\n  <tr><td>Fleur de houblon primeur 7%<\/td><td>5,50<\/td><\/tr>\n<\/tbody>\n<\/table>\t\t\t\t\t\t\t\t<\/div>\n\t\t\t\t<\/div>\n\t\t\t\t<div class=\"elementor-element elementor-element-337965d elementor-widget elementor-widget-heading\" data-id=\"337965d\" data-element_type=\"widget\" data-e-type=\"widget\" data-widget_type=\"heading.default\">\n\t\t\t\t<div class=\"elementor-widget-container\">\n\t\t\t\t\t<h2 class=\"elementor-heading-title elementor-size-default\">Whisky<\/h2>\t\t\t\t<\/div>\n\t\t\t\t<\/div>\n\t\t\t\t<div class=\"elementor-element elementor-element-1775639 elementor-widget elementor-widget-text-editor\" data-id=\"1775639\" data-element_type=\"widget\" data-e-type=\"widget\" data-widget_type=\"text-editor.default\">\n\t\t\t\t<div class=\"elementor-widget-container\">\n\t\t\t\t\t\t\t\t\t<table><tbody><tr><td>Bourbon Bulleit<\/td><td>6<\/td><\/tr><tr><td>G\u00e9linotte c\u00e9l\u00e8bre<\/td><td>5<\/td><\/tr><tr><td>Jameson<\/td><td>5<\/td><\/tr><tr><td>Talisker \u2013 10 ans<\/td><td>7<\/td><\/tr><tr><td>Glenkinchie \u2013 12 ans<\/td><td>7<\/td><\/tr><tr><td>Oban \u2013 14 ANS<\/td><td>7<\/td><\/tr><tr><td>Dalwhinnie \u2013 15 ans<\/td><td>7<\/td><\/tr><tr><td>Lagavullin \u2013 16 ans<\/td><td>9<\/td><\/tr><\/tbody><\/table>\t\t\t\t\t\t\t\t<\/div>\n\t\t\t\t<\/div>\n\t\t\t\t<div class=\"elementor-element elementor-element-812d522 elementor-widget elementor-widget-heading\" data-id=\"812d522\" data-element_type=\"widget\" data-e-type=\"widget\" data-widget_type=\"heading.default\">\n\t\t\t\t<div class=\"elementor-widget-container\">\n\t\t\t\t\t<h2 class=\"elementor-heading-title elementor-size-default\">Liqueur<\/h2>\t\t\t\t<\/div>\n\t\t\t\t<\/div>\n\t\t\t\t<div class=\"elementor-element elementor-element-4355d41 elementor-widget elementor-widget-text-editor\" data-id=\"4355d41\" data-element_type=\"widget\" data-e-type=\"widget\" data-widget_type=\"text-editor.default\">\n\t\t\t\t<div class=\"elementor-widget-container\">\n\t\t\t\t\t\t\t\t\t<table><tbody><tr><td>Cointreau<\/td><td>6<\/td><\/tr><tr><td>Grand Marnier<\/td><td>6<\/td><\/tr><tr><td>Liquor 43<\/td><td>6<\/td><\/tr><tr><td>Amaretto<\/td><td>6<\/td><\/tr><tr><td>Bailey&#039;s<\/td><td>6<\/td><\/tr><tr><td>Tante Maria<\/td><td>6<\/td><\/tr><tr><td>DOM B\u00e9n\u00e9dictine<\/td><td>7<\/td><\/tr><tr><td>Drambuie<\/td><td>6<\/td><\/tr><tr><td>Hierbas de las Dunas<\/td><td>6<\/td><\/tr><tr><td>Mandarin Napol\u00e9on<\/td><td>6<\/td><\/tr><tr><td>Limoncello<\/td><td>5<\/td><\/tr><\/tbody><\/table>\t\t\t\t\t\t\t\t<\/div>\n\t\t\t\t<\/div>\n\t\t\t\t<\/div>\n\t\t<div class=\"elementor-element elementor-element-45c1cb3 e-con-full e-flex e-con e-child\" data-id=\"45c1cb3\" data-element_type=\"container\" data-e-type=\"container\">\n\t\t\t\t<div class=\"elementor-element elementor-element-46eb3fb elementor-widget elementor-widget-heading\" data-id=\"46eb3fb\" data-element_type=\"widget\" data-e-type=\"widget\" data-widget_type=\"heading.default\">\n\t\t\t\t<div class=\"elementor-widget-container\">\n\t\t\t\t\t<h2 class=\"elementor-heading-title elementor-size-default\">Bi\u00e8re<\/h2>\t\t\t\t<\/div>\n\t\t\t\t<\/div>\n\t\t\t\t<div class=\"elementor-element elementor-element-d5ce499 elementor-widget elementor-widget-text-editor\" data-id=\"d5ce499\" data-element_type=\"widget\" data-e-type=\"widget\" data-widget_type=\"text-editor.default\">\n\t\t\t\t<div class=\"elementor-widget-container\">\n\t\t\t\t\t\t\t\t\t<table>\n\n  <tr><td>Feu<\/td><td>3,50<\/td><\/tr>\n  <tr><td>Heineken<\/td><td>3,50<\/td><\/tr>\n  <tr><td>Heineken 0.0<\/td><td>3<\/td><\/tr>\n  <tr><td>Trippel de Westmalle<\/td><td>6,50<\/td><\/tr>\n  <tr><td>Westmalle double<\/td><td>5,50<\/td><\/tr>\n  <tr><td>La blonde Chouffe<\/td><td>5,50<\/td><\/tr>\n  <tr><td>La Chouffe Houblon IPA<\/td><td>6<\/td><\/tr>\n  <tr><td>Diable<\/td><td>6<\/td><\/tr>\n  <tr><td>Vedett extra blanc<\/td><td>5<\/td><\/tr>\n  <tr><td>Liefmans<\/td><td>4<\/td><\/tr>\n  <tr><td>Radler 2.0%<\/td><td>3,50<\/td><\/tr>\n<\/table>\t\t\t\t\t\t\t\t<\/div>\n\t\t\t\t<\/div>\n\t\t\t\t<div class=\"elementor-element elementor-element-65a1a7a elementor-widget elementor-widget-heading\" data-id=\"65a1a7a\" data-element_type=\"widget\" data-e-type=\"widget\" data-widget_type=\"heading.default\">\n\t\t\t\t<div class=\"elementor-widget-container\">\n\t\t\t\t\t<h2 class=\"elementor-heading-title elementor-size-default\">Vin blanc<\/h2>\t\t\t\t<\/div>\n\t\t\t\t<\/div>\n\t\t\t\t<div class=\"elementor-element elementor-element-f23a36a elementor-widget elementor-widget-text-editor\" data-id=\"f23a36a\" data-element_type=\"widget\" data-e-type=\"widget\" data-widget_type=\"text-editor.default\">\n\t\t\t\t<div class=\"elementor-widget-container\">\n\t\t\t\t\t\t\t\t\t<table><tbody><tr><td>Stefan Winter Weissburgunder <br \/><em>Rhinhessen, Allemagne<\/em><\/td><td>6<\/td><\/tr><tr><td>Monte Del Fra Classico Soave<br \/><em>V\u00e9n\u00e9tie, Italie<\/em><\/td><td>6<\/td><\/tr><tr><td>Coudoulet de Fontgaline Viognier<br \/><em>Languedoc, France<\/em><\/td><td>7<\/td><\/tr><\/tbody><\/table>\t\t\t\t\t\t\t\t<\/div>\n\t\t\t\t<\/div>\n\t\t\t\t<div class=\"elementor-element elementor-element-3b3780d elementor-widget elementor-widget-heading\" data-id=\"3b3780d\" data-element_type=\"widget\" data-e-type=\"widget\" data-widget_type=\"heading.default\">\n\t\t\t\t<div class=\"elementor-widget-container\">\n\t\t\t\t\t<h2 class=\"elementor-heading-title elementor-size-default\">Vin rouge<\/h2>\t\t\t\t<\/div>\n\t\t\t\t<\/div>\n\t\t\t\t<div class=\"elementor-element elementor-element-cb68ffd elementor-widget elementor-widget-text-editor\" data-id=\"cb68ffd\" data-element_type=\"widget\" data-e-type=\"widget\" data-widget_type=\"text-editor.default\">\n\t\t\t\t<div class=\"elementor-widget-container\">\n\t\t\t\t\t\t\t\t\t<table><tbody><tr><td>Murillo Crianza Tierras<br \/><em>Rioja, Espagne<\/em><\/td><td>7<\/td><\/tr><tr><td>Pinot Noir R\u00e9v\u00e9lation<br \/><em>Languedoc, France<\/em><\/td><td>7<\/td><\/tr><tr><td>Monte del Fr\u00e0 Classico Valpolicella<br \/><em>V\u00e9n\u00e9tie, Italie<\/em><\/td><td>7<\/td><\/tr><\/tbody><\/table>\t\t\t\t\t\t\t\t<\/div>\n\t\t\t\t<\/div>\n\t\t\t\t<div class=\"elementor-element elementor-element-a810e7e elementor-widget elementor-widget-heading\" data-id=\"a810e7e\" data-element_type=\"widget\" data-e-type=\"widget\" data-widget_type=\"heading.default\">\n\t\t\t\t<div class=\"elementor-widget-container\">\n\t\t\t\t\t<h2 class=\"elementor-heading-title elementor-size-default\">Vin ros\u00e9<\/h2>\t\t\t\t<\/div>\n\t\t\t\t<\/div>\n\t\t\t\t<div class=\"elementor-element elementor-element-f82d550 elementor-widget elementor-widget-text-editor\" data-id=\"f82d550\" data-element_type=\"widget\" data-e-type=\"widget\" data-widget_type=\"text-editor.default\">\n\t\t\t\t<div class=\"elementor-widget-container\">\n\t\t\t\t\t\t\t\t\t<table><tbody><tr><td>Cantina Card\u00e8to Matile Pinot Grigio Blush<br \/><em>Ombrie, Italie<\/em><\/td><td>6<\/td><\/tr><\/tbody><\/table>\t\t\t\t\t\t\t\t<\/div>\n\t\t\t\t<\/div>\n\t\t\t\t<div class=\"elementor-element elementor-element-7176f57 elementor-widget elementor-widget-heading\" data-id=\"7176f57\" data-element_type=\"widget\" data-e-type=\"widget\" data-widget_type=\"heading.default\">\n\t\t\t\t<div class=\"elementor-widget-container\">\n\t\t\t\t\t<h2 class=\"elementor-heading-title elementor-size-default\">Vin p\u00e9tillant<\/h2>\t\t\t\t<\/div>\n\t\t\t\t<\/div>\n\t\t\t\t<div class=\"elementor-element elementor-element-9379743 elementor-widget elementor-widget-text-editor\" data-id=\"9379743\" data-element_type=\"widget\" data-e-type=\"widget\" data-widget_type=\"text-editor.default\">\n\t\t\t\t<div class=\"elementor-widget-container\">\n\t\t\t\t\t\t\t\t\t<table><tbody><tr><td>Le Pro Cava Brut<br \/><em>Xarel.lo, Macabeo, Parellada, Espagne<\/em><\/td><td>7<\/td><\/tr><tr><td>Le Pro Cava Brut Rosado<br \/><em>Xarel.lo, Macabeo, Parellada, Espagne<\/em><\/td><td>7<\/td><\/tr><tr><td><strong>CONSEIL!<\/strong> Canella Bellini<br \/><em>Venise, Italie<\/em><\/td><td>7<\/td><\/tr><\/tbody><\/table>\t\t\t\t\t\t\t\t<\/div>\n\t\t\t\t<\/div>\n\t\t\t\t<div class=\"elementor-element elementor-element-c3306e0 elementor-widget elementor-widget-heading\" data-id=\"c3306e0\" data-element_type=\"widget\" data-e-type=\"widget\" data-widget_type=\"heading.default\">\n\t\t\t\t<div class=\"elementor-widget-container\">\n\t\t\t\t\t<h2 class=\"elementor-heading-title elementor-size-default\">Port<\/h2>\t\t\t\t<\/div>\n\t\t\t\t<\/div>\n\t\t\t\t<div class=\"elementor-element elementor-element-d91fff7 elementor-widget elementor-widget-text-editor\" data-id=\"d91fff7\" data-element_type=\"widget\" data-e-type=\"widget\" data-widget_type=\"text-editor.default\">\n\t\t\t\t<div class=\"elementor-widget-container\">\n\t\t\t\t\t\t\t\t\t<table>\n  <tr><td>Coupe de porto blanc<\/td><td>5<\/td><\/tr>\n  <tr><td>Quinta Da Romaneira Tawny<\/td><td>6<\/td><\/tr>\n  <tr><td>Quinta Da Romaneira 10 ans<\/td><td>9<\/td><\/tr>\n  <tr><td>Quinta Da Romaneira Mill\u00e9sime en bouteille tardive<\/td><td>9<\/td><\/tr>\n<\/table>\t\t\t\t\t\t\t\t<\/div>\n\t\t\t\t<\/div>\n\t\t\t\t<div class=\"elementor-element elementor-element-1d7d09a elementor-widget elementor-widget-heading\" data-id=\"1d7d09a\" data-element_type=\"widget\" data-e-type=\"widget\" data-widget_type=\"heading.default\">\n\t\t\t\t<div class=\"elementor-widget-container\">\n\t\t\t\t\t<h2 class=\"elementor-heading-title elementor-size-default\">Sherry<\/h2>\t\t\t\t<\/div>\n\t\t\t\t<\/div>\n\t\t\t\t<div class=\"elementor-element elementor-element-557996e elementor-widget elementor-widget-text-editor\" data-id=\"557996e\" data-element_type=\"widget\" data-e-type=\"widget\" data-widget_type=\"text-editor.default\">\n\t\t\t\t<div class=\"elementor-widget-container\">\n\t\t\t\t\t\t\t\t\t<table><tbody><tr><td>Pedro Xim\u00e9nez<\/td><td>5<\/td><\/tr><tr><td>Mad\u00e8re moyennement sec<\/td><td>6<\/td><\/tr><tr><td>sherry Fino<\/td><td>9<\/td><\/tr><tr><td>x\u00e9r\u00e8s mi-sec<\/td><td>9<\/td><\/tr><\/tbody><\/table>\t\t\t\t\t\t\t\t<\/div>\n\t\t\t\t<\/div>\n\t\t\t\t<div class=\"elementor-element elementor-element-f1a77f3 elementor-widget elementor-widget-heading\" data-id=\"f1a77f3\" data-element_type=\"widget\" data-e-type=\"widget\" data-widget_type=\"heading.default\">\n\t\t\t\t<div class=\"elementor-widget-container\">\n\t\t\t\t\t<h2 class=\"elementor-heading-title elementor-size-default\">Cognac<\/h2>\t\t\t\t<\/div>\n\t\t\t\t<\/div>\n\t\t\t\t<div class=\"elementor-element elementor-element-8550aba elementor-widget elementor-widget-text-editor\" data-id=\"8550aba\" data-element_type=\"widget\" data-e-type=\"widget\" data-widget_type=\"text-editor.default\">\n\t\t\t\t<div class=\"elementor-widget-container\">\n\t\t\t\t\t\t\t\t\t<table><tbody><tr><td>Cognac Leyrat VSOP.<\/td><td>8<\/td><\/tr><tr><td>Cognac Leyrat VS.<\/td><td>7<\/td><\/tr><tr><td>Delamain p\u00e2le et sec XO.<\/td><td>13<\/td><\/tr><\/tbody><\/table>\t\t\t\t\t\t\t\t<\/div>\n\t\t\t\t<\/div>\n\t\t\t\t<div class=\"elementor-element elementor-element-343fd75 elementor-widget elementor-widget-heading\" data-id=\"343fd75\" data-element_type=\"widget\" data-e-type=\"widget\" data-widget_type=\"heading.default\">\n\t\t\t\t<div class=\"elementor-widget-container\">\n\t\t\t\t\t<h2 class=\"elementor-heading-title elementor-size-default\">Calvados et Armagnac<\/h2>\t\t\t\t<\/div>\n\t\t\t\t<\/div>\n\t\t\t\t<div class=\"elementor-element elementor-element-2a933e1 elementor-widget elementor-widget-text-editor\" data-id=\"2a933e1\" data-element_type=\"widget\" data-e-type=\"widget\" data-widget_type=\"text-editor.default\">\n\t\t\t\t<div class=\"elementor-widget-container\">\n\t\t\t\t\t\t\t\t\t<table><tbody><tr><td>Christian Drouin Calvados VSOP.<\/td><td>9<\/td><\/tr><tr><td>Marie Buttau Armangac XO.<\/td><td>9<\/td><\/tr><\/tbody><\/table>\t\t\t\t\t\t\t\t<\/div>\n\t\t\t\t<\/div>\n\t\t\t\t<div class=\"elementor-element elementor-element-bfde56b elementor-widget elementor-widget-heading\" data-id=\"bfde56b\" data-element_type=\"widget\" data-e-type=\"widget\" data-widget_type=\"heading.default\">\n\t\t\t\t<div class=\"elementor-widget-container\">\n\t\t\t\t\t<h2 class=\"elementor-heading-title elementor-size-default\">Distill\u00e9<\/h2>\t\t\t\t<\/div>\n\t\t\t\t<\/div>\n\t\t\t\t<div class=\"elementor-element elementor-element-da0ef33 elementor-widget elementor-widget-text-editor\" data-id=\"da0ef33\" data-element_type=\"widget\" data-e-type=\"widget\" data-widget_type=\"text-editor.default\">\n\t\t\t\t<div class=\"elementor-widget-container\">\n\t\t\t\t\t\t\t\t\t<table><tbody><tr><td>Bacardi<\/td><td>5<\/td><\/tr><tr><td>La Havane 7 ans<\/td><td>7<\/td><\/tr><tr><td>Vodka<\/td><td>5<\/td><\/tr><tr><td>Tequila<\/td><td>5<\/td><\/tr><tr><td>Jeune gin<\/td><td>4<\/td><\/tr><tr><td>Vieux gin<\/td><td>4<\/td><\/tr><tr><td>Grappa<\/td><td>7<\/td><\/tr><\/tbody><\/table>\t\t\t\t\t\t\t\t<\/div>\n\t\t\t\t<\/div>\n\t\t\t\t<\/div>\n\t\t\t\t\t<\/div>\n\t\t\t\t<\/div>\n\t\t\t\t<\/div>","protected":false},"excerpt":{"rendered":"<p>Drankenkaart Frisdrank Coca Cola 3 Coca Cola zero 3 Fanta cassis 3 Orangina 4 Bitter lemon 3 Lipton Ice Tea 3 Lipton Ice Tea Green 3 Verse jus d&#8217;orange 5 Appelsap 3 Fever-tree Indian tonic 4 Mediterranean tonic 4 Clementine tonic 4 Elderflower tonic 4 Gingerbeer 4 Non alcoholic cocktail Crodino spritz 6 Mojito 0.0 [&hellip;]<\/p>\n","protected":false},"author":2,"featured_media":0,"parent":0,"menu_order":0,"comment_status":"closed","ping_status":"closed","template":"","meta":{"footnotes":""},"class_list":["post-4069","page","type-page","status-publish","hentry"],"_links":{"self":[{"href":"https:\/\/www.hoteltheroosevelt.com\/fr\/wp-json\/wp\/v2\/pages\/4069","targetHints":{"allow":["GET"]}}],"collection":[{"href":"https:\/\/www.hoteltheroosevelt.com\/fr\/wp-json\/wp\/v2\/pages"}],"about":[{"href":"https:\/\/www.hoteltheroosevelt.com\/fr\/wp-json\/wp\/v2\/types\/page"}],"author":[{"embeddable":true,"href":"https:\/\/www.hoteltheroosevelt.com\/fr\/wp-json\/wp\/v2\/users\/2"}],"replies":[{"embeddable":true,"href":"https:\/\/www.hoteltheroosevelt.com\/fr\/wp-json\/wp\/v2\/comments?post=4069"}],"version-history":[{"count":8,"href":"https:\/\/www.hoteltheroosevelt.com\/fr\/wp-json\/wp\/v2\/pages\/4069\/revisions"}],"predecessor-version":[{"id":4080,"href":"https:\/\/www.hoteltheroosevelt.com\/fr\/wp-json\/wp\/v2\/pages\/4069\/revisions\/4080"}],"wp:attachment":[{"href":"https:\/\/www.hoteltheroosevelt.com\/fr\/wp-json\/wp\/v2\/media?parent=4069"}],"curies":[{"name":"wp","href":"https:\/\/api.w.org\/{rel}","templated":true}]}}