{"id":450,"date":"2023-08-10T15:03:15","date_gmt":"2023-08-10T13:03:15","guid":{"rendered":"https:\/\/roosevelt.rexturbohosting.com\/?page_id=450"},"modified":"2026-02-02T11:28:58","modified_gmt":"2026-02-02T10:28:58","slug":"huisdieren","status":"publish","type":"page","link":"https:\/\/www.hoteltheroosevelt.com\/fr\/faciliteiten\/huisdieren\/","title":{"rendered":"Animaux domestiques"},"content":{"rendered":"<div data-elementor-type=\"wp-page\" data-elementor-id=\"450\" class=\"elementor elementor-450\" data-elementor-post-type=\"page\">\n\t\t\t\t\t\t<section class=\"elementor-section elementor-top-section elementor-element elementor-element-0da8208 elementor-section-content-middle elementor-section-boxed elementor-section-height-default elementor-section-height-default\" data-id=\"0da8208\" data-element_type=\"section\" data-e-type=\"section\">\n\t\t\t\t\t\t<div class=\"elementor-container elementor-column-gap-wide\">\n\t\t\t\t\t<div class=\"elementor-column elementor-col-50 elementor-top-column elementor-element elementor-element-d517e33\" data-id=\"d517e33\" data-element_type=\"column\" data-e-type=\"column\">\n\t\t\t<div class=\"elementor-widget-wrap elementor-element-populated\">\n\t\t\t\t\t\t<div class=\"elementor-element elementor-element-e054c3f elementor-widget elementor-widget-image\" data-id=\"e054c3f\" data-element_type=\"widget\" data-e-type=\"widget\" data-widget_type=\"image.default\">\n\t\t\t\t<div class=\"elementor-widget-container\">\n\t\t\t\t\t\t\t\t\t\t\t\t\t\t\t<img fetchpriority=\"high\" decoding=\"async\" width=\"800\" height=\"800\" src=\"https:\/\/www.hoteltheroosevelt.com\/wp-content\/uploads\/2023\/09\/hond-1024x1024.png\" class=\"attachment-large size-large wp-image-971\" alt=\"\" srcset=\"https:\/\/www.hoteltheroosevelt.com\/wp-content\/uploads\/2023\/09\/hond-1024x1024.png 1024w, https:\/\/www.hoteltheroosevelt.com\/wp-content\/uploads\/2023\/09\/hond-300x300.png 300w, https:\/\/www.hoteltheroosevelt.com\/wp-content\/uploads\/2023\/09\/hond-150x150.png 150w, https:\/\/www.hoteltheroosevelt.com\/wp-content\/uploads\/2023\/09\/hond-768x768.png 768w, https:\/\/www.hoteltheroosevelt.com\/wp-content\/uploads\/2023\/09\/hond-12x12.png 12w, https:\/\/www.hoteltheroosevelt.com\/wp-content\/uploads\/2023\/09\/hond.png 1080w\" sizes=\"(max-width: 800px) 100vw, 800px\" title=\"\">\t\t\t\t\t\t\t\t\t\t\t\t\t\t\t<\/div>\n\t\t\t\t<\/div>\n\t\t\t\t\t<\/div>\n\t\t<\/div>\n\t\t\t\t<div class=\"elementor-column elementor-col-50 elementor-top-column elementor-element elementor-element-b36ddd2\" data-id=\"b36ddd2\" data-element_type=\"column\" data-e-type=\"column\">\n\t\t\t<div class=\"elementor-widget-wrap elementor-element-populated\">\n\t\t\t\t\t\t<div class=\"elementor-element elementor-element-ca8cc28 elementor-widget elementor-widget-heading\" data-id=\"ca8cc28\" data-element_type=\"widget\" data-e-type=\"widget\" data-widget_type=\"heading.default\">\n\t\t\t\t<div class=\"elementor-widget-container\">\n\t\t\t\t\t<h1 class=\"elementor-heading-title elementor-size-default\">Animaux domestiques<\/h1>\t\t\t\t<\/div>\n\t\t\t\t<\/div>\n\t\t\t\t<div class=\"elementor-element elementor-element-bb523eb elementor-widget elementor-widget-text-editor\" data-id=\"bb523eb\" data-element_type=\"widget\" data-e-type=\"widget\" data-widget_type=\"text-editor.default\">\n\t\t\t\t<div class=\"elementor-widget-container\">\n\t\t\t\t\t\t\t\t\t<div id=\"sppb-addon-wrapper-1615470597470\" class=\"sppb-addon-wrapper\"><div id=\"sppb-addon-1615470597470\" class=\"clearfix\"><div class=\"sppb-addon sppb-addon-text-block\"><div class=\"sppb-addon-content\"><p class=\"sppb-addon-title\"><strong>Vous pouvez amener votre chien, mais gardez ceci \u00e0 l&#039;esprit\u00a0:<\/strong><br \/>Sp\u00e9cialement pour les amoureux des chiens, nous proposons l&#039;h\u00e9bergement d&#039;un petit compagnon. Cette option est disponible uniquement dans nos chambres avec parquet. Nous fournissons un panier, des gamelles et une petite friandise. Le tarif est de 25 \u20ac par nuit.<\/p><p><strong>Tenez compte des \u00e9l\u00e9ments suivants\u00a0:<\/strong><br \/>\u2013 Disponibilit\u00e9 uniquement apr\u00e8s demande \u00e0 l\u2019h\u00f4tel et apr\u00e8s accord de l\u2019h\u00f4tel ;<br \/>\u2013 \u00c9tant donn\u00e9 que nous avons une cuisine ouverte, les chiens ne sont pas admis dans le restaurant.<br \/>\u2013 Si votre chien aboie beaucoup ou provoque des nuisances, nous sommes en droit de lui refuser l&#039;acc\u00e8s.<br \/>Des frais de nettoyage suppl\u00e9mentaires seront factur\u00e9s.<\/p><p>Si vous avez des questions ou souhaitez demander un s\u00e9jour, veuillez appeler\u00a0: 0118-436360<\/p><\/div><\/div><\/div><\/div>\t\t\t\t\t\t\t\t<\/div>\n\t\t\t\t<\/div>\n\t\t\t\t\t<\/div>\n\t\t<\/div>\n\t\t\t\t\t<\/div>\n\t\t<\/section>\n\t\t\t\t<\/div>","protected":false},"excerpt":{"rendered":"<p>Huisdieren U kunt uw hond meenemen, maar houdt hier rekening mee:Speciaal voor hondenliefhebbers bestaat de mogelijkheid om een kleine hond mee te nemen. Dit kan alleen in onze kamers met houten vloer. Wij zorgen voor een hondenbed, voerbakjes en een kleine verrassing. Prijs \u20ac 25,00 per nacht. Houdt rekening met de volgende zaken:&#8211; Beschikbaarheid alleen [&hellip;]<\/p>\n","protected":false},"author":2,"featured_media":0,"parent":277,"menu_order":0,"comment_status":"closed","ping_status":"closed","template":"","meta":{"footnotes":""},"class_list":["post-450","page","type-page","status-publish","hentry"],"_links":{"self":[{"href":"https:\/\/www.hoteltheroosevelt.com\/fr\/wp-json\/wp\/v2\/pages\/450","targetHints":{"allow":["GET"]}}],"collection":[{"href":"https:\/\/www.hoteltheroosevelt.com\/fr\/wp-json\/wp\/v2\/pages"}],"about":[{"href":"https:\/\/www.hoteltheroosevelt.com\/fr\/wp-json\/wp\/v2\/types\/page"}],"author":[{"embeddable":true,"href":"https:\/\/www.hoteltheroosevelt.com\/fr\/wp-json\/wp\/v2\/users\/2"}],"replies":[{"embeddable":true,"href":"https:\/\/www.hoteltheroosevelt.com\/fr\/wp-json\/wp\/v2\/comments?post=450"}],"version-history":[{"count":28,"href":"https:\/\/www.hoteltheroosevelt.com\/fr\/wp-json\/wp\/v2\/pages\/450\/revisions"}],"predecessor-version":[{"id":3966,"href":"https:\/\/www.hoteltheroosevelt.com\/fr\/wp-json\/wp\/v2\/pages\/450\/revisions\/3966"}],"up":[{"embeddable":true,"href":"https:\/\/www.hoteltheroosevelt.com\/fr\/wp-json\/wp\/v2\/pages\/277"}],"wp:attachment":[{"href":"https:\/\/www.hoteltheroosevelt.com\/fr\/wp-json\/wp\/v2\/media?parent=450"}],"curies":[{"name":"wp","href":"https:\/\/api.w.org\/{rel}","templated":true}]}}