{"id":461,"date":"2023-08-10T15:05:36","date_gmt":"2023-08-10T13:05:36","guid":{"rendered":"https:\/\/roosevelt.rexturbohosting.com\/?page_id=461"},"modified":"2025-11-29T14:24:26","modified_gmt":"2025-11-29T13:24:26","slug":"parkeren","status":"publish","type":"page","link":"https:\/\/www.hoteltheroosevelt.com\/fr\/faciliteiten\/parkeren\/","title":{"rendered":"Parking"},"content":{"rendered":"<div data-elementor-type=\"wp-page\" data-elementor-id=\"461\" class=\"elementor elementor-461\" data-elementor-post-type=\"page\">\n\t\t\t\t\t\t<section class=\"elementor-section elementor-top-section elementor-element elementor-element-c57425a elementor-section-content-middle elementor-section-boxed elementor-section-height-default elementor-section-height-default\" data-id=\"c57425a\" data-element_type=\"section\" data-e-type=\"section\">\n\t\t\t\t\t\t<div class=\"elementor-container elementor-column-gap-wide\">\n\t\t\t\t\t<div class=\"elementor-column elementor-col-50 elementor-top-column elementor-element elementor-element-e0e37bf\" data-id=\"e0e37bf\" data-element_type=\"column\" data-e-type=\"column\">\n\t\t\t<div class=\"elementor-widget-wrap elementor-element-populated\">\n\t\t\t\t\t\t<div class=\"elementor-element elementor-element-498b2ad elementor-widget elementor-widget-image\" data-id=\"498b2ad\" data-element_type=\"widget\" data-e-type=\"widget\" data-widget_type=\"image.default\">\n\t\t\t\t<div class=\"elementor-widget-container\">\n\t\t\t\t\t\t\t\t\t\t\t\t\t\t\t<img fetchpriority=\"high\" decoding=\"async\" width=\"800\" height=\"600\" src=\"https:\/\/www.hoteltheroosevelt.com\/wp-content\/uploads\/2023\/09\/IMG_5059-1-1024x768.jpeg\" class=\"attachment-large size-large wp-image-807\" alt=\"\" srcset=\"https:\/\/www.hoteltheroosevelt.com\/wp-content\/uploads\/2023\/09\/IMG_5059-1-1024x768.jpeg 1024w, https:\/\/www.hoteltheroosevelt.com\/wp-content\/uploads\/2023\/09\/IMG_5059-1-300x225.jpeg 300w, https:\/\/www.hoteltheroosevelt.com\/wp-content\/uploads\/2023\/09\/IMG_5059-1-768x576.jpeg 768w, https:\/\/www.hoteltheroosevelt.com\/wp-content\/uploads\/2023\/09\/IMG_5059-1-1536x1152.jpeg 1536w, https:\/\/www.hoteltheroosevelt.com\/wp-content\/uploads\/2023\/09\/IMG_5059-1-2048x1536.jpeg 2048w, https:\/\/www.hoteltheroosevelt.com\/wp-content\/uploads\/2023\/09\/IMG_5059-1-16x12.jpeg 16w\" sizes=\"(max-width: 800px) 100vw, 800px\" title=\"\">\t\t\t\t\t\t\t\t\t\t\t\t\t\t\t<\/div>\n\t\t\t\t<\/div>\n\t\t\t\t\t<\/div>\n\t\t<\/div>\n\t\t\t\t<div class=\"elementor-column elementor-col-50 elementor-top-column elementor-element elementor-element-555b7a0\" data-id=\"555b7a0\" data-element_type=\"column\" data-e-type=\"column\">\n\t\t\t<div class=\"elementor-widget-wrap elementor-element-populated\">\n\t\t\t\t\t\t<div class=\"elementor-element elementor-element-5aee09c elementor-widget elementor-widget-heading\" data-id=\"5aee09c\" data-element_type=\"widget\" data-e-type=\"widget\" data-widget_type=\"heading.default\">\n\t\t\t\t<div class=\"elementor-widget-container\">\n\t\t\t\t\t<h1 class=\"elementor-heading-title elementor-size-default\">Parking<\/h1>\t\t\t\t<\/div>\n\t\t\t\t<\/div>\n\t\t\t\t<div class=\"elementor-element elementor-element-ec85fbd elementor-widget elementor-widget-text-editor\" data-id=\"ec85fbd\" data-element_type=\"widget\" data-e-type=\"widget\" data-widget_type=\"text-editor.default\">\n\t\t\t\t<div class=\"elementor-widget-container\">\n\t\t\t\t\t\t\t\t\t<p>\u00c0 votre arriv\u00e9e, vous pourrez vous garer et vous enregistrer juste devant notre porte. Nous disposons d&#039;un parking de courte dur\u00e9e r\u00e9serv\u00e9 \u00e0 cet effet. Plusieurs options s&#039;offrent \u00e0 vous\u00a0; nos h\u00f4tes se feront un plaisir de vous les pr\u00e9senter personnellement \u00e0 votre arriv\u00e9e.<\/p><p><strong>Parking devant l&#039;h\u00f4tel<br \/><\/strong>Le stationnement est payant dans tout le centre-ville de Middelburg de 8h00 \u00e0 20h00, sauf les dimanches et jours f\u00e9ri\u00e9s. Les deux premi\u00e8res heures co\u00fbtent 3 \u20ac par heure\u00a0; ensuite, le tarif est de 6 \u20ac par heure.<\/p><p data-start=\"305\" data-end=\"461\">Vous pouvez vous garer juste devant l&#039;h\u00f4tel, mais veuillez noter que le stationnement est payant. Le r\u00e8glement est strictement appliqu\u00e9 et une amende d&#039;au moins 60 \u20ac sera inflig\u00e9e.<\/p><p><strong>Parking surveill\u00e9<\/strong><br \/>Vous trouverez un parking surveill\u00e9 \u00e0 5 minutes \u00e0 pied de l&#039;h\u00f4tel. Vous pouvez vous garer ici vous-m\u00eame ou nous le faire faire pour vous (voiturier, en suppl\u00e9ment). Le co\u00fbt du stationnement dans le parking est de 11,30 \u20ac maximum par jour, mais il est gratuit les dimanches et jours f\u00e9ri\u00e9s. Vous n&#039;avez pas besoin de r\u00e9server \u00e0 l&#039;avance. Vous pouvez payer en quittant le parking. Il y a 4 bornes de recharge pour voitures \u00e9lectriques dans le garage.<br \/><br \/><strong>Service de voiturier<br \/><\/strong>Nous vous proposons un service de voiturier. Votre voiture sera ensuite gar\u00e9e par nos collaborateurs dans un parking s\u00e9curis\u00e9 24h\/24. L&#039;h\u00f4tel est assur\u00e9 pour tout dommage. Co\u00fbte 45 \u20ac par jour.<strong><br \/><\/strong><\/p>\t\t\t\t\t\t\t\t<\/div>\n\t\t\t\t<\/div>\n\t\t\t\t<div class=\"elementor-element elementor-element-7d6239a elementor-widget elementor-widget-button\" data-id=\"7d6239a\" data-element_type=\"widget\" data-e-type=\"widget\" data-widget_type=\"button.default\">\n\t\t\t\t<div class=\"elementor-widget-container\">\n\t\t\t\t\t\t\t\t\t<div class=\"elementor-button-wrapper\">\n\t\t\t\t\t<a class=\"elementor-button elementor-button-link elementor-size-md\" href=\"https:\/\/maps.app.goo.gl\/txJcjJe2TX72gyxb9\" target=\"_blank\" rel=\"noopener\">\n\t\t\t\t\t\t<span class=\"elementor-button-content-wrapper\">\n\t\t\t\t\t\t\t\t\t<span class=\"elementor-button-text\">Itin\u00e9raire vers le parking<\/span>\n\t\t\t\t\t<\/span>\n\t\t\t\t\t<\/a>\n\t\t\t\t<\/div>\n\t\t\t\t\t\t\t\t<\/div>\n\t\t\t\t<\/div>\n\t\t\t\t\t<\/div>\n\t\t<\/div>\n\t\t\t\t\t<\/div>\n\t\t<\/section>\n\t\t\t\t<section class=\"elementor-section elementor-top-section elementor-element elementor-element-0698cf9 elementor-section-content-middle elementor-section-boxed elementor-section-height-default elementor-section-height-default\" data-id=\"0698cf9\" data-element_type=\"section\" data-e-type=\"section\">\n\t\t\t\t\t\t<div class=\"elementor-container elementor-column-gap-wide\">\n\t\t\t\t\t<div class=\"elementor-column elementor-col-50 elementor-top-column elementor-element elementor-element-5f894b1\" data-id=\"5f894b1\" data-element_type=\"column\" data-e-type=\"column\">\n\t\t\t<div class=\"elementor-widget-wrap elementor-element-populated\">\n\t\t\t\t\t\t<div class=\"elementor-element elementor-element-36ac70a elementor-widget elementor-widget-heading\" data-id=\"36ac70a\" data-element_type=\"widget\" data-e-type=\"widget\" data-widget_type=\"heading.default\">\n\t\t\t\t<div class=\"elementor-widget-container\">\n\t\t\t\t\t<h2 class=\"elementor-heading-title elementor-size-default\">Parking gratuit<\/h2>\t\t\t\t<\/div>\n\t\t\t\t<\/div>\n\t\t\t\t<div class=\"elementor-element elementor-element-cd17590 elementor-widget elementor-widget-text-editor\" data-id=\"cd17590\" data-element_type=\"widget\" data-e-type=\"widget\" data-widget_type=\"text-editor.default\">\n\t\t\t\t<div class=\"elementor-widget-container\">\n\t\t\t\t\t\t\t\t\t<p>Vous pouvez \u00e9galement vous garer gratuitement \u00e0 environ 15 minutes \u00e0 pied de l&#039;h\u00f4tel.<br \/>Cependant, nous nous trouvons \u00e0 l&#039;ext\u00e9rieur de la ville, dans une zone industrielle non surveill\u00e9e, et nous ne le recommandons pas.<\/p><p>Avertissement\u00a0: Nous ne sommes en aucun cas responsables du stationnement de nos clients s&#039;ils le font eux-m\u00eames, cela rel\u00e8ve toujours de votre propre responsabilit\u00e9.<\/p><h2>Transport public<\/h2><p><span style=\"color: var( --e-global-color-text ); font-family: var( --e-global-typography-text-font-family ), Sans-serif; font-weight: var( --e-global-typography-text-font-weight );\">La gare de Middelburg se trouve \u00e0 700 m\u00e8tres \u00e0 pied. La gare routi\u00e8re se trouve \u00e9galement ici.<\/span><\/p><p>La gare NS dispose d&#039;une connexion interurbaine directe avec Rotterdam, La Haye, l&#039;a\u00e9roport d&#039;Amsterdam et la gare centrale d&#039;Amsterdam. Le train part toutes les demi-heures.<\/p>\t\t\t\t\t\t\t\t<\/div>\n\t\t\t\t<\/div>\n\t\t\t\t\t<\/div>\n\t\t<\/div>\n\t\t\t\t<div class=\"elementor-column elementor-col-50 elementor-top-column elementor-element elementor-element-c74066b\" data-id=\"c74066b\" data-element_type=\"column\" data-e-type=\"column\">\n\t\t\t<div class=\"elementor-widget-wrap elementor-element-populated\">\n\t\t\t\t\t\t<div class=\"elementor-element elementor-element-86dec8b elementor-widget elementor-widget-image\" data-id=\"86dec8b\" data-element_type=\"widget\" data-e-type=\"widget\" data-widget_type=\"image.default\">\n\t\t\t\t<div class=\"elementor-widget-container\">\n\t\t\t\t\t\t\t\t\t\t\t\t\t\t\t<img decoding=\"async\" width=\"800\" height=\"450\" src=\"https:\/\/www.hoteltheroosevelt.com\/wp-content\/uploads\/2023\/09\/NS-station-Middelburg-1024x576.jpeg\" class=\"attachment-large size-large wp-image-815\" alt=\"\" srcset=\"https:\/\/www.hoteltheroosevelt.com\/wp-content\/uploads\/2023\/09\/NS-station-Middelburg-1024x576.jpeg 1024w, https:\/\/www.hoteltheroosevelt.com\/wp-content\/uploads\/2023\/09\/NS-station-Middelburg-300x169.jpeg 300w, https:\/\/www.hoteltheroosevelt.com\/wp-content\/uploads\/2023\/09\/NS-station-Middelburg-768x432.jpeg 768w, https:\/\/www.hoteltheroosevelt.com\/wp-content\/uploads\/2023\/09\/NS-station-Middelburg-18x10.jpeg 18w, https:\/\/www.hoteltheroosevelt.com\/wp-content\/uploads\/2023\/09\/NS-station-Middelburg.jpeg 1200w\" sizes=\"(max-width: 800px) 100vw, 800px\" title=\"\">\t\t\t\t\t\t\t\t\t\t\t\t\t\t\t<\/div>\n\t\t\t\t<\/div>\n\t\t\t\t\t<\/div>\n\t\t<\/div>\n\t\t\t\t\t<\/div>\n\t\t<\/section>\n\t\t\t\t<\/div>","protected":false},"excerpt":{"rendered":"<p>Parkeren Als u aankomt kunt u bij ons voor de deur parkeren en inchecken. Hiervoor hebben wij een eigen parkeerplaats voor kort parkeren. Hierna zijn er verschillende mogelijkheden die onze gastvrouwen en\/of heren graag persoonlijk bij aankomst aan u uitleggen. Parkeren voor het hotelIn de gehele binnenstad van Middelburg geldt betaald parkeren van 08.00 tot [&hellip;]<\/p>\n","protected":false},"author":2,"featured_media":0,"parent":277,"menu_order":0,"comment_status":"closed","ping_status":"closed","template":"","meta":{"footnotes":""},"class_list":["post-461","page","type-page","status-publish","hentry"],"_links":{"self":[{"href":"https:\/\/www.hoteltheroosevelt.com\/fr\/wp-json\/wp\/v2\/pages\/461","targetHints":{"allow":["GET"]}}],"collection":[{"href":"https:\/\/www.hoteltheroosevelt.com\/fr\/wp-json\/wp\/v2\/pages"}],"about":[{"href":"https:\/\/www.hoteltheroosevelt.com\/fr\/wp-json\/wp\/v2\/types\/page"}],"author":[{"embeddable":true,"href":"https:\/\/www.hoteltheroosevelt.com\/fr\/wp-json\/wp\/v2\/users\/2"}],"replies":[{"embeddable":true,"href":"https:\/\/www.hoteltheroosevelt.com\/fr\/wp-json\/wp\/v2\/comments?post=461"}],"version-history":[{"count":40,"href":"https:\/\/www.hoteltheroosevelt.com\/fr\/wp-json\/wp\/v2\/pages\/461\/revisions"}],"predecessor-version":[{"id":3860,"href":"https:\/\/www.hoteltheroosevelt.com\/fr\/wp-json\/wp\/v2\/pages\/461\/revisions\/3860"}],"up":[{"embeddable":true,"href":"https:\/\/www.hoteltheroosevelt.com\/fr\/wp-json\/wp\/v2\/pages\/277"}],"wp:attachment":[{"href":"https:\/\/www.hoteltheroosevelt.com\/fr\/wp-json\/wp\/v2\/media?parent=461"}],"curies":[{"name":"wp","href":"https:\/\/api.w.org\/{rel}","templated":true}]}}