{"id":474,"date":"2023-08-10T15:48:07","date_gmt":"2023-08-10T13:48:07","guid":{"rendered":"https:\/\/roosevelt.rexturbohosting.com\/?page_id=474"},"modified":"2024-08-27T10:18:28","modified_gmt":"2024-08-27T08:18:28","slug":"vergaderen","status":"publish","type":"page","link":"https:\/\/www.hoteltheroosevelt.com\/fr\/zakelijk\/vergaderen\/","title":{"rendered":"R\u00e9unions"},"content":{"rendered":"<div data-elementor-type=\"wp-page\" data-elementor-id=\"474\" class=\"elementor elementor-474\" data-elementor-post-type=\"page\">\n\t\t\t\t\t\t<section class=\"elementor-section elementor-top-section elementor-element elementor-element-6defbc4 elementor-section-boxed elementor-section-height-default elementor-section-height-default\" data-id=\"6defbc4\" data-element_type=\"section\" data-e-type=\"section\">\n\t\t\t\t\t\t<div class=\"elementor-container elementor-column-gap-default\">\n\t\t\t\t\t<div class=\"elementor-column elementor-col-100 elementor-top-column elementor-element elementor-element-a4e2368\" data-id=\"a4e2368\" data-element_type=\"column\" data-e-type=\"column\">\n\t\t\t<div class=\"elementor-widget-wrap elementor-element-populated\">\n\t\t\t\t\t\t<div class=\"elementor-element elementor-element-1111bd9 elementor-widget elementor-widget-heading\" data-id=\"1111bd9\" data-element_type=\"widget\" data-e-type=\"widget\" data-widget_type=\"heading.default\">\n\t\t\t\t<div class=\"elementor-widget-container\">\n\t\t\t\t\t<h1 class=\"elementor-heading-title elementor-size-default\">R\u00e9unions<\/h1>\t\t\t\t<\/div>\n\t\t\t\t<\/div>\n\t\t\t\t\t<\/div>\n\t\t<\/div>\n\t\t\t\t\t<\/div>\n\t\t<\/section>\n\t\t\t\t<section class=\"elementor-section elementor-top-section elementor-element elementor-element-04e268b elementor-section-boxed elementor-section-height-default elementor-section-height-default\" data-id=\"04e268b\" data-element_type=\"section\" data-e-type=\"section\">\n\t\t\t\t\t\t<div class=\"elementor-container elementor-column-gap-default\">\n\t\t\t\t\t<div class=\"elementor-column elementor-col-100 elementor-top-column elementor-element elementor-element-cb99b2c\" data-id=\"cb99b2c\" data-element_type=\"column\" data-e-type=\"column\" data-settings=\"{&quot;background_background&quot;:&quot;classic&quot;}\">\n\t\t\t<div class=\"elementor-widget-wrap elementor-element-populated\">\n\t\t\t\t\t\t<div class=\"elementor-element elementor-element-37e1fe6 elementor-widget elementor-widget-text-editor\" data-id=\"37e1fe6\" data-element_type=\"widget\" data-e-type=\"widget\" data-widget_type=\"text-editor.default\">\n\t\t\t\t<div class=\"elementor-widget-container\">\n\t\t\t\t\t\t\t\t\t<p>Vous recherchez un lieu de r\u00e9union inspirant ? Boutique H\u00f4tel Le Roosevelt offre un environnement \u00e9l\u00e9gant et fonctionnel pour toutes vos r\u00e9unions d&#039;affaires. Nos installations modernes et notre mobilier \u00e9l\u00e9gant garantissent que votre r\u00e9union se d\u00e9roule efficacement et confortablement dans un cadre sp\u00e9cial. Continuez \u00e0 lire et d\u00e9couvrez pourquoi nous sommes l&#039;id\u00e9al <span style=\"font-weight: 400;\">lieu de r\u00e9union \u00e0 Middelburg !<\/span><\/p>\t\t\t\t\t\t\t\t<\/div>\n\t\t\t\t<\/div>\n\t\t\t\t\t<\/div>\n\t\t<\/div>\n\t\t\t\t\t<\/div>\n\t\t<\/section>\n\t\t\t\t<section class=\"elementor-section elementor-top-section elementor-element elementor-element-cd8fdc1 elementor-section-boxed elementor-section-height-default elementor-section-height-default\" data-id=\"cd8fdc1\" data-element_type=\"section\" data-e-type=\"section\">\n\t\t\t\t\t\t<div class=\"elementor-container elementor-column-gap-default\">\n\t\t\t\t\t<div class=\"elementor-column elementor-col-33 elementor-top-column elementor-element elementor-element-533b52c\" data-id=\"533b52c\" data-element_type=\"column\" data-e-type=\"column\" data-settings=\"{&quot;background_background&quot;:&quot;classic&quot;}\">\n\t\t\t<div class=\"elementor-widget-wrap elementor-element-populated\">\n\t\t\t\t\t\t<div class=\"elementor-element elementor-element-82c04c1 elementor-widget elementor-widget-image\" data-id=\"82c04c1\" data-element_type=\"widget\" data-e-type=\"widget\" data-widget_type=\"image.default\">\n\t\t\t\t<div class=\"elementor-widget-container\">\n\t\t\t\t\t\t\t\t\t\t\t\t\t\t\t\t<a href=\"\/fr\/meetings-events\/vergadermogelijkheden\/meeting-of-vergadering\/\">\n\t\t\t\t\t\t\t<img fetchpriority=\"high\" decoding=\"async\" width=\"768\" height=\"1024\" src=\"https:\/\/www.hoteltheroosevelt.com\/wp-content\/uploads\/2023\/11\/WhatsApp-Image-2023-11-27-at-15.06.13-1-768x1024.jpeg\" class=\"attachment-large size-large wp-image-2079\" alt=\"\" srcset=\"https:\/\/www.hoteltheroosevelt.com\/wp-content\/uploads\/2023\/11\/WhatsApp-Image-2023-11-27-at-15.06.13-1-768x1024.jpeg 768w, https:\/\/www.hoteltheroosevelt.com\/wp-content\/uploads\/2023\/11\/WhatsApp-Image-2023-11-27-at-15.06.13-1-225x300.jpeg 225w, https:\/\/www.hoteltheroosevelt.com\/wp-content\/uploads\/2023\/11\/WhatsApp-Image-2023-11-27-at-15.06.13-1-1152x1536.jpeg 1152w, https:\/\/www.hoteltheroosevelt.com\/wp-content\/uploads\/2023\/11\/WhatsApp-Image-2023-11-27-at-15.06.13-1-9x12.jpeg 9w, https:\/\/www.hoteltheroosevelt.com\/wp-content\/uploads\/2023\/11\/WhatsApp-Image-2023-11-27-at-15.06.13-1.jpeg 1536w\" sizes=\"(max-width: 768px) 100vw, 768px\" title=\"\">\t\t\t\t\t\t\t\t<\/a>\n\t\t\t\t\t\t\t\t\t\t\t\t\t\t\t<\/div>\n\t\t\t\t<\/div>\n\t\t\t\t<div class=\"elementor-element elementor-element-ce37605 elementor-widget elementor-widget-heading\" data-id=\"ce37605\" data-element_type=\"widget\" data-e-type=\"widget\" data-widget_type=\"heading.default\">\n\t\t\t\t<div class=\"elementor-widget-container\">\n\t\t\t\t\t<h3 class=\"elementor-heading-title elementor-size-default\">Le lieu des \u00e9v\u00e9nements d&#039;entreprise<\/h3>\t\t\t\t<\/div>\n\t\t\t\t<\/div>\n\t\t\t\t<div class=\"elementor-element elementor-element-5d1b6e1 elementor-widget elementor-widget-heading\" data-id=\"5d1b6e1\" data-element_type=\"widget\" data-e-type=\"widget\" data-widget_type=\"heading.default\">\n\t\t\t\t<div class=\"elementor-widget-container\">\n\t\t\t\t\t<h2 class=\"elementor-heading-title elementor-size-default\">R\u00e9union ou assembl\u00e9e<\/h2>\t\t\t\t<\/div>\n\t\t\t\t<\/div>\n\t\t\t\t\t<\/div>\n\t\t<\/div>\n\t\t\t\t<div class=\"elementor-column elementor-col-33 elementor-top-column elementor-element elementor-element-a32e7e1\" data-id=\"a32e7e1\" data-element_type=\"column\" data-e-type=\"column\" data-settings=\"{&quot;background_background&quot;:&quot;classic&quot;}\">\n\t\t\t<div class=\"elementor-widget-wrap elementor-element-populated\">\n\t\t\t\t\t\t<div class=\"elementor-element elementor-element-34b75a7 elementor-widget elementor-widget-image\" data-id=\"34b75a7\" data-element_type=\"widget\" data-e-type=\"widget\" data-widget_type=\"image.default\">\n\t\t\t\t<div class=\"elementor-widget-container\">\n\t\t\t\t\t\t\t\t\t\t\t\t\t\t\t\t<a href=\"\/fr\/meetings-events\/vergadermogelijkheden\/ruimtes-en-zalen\/\">\n\t\t\t\t\t\t\t<img decoding=\"async\" width=\"800\" height=\"600\" src=\"https:\/\/www.hoteltheroosevelt.com\/wp-content\/uploads\/2023\/11\/IMG_6238-1024x768.jpeg\" class=\"attachment-large size-large wp-image-2081\" alt=\"\" srcset=\"https:\/\/www.hoteltheroosevelt.com\/wp-content\/uploads\/2023\/11\/IMG_6238-1024x768.jpeg 1024w, https:\/\/www.hoteltheroosevelt.com\/wp-content\/uploads\/2023\/11\/IMG_6238-300x225.jpeg 300w, https:\/\/www.hoteltheroosevelt.com\/wp-content\/uploads\/2023\/11\/IMG_6238-768x576.jpeg 768w, https:\/\/www.hoteltheroosevelt.com\/wp-content\/uploads\/2023\/11\/IMG_6238-1536x1152.jpeg 1536w, https:\/\/www.hoteltheroosevelt.com\/wp-content\/uploads\/2023\/11\/IMG_6238-scaled.jpeg 2048w, https:\/\/www.hoteltheroosevelt.com\/wp-content\/uploads\/2023\/11\/IMG_6238-16x12.jpeg 16w\" sizes=\"(max-width: 800px) 100vw, 800px\" title=\"\">\t\t\t\t\t\t\t\t<\/a>\n\t\t\t\t\t\t\t\t\t\t\t\t\t\t\t<\/div>\n\t\t\t\t<\/div>\n\t\t\t\t<div class=\"elementor-element elementor-element-8d275bb elementor-widget elementor-widget-heading\" data-id=\"8d275bb\" data-element_type=\"widget\" data-e-type=\"widget\" data-widget_type=\"heading.default\">\n\t\t\t\t<div class=\"elementor-widget-container\">\n\t\t\t\t\t<h3 class=\"elementor-heading-title elementor-size-default\">Un ou plusieurs jours<\/h3>\t\t\t\t<\/div>\n\t\t\t\t<\/div>\n\t\t\t\t<div class=\"elementor-element elementor-element-92f437d elementor-widget elementor-widget-heading\" data-id=\"92f437d\" data-element_type=\"widget\" data-e-type=\"widget\" data-widget_type=\"heading.default\">\n\t\t\t\t<div class=\"elementor-widget-container\">\n\t\t\t\t\t<h2 class=\"elementor-heading-title elementor-size-default\">Chambres et couloirs<\/h2>\t\t\t\t<\/div>\n\t\t\t\t<\/div>\n\t\t\t\t\t<\/div>\n\t\t<\/div>\n\t\t\t\t<div class=\"elementor-column elementor-col-33 elementor-top-column elementor-element elementor-element-d33ef42\" data-id=\"d33ef42\" data-element_type=\"column\" data-e-type=\"column\" data-settings=\"{&quot;background_background&quot;:&quot;classic&quot;}\">\n\t\t\t<div class=\"elementor-widget-wrap elementor-element-populated\">\n\t\t\t\t\t\t<div class=\"elementor-element elementor-element-1bb071b elementor-widget elementor-widget-image\" data-id=\"1bb071b\" data-element_type=\"widget\" data-e-type=\"widget\" data-widget_type=\"image.default\">\n\t\t\t\t<div class=\"elementor-widget-container\">\n\t\t\t\t\t\t\t\t\t\t\t\t\t\t\t\t<a href=\"\/fr\/meetings-events\/vergadermogelijkheden\/teambuilding-in-middelburg\/\">\n\t\t\t\t\t\t\t<img decoding=\"async\" width=\"800\" height=\"800\" src=\"https:\/\/www.hoteltheroosevelt.com\/wp-content\/uploads\/2023\/10\/omgeving-1024x1024.png\" class=\"attachment-large size-large wp-image-1116\" alt=\"\" srcset=\"https:\/\/www.hoteltheroosevelt.com\/wp-content\/uploads\/2023\/10\/omgeving-1024x1024.png 1024w, https:\/\/www.hoteltheroosevelt.com\/wp-content\/uploads\/2023\/10\/omgeving-300x300.png 300w, https:\/\/www.hoteltheroosevelt.com\/wp-content\/uploads\/2023\/10\/omgeving-150x150.png 150w, https:\/\/www.hoteltheroosevelt.com\/wp-content\/uploads\/2023\/10\/omgeving-768x768.png 768w, https:\/\/www.hoteltheroosevelt.com\/wp-content\/uploads\/2023\/10\/omgeving-12x12.png 12w, https:\/\/www.hoteltheroosevelt.com\/wp-content\/uploads\/2023\/10\/omgeving.png 1080w\" sizes=\"(max-width: 800px) 100vw, 800px\" title=\"\">\t\t\t\t\t\t\t\t<\/a>\n\t\t\t\t\t\t\t\t\t\t\t\t\t\t\t<\/div>\n\t\t\t\t<\/div>\n\t\t\t\t<div class=\"elementor-element elementor-element-3fa8b2b elementor-widget elementor-widget-heading\" data-id=\"3fa8b2b\" data-element_type=\"widget\" data-e-type=\"widget\" data-widget_type=\"heading.default\">\n\t\t\t\t<div class=\"elementor-widget-container\">\n\t\t\t\t\t<h3 class=\"elementor-heading-title elementor-size-default\">Parfait pour votre team building<\/h3>\t\t\t\t<\/div>\n\t\t\t\t<\/div>\n\t\t\t\t<div class=\"elementor-element elementor-element-c80d1c5 elementor-widget elementor-widget-heading\" data-id=\"c80d1c5\" data-element_type=\"widget\" data-e-type=\"widget\" data-widget_type=\"heading.default\">\n\t\t\t\t<div class=\"elementor-widget-container\">\n\t\t\t\t\t<h2 class=\"elementor-heading-title elementor-size-default\">Team building \u00e0 Middelbourg<\/h2>\t\t\t\t<\/div>\n\t\t\t\t<\/div>\n\t\t\t\t\t<\/div>\n\t\t<\/div>\n\t\t\t\t\t<\/div>\n\t\t<\/section>\n\t\t\t\t<section class=\"elementor-section elementor-top-section elementor-element elementor-element-b4a1aea elementor-section-boxed elementor-section-height-default elementor-section-height-default\" data-id=\"b4a1aea\" data-element_type=\"section\" data-e-type=\"section\">\n\t\t\t\t\t\t\t<div class=\"elementor-background-overlay\"><\/div>\n\t\t\t\t\t\t\t<div class=\"elementor-container elementor-column-gap-default\">\n\t\t\t\t\t<div class=\"elementor-column elementor-col-100 elementor-top-column elementor-element elementor-element-a68424d\" data-id=\"a68424d\" data-element_type=\"column\" data-e-type=\"column\" data-settings=\"{&quot;background_background&quot;:&quot;classic&quot;}\">\n\t\t\t<div class=\"elementor-widget-wrap elementor-element-populated\">\n\t\t\t\t\t\t<div class=\"elementor-element elementor-element-96ae7b0 elementor-widget elementor-widget-text-editor\" data-id=\"96ae7b0\" data-element_type=\"widget\" data-e-type=\"widget\" data-widget_type=\"text-editor.default\">\n\t\t\t\t<div class=\"elementor-widget-container\">\n\t\t\t\t\t\t\t\t\t<h2>Salles de r\u00e9union sp\u00e9ciales<\/h2><p>Nos salles de r\u00e9union sont con\u00e7ues pour r\u00e9pondre \u00e0 une vari\u00e9t\u00e9 de besoins professionnels. Avec des \u00e9quipements modernes et un int\u00e9rieur raffin\u00e9, nous cr\u00e9ons une atmosph\u00e8re dans laquelle productivit\u00e9 et confort vont de pair. Que vous planifiiez une petite consultation ou une r\u00e9union plus importante, nous avons l&#039;espace qu&#039;il vous faut dans notre h\u00f4tel. Curieux de conna\u00eetre les options que nous proposons ? Soyez surpris par notre unique <a href=\"https:\/\/www.hoteltheroosevelt.com\/fr\/zakelijk\/ruimtes-en-zalen\/\">chambres et couloirs<\/a> pour les r\u00e9unions.<\/p><h2>Nos espaces et halls<\/h2><p>Au Boutique Hotel The Roosevelt, nous proposons divers <a href=\"https:\/\/www.hoteltheroosevelt.com\/fr\/meetings-events\/vergadermogelijkheden\/ruimtes-en-zalen\/\">chambres et couloirs<\/a> id\u00e9ales pour organiser des r\u00e9unions d&#039;affaires. Que vous planifiiez une s\u00e9ance de r\u00e9union intime ou une pr\u00e9sentation \u00e0 grande \u00e9chelle, nous avons l&#039;espace id\u00e9al pour vous. Nos salles de r\u00e9union peuvent accueillir de 6 \u00e0 400 personnes, vous pouvez donc rendre votre r\u00e9union aussi grande ou petite que vous le souhaitez.<\/p><ul><li><strong>Suite pr\u00e9sidentielle<\/strong>: la suite pr\u00e9sidentielle poss\u00e8de une belle hauteur sous plafond, un charmant parquet et des lustres particuliers. La salle peut accueillir de 6 \u00e0 24 personnes.<\/li><li><strong>Salles de r\u00e9union multifonctionnelles<\/strong>: \u00e0 c\u00f4t\u00e9 du b\u00e2timent de notre h\u00f4tel se trouvent 3 salles de r\u00e9union multifonctionnelles. Les salles ont un design moderne et disposent de tout le n\u00e9cessaire pour organiser des r\u00e9unions. Les salles offrent un espace pour 15 \u00e0 100 personnes ;<\/li><li><strong>H\u00f4tel de ville de Middelbourg<\/strong>: la mairie est un lieu de r\u00e9union privil\u00e9gi\u00e9 o\u00f9 vous pourrez vous r\u00e9unir dans un cadre unique gr\u00e2ce au Boutique H\u00f4tel The Roosevelt. Les salles offrent un espace pour 40 \u00e0 400 personnes.<\/li><\/ul><h2>Lieux de r\u00e9union avec h\u00e9bergement pour la nuit<\/h2><p>Pour une exp\u00e9rience encore plus compl\u00e8te, vous pouvez choisir nos lieux de r\u00e9union en combinaison avec une nuit\u00e9e. C&#039;est id\u00e9al pour les longues r\u00e9unions ou si votre r\u00e9union se prolonge tard dans la soir\u00e9e. Nous proposons un lieu de r\u00e9union unique avec h\u00e9bergement pour la nuit, afin que vous et votre \u00e9quipe puissiez rester avec style. Consultez nos options pour un lieu de r\u00e9union avec nuit\u00e9e.<\/p><h2>Forfaits personnalis\u00e9s<\/h2><p>Nous proposons diff\u00e9rents forfaits adapt\u00e9s \u00e0 vos options de r\u00e9union. Choisissez parmi des forfaits journ\u00e9e avec d\u00e9jeuner, avec d\u00e9jeuner et d\u00eener, ou avec d\u00e9jeuner, d\u00eener et nuit\u00e9e. Pour plus de d\u00e9tails sur notre <a href=\"https:\/\/www.hoteltheroosevelt.com\/fr\/arrangementen\/\">dispositions<\/a> et options, n&#039;h\u00e9sitez pas \u00e0 nous contacter.<\/p><h2>Service personnalis\u00e9 et hospitalit\u00e9<\/h2><p>Au Boutique Hotel The Roosevelt, nous attachons une grande importance \u00e0 une approche personnelle. D\u00e8s votre arriv\u00e9e, vous serez accueilli chaleureusement et professionnellement par nous. Notre h\u00f4tesse veille \u00e0 ce que tout se passe bien et vous pouvez compter sur un excellent service lors de votre \u00e9v\u00e9nement professionnel dans notre h\u00f4tel.<\/p><h2>R\u00e9union au Boutique H\u00f4tel The Roosevelt<\/h2><p>Avez-vous des questions sur nos lieux de r\u00e9union ou souhaitez-vous faire une r\u00e9servation directement au Boutique Hotel The Roosevelt ? Alors prends <a href=\"https:\/\/www.hoteltheroosevelt.com\/fr\/contact\/\">contact<\/a> contactez-nous et nous serons heureux de vous aider \u00e0 faire de votre r\u00e9union d&#039;affaires un succ\u00e8s dans l&#039;un de nos lieux de r\u00e9union inspirants \u00e0 Middelburg. Vous pouvez nous joindre par t\u00e9l\u00e9phone au num\u00e9ro <a href=\"tel: +31 118 436360\">+31 118 436360<\/a> ou par email \u00e0 <a href=\"mailto:info@hoteltheroosevelt.com\">info@hoteltheroosevelt.com<\/a>.<\/p>\t\t\t\t\t\t\t\t<\/div>\n\t\t\t\t<\/div>\n\t\t\t\t\t<\/div>\n\t\t<\/div>\n\t\t\t\t\t<\/div>\n\t\t<\/section>\n\t\t\t\t<\/div>","protected":false},"excerpt":{"rendered":"<p>Vergaderen Bent u op zoek naar een inspirerende vergaderlocatie? Boutique Hotel The Roosevelt biedt een elegante en functionele omgeving voor al uw zakelijke vergaderingen. Onze moderne faciliteiten en stijlvolle inrichting zorgen ervoor dat uw bijeenkomst effici\u00ebnt en comfortabel verloopt in een bijzondere setting. Lees verder en ontdek waarom wij de ideale vergaderlocatie in Middelburg zijn! [&hellip;]<\/p>\n","protected":false},"author":2,"featured_media":0,"parent":3110,"menu_order":0,"comment_status":"closed","ping_status":"closed","template":"","meta":{"footnotes":""},"class_list":["post-474","page","type-page","status-publish","hentry"],"_links":{"self":[{"href":"https:\/\/www.hoteltheroosevelt.com\/fr\/wp-json\/wp\/v2\/pages\/474","targetHints":{"allow":["GET"]}}],"collection":[{"href":"https:\/\/www.hoteltheroosevelt.com\/fr\/wp-json\/wp\/v2\/pages"}],"about":[{"href":"https:\/\/www.hoteltheroosevelt.com\/fr\/wp-json\/wp\/v2\/types\/page"}],"author":[{"embeddable":true,"href":"https:\/\/www.hoteltheroosevelt.com\/fr\/wp-json\/wp\/v2\/users\/2"}],"replies":[{"embeddable":true,"href":"https:\/\/www.hoteltheroosevelt.com\/fr\/wp-json\/wp\/v2\/comments?post=474"}],"version-history":[{"count":75,"href":"https:\/\/www.hoteltheroosevelt.com\/fr\/wp-json\/wp\/v2\/pages\/474\/revisions"}],"predecessor-version":[{"id":3282,"href":"https:\/\/www.hoteltheroosevelt.com\/fr\/wp-json\/wp\/v2\/pages\/474\/revisions\/3282"}],"up":[{"embeddable":true,"href":"https:\/\/www.hoteltheroosevelt.com\/fr\/wp-json\/wp\/v2\/pages\/3110"}],"wp:attachment":[{"href":"https:\/\/www.hoteltheroosevelt.com\/fr\/wp-json\/wp\/v2\/media?parent=474"}],"curies":[{"name":"wp","href":"https:\/\/api.w.org\/{rel}","templated":true}]}}