{"id":484,"date":"2023-08-10T16:00:37","date_gmt":"2023-08-10T14:00:37","guid":{"rendered":"https:\/\/roosevelt.rexturbohosting.com\/?page_id=484"},"modified":"2024-06-24T15:32:50","modified_gmt":"2024-06-24T13:32:50","slug":"private-dining","status":"publish","type":"page","link":"https:\/\/www.hoteltheroosevelt.com\/fr\/evenementen\/private-dining\/","title":{"rendered":"D\u00eener priv\u00e9"},"content":{"rendered":"<div data-elementor-type=\"wp-page\" data-elementor-id=\"484\" class=\"elementor elementor-484\" data-elementor-post-type=\"page\">\n\t\t\t\t\t\t<section class=\"elementor-section elementor-top-section elementor-element elementor-element-dec8bed elementor-section-content-middle elementor-section-boxed elementor-section-height-default elementor-section-height-default\" data-id=\"dec8bed\" data-element_type=\"section\" data-e-type=\"section\">\n\t\t\t\t\t\t<div class=\"elementor-container elementor-column-gap-wide\">\n\t\t\t\t\t<div class=\"elementor-column elementor-col-50 elementor-top-column elementor-element elementor-element-afd556c\" data-id=\"afd556c\" data-element_type=\"column\" data-e-type=\"column\">\n\t\t\t<div class=\"elementor-widget-wrap elementor-element-populated\">\n\t\t\t\t\t\t<div class=\"elementor-element elementor-element-81ec617 elementor-widget elementor-widget-image\" data-id=\"81ec617\" data-element_type=\"widget\" data-e-type=\"widget\" data-widget_type=\"image.default\">\n\t\t\t\t<div class=\"elementor-widget-container\">\n\t\t\t\t\t\t\t\t\t\t\t\t\t\t\t<img fetchpriority=\"high\" decoding=\"async\" width=\"1536\" height=\"1152\" src=\"https:\/\/www.hoteltheroosevelt.com\/wp-content\/uploads\/2024\/05\/WhatsApp-Image-2024-05-02-at-20.30.11-1536x1152.jpeg\" class=\"attachment-1536x1536 size-1536x1536 wp-image-2956\" alt=\"\" srcset=\"https:\/\/www.hoteltheroosevelt.com\/wp-content\/uploads\/2024\/05\/WhatsApp-Image-2024-05-02-at-20.30.11-1536x1152.jpeg 1536w, https:\/\/www.hoteltheroosevelt.com\/wp-content\/uploads\/2024\/05\/WhatsApp-Image-2024-05-02-at-20.30.11-300x225.jpeg 300w, https:\/\/www.hoteltheroosevelt.com\/wp-content\/uploads\/2024\/05\/WhatsApp-Image-2024-05-02-at-20.30.11-1024x768.jpeg 1024w, https:\/\/www.hoteltheroosevelt.com\/wp-content\/uploads\/2024\/05\/WhatsApp-Image-2024-05-02-at-20.30.11-768x576.jpeg 768w, https:\/\/www.hoteltheroosevelt.com\/wp-content\/uploads\/2024\/05\/WhatsApp-Image-2024-05-02-at-20.30.11-16x12.jpeg 16w, https:\/\/www.hoteltheroosevelt.com\/wp-content\/uploads\/2024\/05\/WhatsApp-Image-2024-05-02-at-20.30.11.jpeg 1600w\" sizes=\"(max-width: 1536px) 100vw, 1536px\" title=\"\">\t\t\t\t\t\t\t\t\t\t\t\t\t\t\t<\/div>\n\t\t\t\t<\/div>\n\t\t\t\t\t<\/div>\n\t\t<\/div>\n\t\t\t\t<div class=\"elementor-column elementor-col-50 elementor-top-column elementor-element elementor-element-6976dfe\" data-id=\"6976dfe\" data-element_type=\"column\" data-e-type=\"column\">\n\t\t\t<div class=\"elementor-widget-wrap elementor-element-populated\">\n\t\t\t\t\t\t<div class=\"elementor-element elementor-element-a9b2250 elementor-widget elementor-widget-heading\" data-id=\"a9b2250\" data-element_type=\"widget\" data-e-type=\"widget\" data-widget_type=\"heading.default\">\n\t\t\t\t<div class=\"elementor-widget-container\">\n\t\t\t\t\t<h1 class=\"elementor-heading-title elementor-size-default\">D\u00eener priv\u00e9 pour des groupes jusqu&#039;\u00e0 20 personnes <\/h1>\t\t\t\t<\/div>\n\t\t\t\t<\/div>\n\t\t\t\t<div class=\"elementor-element elementor-element-50d8767 elementor-widget elementor-widget-text-editor\" data-id=\"50d8767\" data-element_type=\"widget\" data-e-type=\"widget\" data-widget_type=\"text-editor.default\">\n\t\t\t\t<div class=\"elementor-widget-container\">\n\t\t\t\t\t\t\t\t\t<p><strong>L&#039;intimit\u00e9 de cette suite sp\u00e9ciale combin\u00e9e \u00e0 la commodit\u00e9 d&#039;un restaurant. C&#039;est ce que vous propose un d\u00eener priv\u00e9 dans la Suite Pr\u00e9sidentielle.<\/strong><\/p><p>La suite peut accueillir jusqu&#039;\u00e0 20 personnes et offre l&#039;ambiance id\u00e9ale pour un d\u00eener priv\u00e9 ou d&#039;affaires au calme. La Suite Pr\u00e9sidentielle est \u00e9galement le joyau de notre h\u00f4tel. Avec plus de 55 m2, une hauteur sous plafond de 8 m\u00e8tres, un beau parquet, des lustres sp\u00e9ciaux et un int\u00e9rieur riche, il peut \u00eatre d\u00e9crit comme le chic des ann\u00e9es 50.<\/p><p>On pense souvent \u00e0 tort que les d\u00eeners priv\u00e9s sont r\u00e9serv\u00e9s aux \u00ab riches et c\u00e9l\u00e8bres \u00bb. Rien n&#039;est moins vrai. Notre Suite Pr\u00e9sidentielle est disponible pour tout groupe pouvant accueillir jusqu&#039;\u00e0 20 personnes.<\/p><p>En concertation avec vous, nous organiserons un d\u00eener sp\u00e9cial qui r\u00e9pond \u00e0 vos souhaits.<\/p><p>Vous pouvez effectuer une r\u00e9servation par t\u00e9l\u00e9phone au 0118 \u2013 436 360 ou par e-mail <a href=\"mailto:info@hoteltheroosevelt.nl\">info@hoteltheroosevelt.nl<\/a><\/p>\t\t\t\t\t\t\t\t<\/div>\n\t\t\t\t<\/div>\n\t\t\t\t\t<\/div>\n\t\t<\/div>\n\t\t\t\t\t<\/div>\n\t\t<\/section>\n\t\t\t\t<\/div>","protected":false},"excerpt":{"rendered":"<p>Priv\u00e9-dineren voor gezelschappen tot 20 personen De privacy van deze bijzondere suite gecombineerd met het gemak van een restaurant. Dat is wat private dining in de Presidential Suite u biedt. De suite biedt plaats aan maximaal 20 personen en biedt d\u00e9 perfecte ambiance voor een rustig priv\u00e9 of zakelijk diner. De Presidential Suite is tevens [&hellip;]<\/p>\n","protected":false},"author":2,"featured_media":0,"parent":273,"menu_order":0,"comment_status":"closed","ping_status":"closed","template":"","meta":{"footnotes":""},"class_list":["post-484","page","type-page","status-publish","hentry"],"_links":{"self":[{"href":"https:\/\/www.hoteltheroosevelt.com\/fr\/wp-json\/wp\/v2\/pages\/484","targetHints":{"allow":["GET"]}}],"collection":[{"href":"https:\/\/www.hoteltheroosevelt.com\/fr\/wp-json\/wp\/v2\/pages"}],"about":[{"href":"https:\/\/www.hoteltheroosevelt.com\/fr\/wp-json\/wp\/v2\/types\/page"}],"author":[{"embeddable":true,"href":"https:\/\/www.hoteltheroosevelt.com\/fr\/wp-json\/wp\/v2\/users\/2"}],"replies":[{"embeddable":true,"href":"https:\/\/www.hoteltheroosevelt.com\/fr\/wp-json\/wp\/v2\/comments?post=484"}],"version-history":[{"count":19,"href":"https:\/\/www.hoteltheroosevelt.com\/fr\/wp-json\/wp\/v2\/pages\/484\/revisions"}],"predecessor-version":[{"id":2962,"href":"https:\/\/www.hoteltheroosevelt.com\/fr\/wp-json\/wp\/v2\/pages\/484\/revisions\/2962"}],"up":[{"embeddable":true,"href":"https:\/\/www.hoteltheroosevelt.com\/fr\/wp-json\/wp\/v2\/pages\/273"}],"wp:attachment":[{"href":"https:\/\/www.hoteltheroosevelt.com\/fr\/wp-json\/wp\/v2\/media?parent=484"}],"curies":[{"name":"wp","href":"https:\/\/api.w.org\/{rel}","templated":true}]}}